{"id":520,"date":"2020-11-30T20:58:38","date_gmt":"2020-11-30T19:58:38","guid":{"rendered":"https:\/\/polesantesaintdie.fr\/?page_id=520"},"modified":"2021-01-07T22:21:52","modified_gmt":"2021-01-07T21:21:52","slug":"mentions-legales","status":"publish","type":"page","link":"https:\/\/polesantesaintdie.fr\/?page_id=520","title":{"rendered":"Mentions l\u00e9gales"},"content":{"rendered":"\t\t<div data-elementor-type=\"wp-page\" data-elementor-id=\"520\" class=\"elementor elementor-520\">\n\t\t\t\t\t\t<div class=\"elementor-inner\">\n\t\t\t\t<div class=\"elementor-section-wrap\">\n\t\t\t\t\t\t\t\t\t<section class=\"elementor-section elementor-top-section elementor-element elementor-element-2008b67 elementor-section-boxed elementor-section-height-default elementor-section-height-default\" data-id=\"2008b67\" data-element_type=\"section\">\n\t\t\t\t\t\t<div class=\"elementor-container elementor-column-gap-default\">\n\t\t\t\t\t\t\t<div class=\"elementor-row\">\n\t\t\t\t\t<div class=\"elementor-column elementor-col-100 elementor-top-column elementor-element elementor-element-fd314dc\" data-id=\"fd314dc\" data-element_type=\"column\">\n\t\t\t<div class=\"elementor-column-wrap elementor-element-populated\">\n\t\t\t\t\t\t\t<div class=\"elementor-widget-wrap\">\n\t\t\t\t\t\t<div class=\"elementor-element elementor-element-3070a5d elementor-widget elementor-widget-text-editor\" data-id=\"3070a5d\" data-element_type=\"widget\" data-widget_type=\"text-editor.default\">\n\t\t\t\t<div class=\"elementor-widget-container\">\n\t\t\t\t\t\t\t\t<div class=\"elementor-text-editor elementor-clearfix\">\n\t\t\t\t<p style=\"border: 0px; font-size: 21px; vertical-align: baseline; margin: 2rem 0px 0px; padding: 0px; backface-visibility: hidden; font-family: brandon-grotesque, sans-serif; background-color: #f5f5f5; color: #b51a00;\"><span style=\"border: 0px; vertical-align: baseline; margin: 0px; padding: 0px; color: #000000;\"><b style=\"border: 0px; vertical-align: baseline; margin: 0px; padding: 0px;\">Editeur du Site :<\/b><\/span><\/p>\n<p style=\"border: 0px; font-size: 21px; vertical-align: baseline; margin: 2rem 0px 0px; padding: 0px; backface-visibility: hidden; color: #222222; font-family: brandon-grotesque, sans-serif; background-color: #f5f5f5;\">Responsable \u00e9ditorial : Mr ADRIEN SPECTY<\/p>\n<p style=\"border: 0px; font-size: 21px; vertical-align: baseline; margin: 2rem 0px 0px; padding: 0px; backface-visibility: hidden; color: #222222; font-family: brandon-grotesque, sans-serif; background-color: #f5f5f5;\">1 Rue le Corbusier, 88100 Saint-Di\u00e9-des-Vosges<\/p>\n<p style=\"border: 0px; font-size: 21px; vertical-align: baseline; margin: 2rem 0px 0px; padding: 0px; backface-visibility: hidden; color: #222222; font-family: brandon-grotesque, sans-serif; background-color: #f5f5f5;\">Email : polesante.bienetre.saintdie@gmail.com<\/p>\n<p style=\"border: 0px; font-size: 21px; vertical-align: baseline; margin: 2rem 0px 0px; padding: 0px; backface-visibility: hidden; color: #222222; font-family: brandon-grotesque, sans-serif; background-color: #f5f5f5;\">Site Web : <a href=\"https:\/\/polesantesaintdie.fr\/\">polesantesaintdie.fr<\/a><\/p>\n<p style=\"border: 0px; font-size: 21px; vertical-align: baseline; margin: 2rem 0px 0px; padding: 0px; backface-visibility: hidden; font-family: brandon-grotesque, sans-serif; background-color: #f5f5f5; color: #b51a00;\"><b style=\"border: 0px; vertical-align: baseline; margin: 0px; padding: 0px;\"><span style=\"border: 0px; vertical-align: baseline; margin: 0px; padding: 0px; color: #000000;\">H\u00e9bergement :<\/span><\/b><\/p>\n<p style=\"border: 0px; font-size: 21px; vertical-align: baseline; margin: 2rem 0px 0px; padding: 0px; backface-visibility: hidden; color: #222222; font-family: brandon-grotesque, sans-serif; background-color: #f5f5f5;\">H\u00e9bergeur : OVH<br>2 rue Kellermann &#8211; 59100 Roubaix<\/p>\n<p style=\"border: 0px; font-size: 21px; vertical-align: baseline; margin: 2rem 0px 0px; padding: 0px; backface-visibility: hidden; color: #222222; font-family: brandon-grotesque, sans-serif; background-color: #f5f5f5;\"><span style=\"border: 0px; vertical-align: baseline; margin: 0px; padding: 0px; color: #000000;\"><b style=\"border: 0px; vertical-align: baseline; margin: 0px; padding: 0px;\">D\u00e9veloppement<\/b><b style=\"border: 0px; vertical-align: baseline; margin: 0px; padding: 0px;\">&nbsp;:<\/b><\/span><\/p>\n<p style=\"border: 0px; font-size: 21px; vertical-align: baseline; margin: 2rem 0px 0px; padding: 0px; backface-visibility: hidden; color: #222222; font-family: brandon-grotesque, sans-serif; background-color: #f5f5f5;\">polesantesaintdie.fr<\/p>\n<p style=\"border: 0px; font-size: 21px; vertical-align: baseline; margin: 2rem 0px 0px; padding: 0px; backface-visibility: hidden; color: #222222; font-family: brandon-grotesque, sans-serif; background-color: #f5f5f5;\">Adresse : 1 Rue le Corbusier, 88100 Saint-Di\u00e9-des-Vosges<\/p>\n<p style=\"border: 0px; font-size: 21px; vertical-align: baseline; margin: 2rem 0px 0px; padding: 0px; backface-visibility: hidden; color: #222222; font-family: brandon-grotesque, sans-serif; background-color: #f5f5f5;\">Site Web : <a href=\"https:\/\/polesantesaintdie.fr\/\">polesantesaintdie.fr<\/a><\/p>\n<p style=\"border: 0px; font-size: 21px; vertical-align: baseline; margin: 2rem 0px 0px; padding: 0px; backface-visibility: hidden; font-family: brandon-grotesque, sans-serif; background-color: #f5f5f5; color: #b51a00;\"><span style=\"border: 0px; vertical-align: baseline; margin: 0px; padding: 0px; color: #000000;\"><b style=\"border: 0px; vertical-align: baseline; margin: 0px; padding: 0px;\">Conditions d\u2019utilisation :<\/b><\/span><\/p>\n<p style=\"border: 0px; font-size: 21px; vertical-align: baseline; margin: 2rem 0px 0px; padding: 0px; backface-visibility: hidden; color: #222222; font-family: brandon-grotesque, sans-serif; background-color: #f5f5f5;\">Ce site (<a href=\"https:\/\/polesantesaintdie.fr\/\">polesantesaintdie.fr<\/a>) est propos\u00e9 en diff\u00e9rents langages web (HTML, HTML5, Javascript, CSS, etc\u2026) pour un meilleur confort d\u2019utilisation et un graphisme plus agr\u00e9able, nous vous recommandons de recourir \u00e0 des navigateurs modernes comme Edge, Safari, Firefox, Google Chrome, etc\u2026<\/p>\n<p style=\"border: 0px; font-size: 21px; vertical-align: baseline; margin: 2rem 0px 0px; padding: 0px; backface-visibility: hidden; color: #222222; font-family: brandon-grotesque, sans-serif; background-color: #f5f5f5;\"><span style=\"border: 0px; vertical-align: baseline; margin: 0px; padding: 0px; color: #323333;\"><b style=\"border: 0px; vertical-align: baseline; margin: 0px; padding: 0px;\"><a href=\"https:\/\/polesantesaintdie.fr\/\">polesantesaintdie.fr<\/a> <\/b><\/span>met en \u0153uvre tous les moyens dont elle dispose, pour assurer une information fiable et une mise \u00e0 jour fiable de son site internet. Toutefois, des erreurs ou omissions peuvent survenir. L\u2019internaute devra donc s\u2019assurer de l\u2019exactitude des informations aupr\u00e8s de <span style=\"border: 0px; vertical-align: baseline; margin: 0px; padding: 0px; color: #323333;\"><b style=\"border: 0px; vertical-align: baseline; margin: 0px; padding: 0px;\"><a href=\"https:\/\/polesantesaintdie.fr\/\">polesantesaintdie.fr<\/a><\/b><\/span>, et signaler toutes modifications du site qu\u2019il jugerait utile.&nbsp;<span style=\"font-weight: 700; color: rgb(50, 51, 51); border: 0px; vertical-align: baseline; margin: 0px; padding: 0px;\"><a href=\"https:\/\/polesantesaintdie.fr\/\">polesantesaintdie.fr<\/a>&nbsp;<\/span><span style=\"color: rgb(50, 51, 51); border: 0px; vertical-align: baseline; margin: 0px; padding: 0px;\">n<\/span>\u2019est en aucun cas responsable de l\u2019utilisation faite de ces informations, et de tout pr\u00e9judice direct ou indirect pouvant en d\u00e9couler.<\/p>\n<p style=\"border: 0px; font-size: 21px; vertical-align: baseline; margin: 2rem 0px 0px; padding: 0px; backface-visibility: hidden; color: #222222; font-family: brandon-grotesque, sans-serif; background-color: #f5f5f5;\"><b style=\"border: 0px; vertical-align: baseline; margin: 0px; padding: 0px;\">Cookies<\/b> : Le site <span style=\"border: 0px; vertical-align: baseline; margin: 0px; padding: 0px; color: #323333;\"><b style=\"border: 0px; vertical-align: baseline; margin: 0px; padding: 0px;\"><a href=\"https:\/\/polesantesaintdie.fr\/\">polesantesaintdie.fr<\/a><\/b><\/span> peut-\u00eatre amen\u00e9 \u00e0 vous demander l\u2019acceptation des cookies pour des besoins de statistiques et d\u2019affichage. Un cookies est une information d\u00e9pos\u00e9e sur votre disque dur par le serveur du site que vous visitez. Il contient plusieurs donn\u00e9es qui sont stock\u00e9es sur votre ordinateur dans un simple fichier texte auquel un serveur acc\u00e8de pour lire et enregistrer des informations . Certaines parties de ce site ne peuvent \u00eatre fonctionnelles sans l\u2019acceptation de cookies.<\/p>\n<p style=\"border: 0px; font-size: 21px; vertical-align: baseline; margin: 2rem 0px 0px; padding: 0px; backface-visibility: hidden; color: #222222; font-family: brandon-grotesque, sans-serif; background-color: #f5f5f5;\">Les utilisateurs et les visiteurs de se site internet ne peuvent pas mettre en place un hyperlien en direction de ce site sans l\u2019autorisation expresse et pr\u00e9alable de <span style=\"border: 0px; vertical-align: baseline; margin: 0px; padding: 0px; color: #323333;\"><b style=\"border: 0px; vertical-align: baseline; margin: 0px; padding: 0px;\"><a href=\"https:\/\/polesantesaintdie.fr\/\">polesantesaintdie.fr<\/a><\/b><\/span>.<\/p>\n<p style=\"border: 0px; font-size: 21px; vertical-align: baseline; margin: 2rem 0px 0px; padding: 0px; backface-visibility: hidden; color: #222222; font-family: brandon-grotesque, sans-serif; background-color: #f5f5f5;\">Dans l\u2019hypoth\u00e8se o\u00f9 un utilisateur ou visiteur souhaiterait mettre en place un hyperlien en direction d\u2019un des sites internet de <span style=\"border: 0px; vertical-align: baseline; margin: 0px; padding: 0px; color: #323333;\"><b style=\"border: 0px; vertical-align: baseline; margin: 0px; padding: 0px;\"><a href=\"https:\/\/polesantesaintdie.fr\/\">polesantesaintdie.fr<\/a><\/b><\/span>, il lui appartiendra d\u2019adresser un email accessible sur le site afin de formuler sa demande de mise en place d\u2019un hyperlien. <span style=\"border: 0px; vertical-align: baseline; margin: 0px; padding: 0px; color: #323333;\"><b style=\"border: 0px; vertical-align: baseline; margin: 0px; padding: 0px;\"><a href=\"https:\/\/polesantesaintdie.fr\/\">polesantesaintdie.fr<\/a><\/b><\/span> se r\u00e9serve le droit d\u2019accepter ou de refuser un hyperlien sans avoir \u00e0 en justifier sa d\u00e9cision.<\/p>\n<p style=\"border: 0px; font-size: 21px; vertical-align: baseline; margin: 2rem 0px 0px; padding: 0px; backface-visibility: hidden; font-family: brandon-grotesque, sans-serif; background-color: #f5f5f5; color: #b51a00;\"><span style=\"border: 0px; vertical-align: baseline; margin: 0px; padding: 0px; color: #000000;\"><b style=\"border: 0px; vertical-align: baseline; margin: 0px; padding: 0px;\">Services fournis :<\/b><\/span><\/p>\n<p style=\"border: 0px; font-size: 21px; vertical-align: baseline; margin: 2rem 0px 0px; padding: 0px; backface-visibility: hidden; font-family: brandon-grotesque, sans-serif; background-color: #f5f5f5; color: #323333;\">L\u2019ensemble des activit\u00e9s de la soci\u00e9t\u00e9 ainsi que ses informations sont pr\u00e9sent\u00e9s sur notre site <span style=\"border: 0px; vertical-align: baseline; margin: 0px; padding: 0px; color: #323333;\"><b style=\"border: 0px; vertical-align: baseline; margin: 0px; padding: 0px;\"><a href=\"https:\/\/polesantesaintdie.fr\/\">polesantesaintdie.fr<\/a><\/b><\/span>.<\/p>\n<p style=\"border: 0px; font-size: 21px; vertical-align: baseline; margin: 2rem 0px 0px; padding: 0px; backface-visibility: hidden; font-family: brandon-grotesque, sans-serif; background-color: #f5f5f5; color: #323333;\"><b style=\"border: 0px; vertical-align: baseline; margin: 0px; padding: 0px;\">Limitation contractuelles sur les donn\u00e9es :<\/b><\/p>\n<p style=\"border: 0px; font-size: 21px; vertical-align: baseline; margin: 2rem 0px 0px; padding: 0px; backface-visibility: hidden; color: #222222; font-family: brandon-grotesque, sans-serif; background-color: #f5f5f5;\">Les informations contenues sur ce site sont aussi pr\u00e9cises que possible et le site remis \u00e0 jour \u00e0 diff\u00e9rentes p\u00e9riodes de l\u2019ann\u00e9e, mais peut toutefois contenir des inexactitudes ou des omissions. Si vous constatez une lacune, erreur ou ce qui parait \u00eatre un dysfonctionnement, merci de bien vouloir le signaler par email, \u00e0 l\u2019adresse contact@polesantesaintdie.fr, en d\u00e9crivant le probl\u00e8me de la mani\u00e8re la plus pr\u00e9cise possible (page posant probl\u00e8me, type d\u2019ordinateur et de navigateur utilis\u00e9, \u2026).<\/p>\n<p style=\"border: 0px; font-size: 21px; vertical-align: baseline; margin: 2rem 0px 0px; padding: 0px; backface-visibility: hidden; color: #222222; font-family: brandon-grotesque, sans-serif; background-color: #f5f5f5;\"><span style=\"border: 0px; vertical-align: baseline; margin: 0px; padding: 0px; color: #323333;\">L\u2019utilisateur du site s\u2019engage \u00e0 acc\u00e9der au site en utilisant un mat\u00e9riel r\u00e9cent, ne contenant pas de virus et avec un navigateur de derni\u00e8re g\u00e9n\u00e9ration mis-\u00e0-jour.<\/span><\/p>\n<p style=\"border: 0px; font-size: 21px; vertical-align: baseline; margin: 2rem 0px 0px; padding: 0px; backface-visibility: hidden; font-family: brandon-grotesque, sans-serif; background-color: #f5f5f5; color: #b51a00;\"><span style=\"border: 0px; vertical-align: baseline; margin: 0px; padding: 0px; color: #000000;\"><b style=\"border: 0px; vertical-align: baseline; margin: 0px; padding: 0px;\">Propri\u00e9t\u00e9 intellectuelle :<\/b><\/span><\/p>\n<p style=\"border: 0px; font-size: 21px; vertical-align: baseline; margin: 2rem 0px 0px; padding: 0px; backface-visibility: hidden; color: #222222; font-family: brandon-grotesque, sans-serif; background-color: #f5f5f5;\">Tout le contenu du pr\u00e9sent site <span style=\"border: 0px; vertical-align: baseline; margin: 0px; padding: 0px; color: #323333;\"><b style=\"border: 0px; vertical-align: baseline; margin: 0px; padding: 0px;\"><a href=\"https:\/\/polesantesaintdie.fr\/\">polesantesaintdie.fr<\/a><\/b><\/span>, incluant, de fa\u00e7on non limitative, les graphismes, images, textes, vid\u00e9os, animations, sons, logos, gifs et ic\u00f4nes ainsi que leur mise en forme sont la propri\u00e9t\u00e9 exclusive de la soci\u00e9t\u00e9 \u00e0 l\u2019exception des marques, logos ou contenus appartenant \u00e0 d\u2019autres soci\u00e9t\u00e9s partenaires ou auteurs.<\/p>\n<p style=\"border: 0px; font-size: 21px; vertical-align: baseline; margin: 2rem 0px 0px; padding: 0px; backface-visibility: hidden; color: #222222; font-family: brandon-grotesque, sans-serif; background-color: #f5f5f5;\">Toute reproduction, distribution, modification, adaptation, retransmission ou publication, m\u00eame partielle, de ces diff\u00e9rents \u00e9l\u00e9ments est strictement interdite sans l\u2019accord expr\u00e8s par \u00e9crit de <span style=\"border: 0px; vertical-align: baseline; margin: 0px; padding: 0px; color: #323333;\"><b style=\"border: 0px; vertical-align: baseline; margin: 0px; padding: 0px;\"><a href=\"https:\/\/polesantesaintdie.fr\/\">polesantesaintdie.fr<\/a><\/b><\/span>. Cette repr\u00e9sentation ou reproduction, par quelque proc\u00e9d\u00e9 que ce soit, constitue une contrefa\u00e7on sanctionn\u00e9e par les articles L.335-2 et suivants du Code de la propri\u00e9t\u00e9 intellectuelle. Le non-respect de cette interdiction constitue une contrefa\u00e7on pouvant engager la responsabilit\u00e9 civile et p\u00e9nale du contrefacteur. En outre, les propri\u00e9taires des Contenus copi\u00e9s pourraient intenter une action en justice \u00e0 votre encontre.<\/p>\n<p style=\"border: 0px; font-size: 21px; vertical-align: baseline; margin: 2rem 0px 0px; padding: 0px; backface-visibility: hidden; font-family: brandon-grotesque, sans-serif; background-color: #f5f5f5; color: #b51a00;\"><span style=\"border: 0px; vertical-align: baseline; margin: 0px; padding: 0px; color: #000000;\"><b style=\"border: 0px; vertical-align: baseline; margin: 0px; padding: 0px;\">Litiges :<\/b><\/span><\/p>\n<p style=\"border: 0px; font-size: 21px; vertical-align: baseline; margin: 2rem 0px 0px; padding: 0px; backface-visibility: hidden; color: #222222; font-family: brandon-grotesque, sans-serif; background-color: #f5f5f5;\">Les pr\u00e9sentes conditions du site <span style=\"border: 0px; vertical-align: baseline; margin: 0px; padding: 0px; color: #323333;\"><b style=\"border: 0px; vertical-align: baseline; margin: 0px; padding: 0px;\"><a href=\"https:\/\/polesantesaintdie.fr\/\">polesantesaintdie.fr<\/a><\/b><\/span> sont r\u00e9gies par les lois fran\u00e7aises et toute contestation ou litiges qui pourraient na\u00eetre de l\u2019interpr\u00e9tation ou de l\u2019ex\u00e9cution de celles-ci seront de la comp\u00e9tence exclusive des tribunaux dont d\u00e9pend le si\u00e8ge social de la soci\u00e9t\u00e9. La langue de r\u00e9f\u00e9rence, pour le r\u00e8glement de contentieux \u00e9ventuels, est le fran\u00e7ais.<\/p>\n<p style=\"border: 0px; font-size: 21px; vertical-align: baseline; margin: 2rem 0px 0px; padding: 0px; backface-visibility: hidden; font-family: brandon-grotesque, sans-serif; background-color: #f5f5f5; color: #b51a00;\"><span style=\"border: 0px; vertical-align: baseline; margin: 0px; padding: 0px; color: #000000;\"><b style=\"border: 0px; vertical-align: baseline; margin: 0px; padding: 0px;\">Donn\u00e9es personnelles :<\/b><\/span><\/p>\n<p style=\"border: 0px; font-size: 21px; vertical-align: baseline; margin: 2rem 0px 0px; padding: 0px; backface-visibility: hidden; color: #222222; font-family: brandon-grotesque, sans-serif; background-color: #f5f5f5;\">De mani\u00e8re g\u00e9n\u00e9rale, vous n\u2019\u00eates pas tenu de nous communiquer vos donn\u00e9es personnelles lorsque vous visitez notre site Internet <span style=\"border: 0px; vertical-align: baseline; margin: 0px; padding: 0px; color: #323333;\"><b style=\"border: 0px; vertical-align: baseline; margin: 0px; padding: 0px;\"><a href=\"https:\/\/polesantesaintdie.fr\/\">polesantesaintdie.fr<\/a><\/b><\/span>.<\/p>\n<p style=\"border: 0px; font-size: 21px; vertical-align: baseline; margin: 2rem 0px 0px; padding: 0px; backface-visibility: hidden; color: #222222; font-family: brandon-grotesque, sans-serif; background-color: #f5f5f5;\">Cependant, ce principe comporte certaines exceptions. En effet, pour certains services propos\u00e9s par notre site, vous pouvez \u00eatre amen\u00e9s \u00e0 nous communiquer certaines donn\u00e9es telles que : votre nom, le nom de votre soci\u00e9t\u00e9, votre adresse \u00e9lectronique, et votre num\u00e9ro de t\u00e9l\u00e9phone. Tel est le cas lorsque vous remplissez le formulaire qui vous est propos\u00e9 en ligne, dans la rubrique \u00ab contact&nbsp;\u00bb.<\/p>\n<p style=\"border: 0px; font-size: 21px; vertical-align: baseline; margin: 2rem 0px 0px; padding: 0px; backface-visibility: hidden; color: #222222; font-family: brandon-grotesque, sans-serif; background-color: #f5f5f5;\">Dans tous les cas, vous pouvez refuser de fournir vos donn\u00e9es personnelles. Dans ce cas, vous ne pourrez pas utiliser les services du site, notamment celui de solliciter des renseignements sur notre soci\u00e9t\u00e9, ou de recevoir les lettres d\u2019information.<\/p>\n<p style=\"border: 0px; font-size: 21px; vertical-align: baseline; margin: 2rem 0px 0px; padding: 0px; backface-visibility: hidden; color: #222222; font-family: brandon-grotesque, sans-serif; background-color: #f5f5f5;\">Enfin, nous pouvons collecter de mani\u00e8re automatique certaines informations vous concernant lors d\u2019une simple navigation sur notre site Internet, notamment : des informations concernant l\u2019utilisation de notre site, comme les zones que vous visitez et les services auxquels vous acc\u00e9dez, votre adresse IP, le type de votre navigateur, vos temps d\u2019acc\u00e8s.<\/p>\n<p style=\"border: 0px; font-size: 21px; vertical-align: baseline; margin: 2rem 0px 0px; padding: 0px; backface-visibility: hidden; color: #222222; font-family: brandon-grotesque, sans-serif; background-color: #f5f5f5;\">De telles informations sont utilis\u00e9es exclusivement \u00e0 des fins de statistiques internes, de mani\u00e8re \u00e0 am\u00e9liorer la qualit\u00e9 des services qui vous sont propos\u00e9s. Les bases de donn\u00e9es sont prot\u00e9g\u00e9es par les dispositions de la loi du 1er juillet 1998 transposant la directive 96\/9 du 11 mars 1996 relative \u00e0 la protection juridique des bases de donn\u00e9es.<\/p>\t\t\t\t\t<\/div>\n\t\t\t\t\t\t<\/div>\n\t\t\t\t<\/div>\n\t\t\t\t\t\t<\/div>\n\t\t\t\t\t<\/div>\n\t\t<\/div>\n\t\t\t\t\t\t\t\t<\/div>\n\t\t\t\t\t<\/div>\n\t\t<\/section>\n\t\t\t\t\t\t\t\t\t<\/div>\n\t\t\t<\/div>\n\t\t\t\t\t<\/div>\n\t\t","protected":false},"excerpt":{"rendered":"<p>Editeur du Site : Responsable \u00e9ditorial : Mr ADRIEN SPECTY 1 Rue le Corbusier, 88100 Saint-Di\u00e9-des-Vosges Email : polesante.bienetre.saintdie@gmail.com Site Web : polesantesaintdie.fr H\u00e9bergement : H\u00e9bergeur : OVH2 rue Kellermann &#8211; 59100 Roubaix D\u00e9veloppement&nbsp;: polesantesaintdie.fr Adresse : 1 Rue le Corbusier, 88100 Saint-Di\u00e9-des-Vosges Site Web : polesantesaintdie.fr Conditions d\u2019utilisation : Ce site (polesantesaintdie.fr) est propos\u00e9 <\/p>\n<div class=\"read-more-text\"><a href=\"https:\/\/polesantesaintdie.fr\/?page_id=520\" class=\"readmore\">read more<\/a><\/div>\n","protected":false},"author":1,"featured_media":0,"parent":0,"menu_order":0,"comment_status":"closed","ping_status":"closed","template":"","meta":[],"yoast_head":"<!-- This site is optimized with the Yoast SEO plugin v15.8 - https:\/\/yoast.com\/wordpress\/plugins\/seo\/ -->\n<title>Mentions l\u00e9gales du site du p\u00f4le Sant\u00e9 &amp; Bien-\u00eatre de Saint-Di\u00e9<\/title>\n<meta name=\"description\" content=\"L\u2019ensemble des activit\u00e9s de la soci\u00e9t\u00e9 ainsi que ses informations sont pr\u00e9sent\u00e9s sur notre site polesantesaintdie.fr\" \/>\n<meta name=\"robots\" content=\"index, follow, max-snippet:-1, max-image-preview:large, max-video-preview:-1\" \/>\n<link rel=\"canonical\" href=\"https:\/\/polesantesaintdie.fr\/?page_id=520\" \/>\n<meta property=\"og:locale\" content=\"fr_FR\" \/>\n<meta property=\"og:type\" content=\"article\" \/>\n<meta property=\"og:title\" content=\"Mentions l\u00e9gales du site du p\u00f4le Sant\u00e9 &amp; Bien-\u00eatre de Saint-Di\u00e9\" \/>\n<meta property=\"og:description\" content=\"L\u2019ensemble des activit\u00e9s de la soci\u00e9t\u00e9 ainsi que ses informations sont pr\u00e9sent\u00e9s sur notre site polesantesaintdie.fr\" \/>\n<meta property=\"og:url\" content=\"https:\/\/polesantesaintdie.fr\/?page_id=520\" \/>\n<meta property=\"article:publisher\" content=\"https:\/\/www.facebook.com\/pages\/category\/Health-Beauty\/P%c3%b4le-sant%c3%a9-et-bien-%c3%aatre-Saint-Di%c3%a9-des-Vosges-101476071573629\/\" \/>\n<meta property=\"article:modified_time\" content=\"2021-01-07T21:21:52+00:00\" \/>\n<meta name=\"twitter:card\" content=\"summary_large_image\" \/>\n<meta name=\"twitter:label1\" content=\"Dur\u00e9e de lecture est.\">\n\t<meta name=\"twitter:data1\" content=\"5 minutes\">\n<script type=\"application\/ld+json\" class=\"yoast-schema-graph\">{\"@context\":\"https:\/\/schema.org\",\"@graph\":[{\"@type\":\"Organization\",\"@id\":\"https:\/\/polesantesaintdie.fr\/#organization\",\"name\":\"Le p\\u00f4le Sant\\u00e9 & Bien-\\u00eatre de Saint-Di\\u00e9\",\"url\":\"https:\/\/polesantesaintdie.fr\/\",\"sameAs\":[\"https:\/\/www.facebook.com\/pages\/category\/Health-Beauty\/P\\u00f4le-sant\\u00e9-et-bien-\\u00eatre-Saint-Di\\u00e9-des-Vosges-101476071573629\/\"],\"logo\":{\"@type\":\"ImageObject\",\"@id\":\"https:\/\/polesantesaintdie.fr\/#logo\",\"inLanguage\":\"fr-FR\",\"url\":\"https:\/\/polesantesaintdie.fr\/wp-content\/uploads\/2020\/11\/logo-1.png\",\"width\":329,\"height\":218,\"caption\":\"Le p\\u00f4le Sant\\u00e9 & Bien-\\u00eatre de Saint-Di\\u00e9\"},\"image\":{\"@id\":\"https:\/\/polesantesaintdie.fr\/#logo\"}},{\"@type\":\"WebSite\",\"@id\":\"https:\/\/polesantesaintdie.fr\/#website\",\"url\":\"https:\/\/polesantesaintdie.fr\/\",\"name\":\"\",\"description\":\"Le p\\u00f4le Sant\\u00e9 &amp; Bien-\\u00eatre de Saint-Di\\u00e9\",\"publisher\":{\"@id\":\"https:\/\/polesantesaintdie.fr\/#organization\"},\"potentialAction\":[{\"@type\":\"SearchAction\",\"target\":\"https:\/\/polesantesaintdie.fr\/?s={search_term_string}\",\"query-input\":\"required name=search_term_string\"}],\"inLanguage\":\"fr-FR\"},{\"@type\":\"WebPage\",\"@id\":\"https:\/\/polesantesaintdie.fr\/?page_id=520#webpage\",\"url\":\"https:\/\/polesantesaintdie.fr\/?page_id=520\",\"name\":\"Mentions l\\u00e9gales du site du p\\u00f4le Sant\\u00e9 & Bien-\\u00eatre de Saint-Di\\u00e9\",\"isPartOf\":{\"@id\":\"https:\/\/polesantesaintdie.fr\/#website\"},\"datePublished\":\"2020-11-30T19:58:38+00:00\",\"dateModified\":\"2021-01-07T21:21:52+00:00\",\"description\":\"L\\u2019ensemble des activit\\u00e9s de la soci\\u00e9t\\u00e9 ainsi que ses informations sont pr\\u00e9sent\\u00e9s sur notre site polesantesaintdie.fr\",\"breadcrumb\":{\"@id\":\"https:\/\/polesantesaintdie.fr\/?page_id=520#breadcrumb\"},\"inLanguage\":\"fr-FR\",\"potentialAction\":[{\"@type\":\"ReadAction\",\"target\":[\"https:\/\/polesantesaintdie.fr\/?page_id=520\"]}]},{\"@type\":\"BreadcrumbList\",\"@id\":\"https:\/\/polesantesaintdie.fr\/?page_id=520#breadcrumb\",\"itemListElement\":[{\"@type\":\"ListItem\",\"position\":1,\"item\":{\"@type\":\"WebPage\",\"@id\":\"https:\/\/polesantesaintdie.fr\/\",\"url\":\"https:\/\/polesantesaintdie.fr\/\",\"name\":\"Accueil\"}},{\"@type\":\"ListItem\",\"position\":2,\"item\":{\"@type\":\"WebPage\",\"@id\":\"https:\/\/polesantesaintdie.fr\/?page_id=520\",\"url\":\"https:\/\/polesantesaintdie.fr\/?page_id=520\",\"name\":\"Mentions l\\u00e9gales\"}}]}]}<\/script>\n<!-- \/ Yoast SEO plugin. -->","_links":{"self":[{"href":"https:\/\/polesantesaintdie.fr\/index.php?rest_route=\/wp\/v2\/pages\/520"}],"collection":[{"href":"https:\/\/polesantesaintdie.fr\/index.php?rest_route=\/wp\/v2\/pages"}],"about":[{"href":"https:\/\/polesantesaintdie.fr\/index.php?rest_route=\/wp\/v2\/types\/page"}],"author":[{"embeddable":true,"href":"https:\/\/polesantesaintdie.fr\/index.php?rest_route=\/wp\/v2\/users\/1"}],"replies":[{"embeddable":true,"href":"https:\/\/polesantesaintdie.fr\/index.php?rest_route=%2Fwp%2Fv2%2Fcomments&post=520"}],"version-history":[{"count":13,"href":"https:\/\/polesantesaintdie.fr\/index.php?rest_route=\/wp\/v2\/pages\/520\/revisions"}],"predecessor-version":[{"id":948,"href":"https:\/\/polesantesaintdie.fr\/index.php?rest_route=\/wp\/v2\/pages\/520\/revisions\/948"}],"wp:attachment":[{"href":"https:\/\/polesantesaintdie.fr\/index.php?rest_route=%2Fwp%2Fv2%2Fmedia&parent=520"}],"curies":[{"name":"wp","href":"https:\/\/api.w.org\/{rel}","templated":true}]}}