{"id":1715,"date":"2026-04-09T20:50:28","date_gmt":"2026-04-09T18:50:28","guid":{"rendered":"https:\/\/polesantesaintdie.fr\/?page_id=1715"},"modified":"2026-04-09T21:00:46","modified_gmt":"2026-04-09T19:00:46","slug":"vincent-milene","status":"publish","type":"page","link":"https:\/\/polesantesaintdie.fr\/?page_id=1715","title":{"rendered":"VINCENT Mil\u00e8ne"},"content":{"rendered":"\t\t<div data-elementor-type=\"wp-page\" data-elementor-id=\"1715\" class=\"elementor elementor-1715\">\n\t\t\t\t\t\t<div class=\"elementor-inner\">\n\t\t\t\t<div class=\"elementor-section-wrap\">\n\t\t\t\t\t\t\t\t\t<section class=\"elementor-section elementor-top-section elementor-element elementor-element-96f0b88 elementor-section-boxed elementor-section-height-default elementor-section-height-default\" data-id=\"96f0b88\" data-element_type=\"section\">\n\t\t\t\t\t\t<div class=\"elementor-container elementor-column-gap-default\">\n\t\t\t\t\t\t\t<div class=\"elementor-row\">\n\t\t\t\t\t<div class=\"elementor-column elementor-col-100 elementor-top-column elementor-element elementor-element-bc0ae79\" data-id=\"bc0ae79\" data-element_type=\"column\">\n\t\t\t<div class=\"elementor-column-wrap elementor-element-populated\">\n\t\t\t\t\t\t\t<div class=\"elementor-widget-wrap\">\n\t\t\t\t\t\t<section class=\"elementor-section elementor-inner-section elementor-element elementor-element-351c926 elementor-section-boxed elementor-section-height-default elementor-section-height-default\" data-id=\"351c926\" data-element_type=\"section\">\n\t\t\t\t\t\t<div class=\"elementor-container elementor-column-gap-default\">\n\t\t\t\t\t\t\t<div class=\"elementor-row\">\n\t\t\t\t\t<div class=\"elementor-column elementor-col-50 elementor-inner-column elementor-element elementor-element-41a89d6\" data-id=\"41a89d6\" data-element_type=\"column\">\n\t\t\t<div class=\"elementor-column-wrap elementor-element-populated\">\n\t\t\t\t\t\t\t<div class=\"elementor-widget-wrap\">\n\t\t\t\t\t\t<div class=\"elementor-element elementor-element-9aadd2f elementor-widget elementor-widget-image\" data-id=\"9aadd2f\" data-element_type=\"widget\" data-widget_type=\"image.default\">\n\t\t\t\t<div class=\"elementor-widget-container\">\n\t\t\t\t\t\t\t\t<div class=\"elementor-image\">\n\t\t\t\t\t\t\t\t\t\t\t\t<img width=\"225\" height=\"300\" src=\"https:\/\/polesantesaintdie.fr\/wp-content\/uploads\/2026\/04\/IMG_0145-225x300.jpg\" class=\"attachment-medium size-medium wp-image-1724\" alt=\"Mil\u00e8ne VINCENT\" loading=\"lazy\" srcset=\"https:\/\/polesantesaintdie.fr\/wp-content\/uploads\/2026\/04\/IMG_0145-225x300.jpg 225w, https:\/\/polesantesaintdie.fr\/wp-content\/uploads\/2026\/04\/IMG_0145-768x1024.jpg 768w, https:\/\/polesantesaintdie.fr\/wp-content\/uploads\/2026\/04\/IMG_0145-1152x1536.jpg 1152w, https:\/\/polesantesaintdie.fr\/wp-content\/uploads\/2026\/04\/IMG_0145-1536x2048.jpg 1536w, https:\/\/polesantesaintdie.fr\/wp-content\/uploads\/2026\/04\/IMG_0145-scaled.jpg 1920w\" sizes=\"(max-width: 225px) 100vw, 225px\" \/>\t\t\t\t\t\t\t\t\t\t\t\t\t\t<\/div>\n\t\t\t\t\t\t<\/div>\n\t\t\t\t<\/div>\n\t\t\t\t\t\t<\/div>\n\t\t\t\t\t<\/div>\n\t\t<\/div>\n\t\t\t\t<div class=\"elementor-column elementor-col-50 elementor-inner-column elementor-element elementor-element-9550ccc\" data-id=\"9550ccc\" data-element_type=\"column\">\n\t\t\t<div class=\"elementor-column-wrap elementor-element-populated\">\n\t\t\t\t\t\t\t<div class=\"elementor-widget-wrap\">\n\t\t\t\t\t\t<div class=\"elementor-element elementor-element-449ef11 elementor-widget elementor-widget-text-editor\" data-id=\"449ef11\" data-element_type=\"widget\" data-widget_type=\"text-editor.default\">\n\t\t\t\t<div class=\"elementor-widget-container\">\n\t\t\t\t\t\t\t\t<div class=\"elementor-text-editor elementor-clearfix\">\n\t\t\t\t<p>Dipl\u00f4m\u00e9e en 2025 apr\u00e8s une reconversion professionnelle, je me suis install\u00e9e \u00e0 Saint-Di\u00e9\u0301-des-Vosges en tant que di\u00e9t\u00e9ticienne-nutritionniste au sein du p\u00f4le Sant\u00e9 &amp; Bien-\u00catre.<\/p><p>Je propose \u00e0 mes patients des conseils alimentaires adapt\u00e9s en fonction de leurs besoins (r\u00e9\u00e9quilibrage alimentaire, perte &amp; prise de poids, alimentation v\u00e9g\u00e9tarienne\u2026) mais \u00e9galement en fonction des pathologies (diab\u00e8te, d\u00e9nutrition, cholest\u00e9rol\u2026) et pour tout public : enfant, adolescent, adulte, femme enceinte, sportif, personne \u00e2g\u00e9e. Pas de privation mais une alimentation alliant plaisir et \u00e9quilibre\u00a0!<\/p><p>\u00a0<\/p><p>Sur demande, je peux \u00e9galement intervenir en entreprise, aupr\u00e8s de clubs sportifs, d\u2019associations, de mairies\u2026<\/p>\t\t\t\t\t<\/div>\n\t\t\t\t\t\t<\/div>\n\t\t\t\t<\/div>\n\t\t\t\t\t\t<\/div>\n\t\t\t\t\t<\/div>\n\t\t<\/div>\n\t\t\t\t\t\t\t\t<\/div>\n\t\t\t\t\t<\/div>\n\t\t<\/section>\n\t\t\t\t\t\t<\/div>\n\t\t\t\t\t<\/div>\n\t\t<\/div>\n\t\t\t\t\t\t\t\t<\/div>\n\t\t\t\t\t<\/div>\n\t\t<\/section>\n\t\t\t\t<section class=\"elementor-section elementor-top-section elementor-element elementor-element-52b7c7e elementor-section-boxed elementor-section-height-default elementor-section-height-default\" data-id=\"52b7c7e\" data-element_type=\"section\">\n\t\t\t\t\t\t<div class=\"elementor-container elementor-column-gap-default\">\n\t\t\t\t\t\t\t<div class=\"elementor-row\">\n\t\t\t\t\t<div class=\"elementor-column elementor-col-100 elementor-top-column elementor-element elementor-element-43e6566\" data-id=\"43e6566\" data-element_type=\"column\">\n\t\t\t<div class=\"elementor-column-wrap elementor-element-populated\">\n\t\t\t\t\t\t\t<div class=\"elementor-widget-wrap\">\n\t\t\t\t\t\t<div class=\"elementor-element elementor-element-ecb6bad elementor-widget elementor-widget-text-editor\" data-id=\"ecb6bad\" data-element_type=\"widget\" data-widget_type=\"text-editor.default\">\n\t\t\t\t<div class=\"elementor-widget-container\">\n\t\t\t\t\t\t\t\t<div class=\"elementor-text-editor elementor-clearfix\">\n\t\t\t\t<p>J\u2019enrichis r\u00e9guli\u00e8rement ma pratique en me formant sur des th\u00e8mes vari\u00e9s.<\/p><p>Des ateliers cuisine en lien avec la di\u00e9t\u00e9tique sont \u00e9galement propos\u00e9s ponctuellement : go\u00fbter des enfants, repas \u00e0 petits prix, ap\u00e9ros sains et gourmands, cuisine v\u00e9g\u00e9tarienne\u2026.<\/p><p>\u00a0<\/p><p>N\u2019h\u00e9sitez pas \u00e0 suivre ma page Facebook pour \u00eatre inform\u00e9s\u2026<\/p>\t\t\t\t\t<\/div>\n\t\t\t\t\t\t<\/div>\n\t\t\t\t<\/div>\n\t\t\t\t\t\t<\/div>\n\t\t\t\t\t<\/div>\n\t\t<\/div>\n\t\t\t\t\t\t\t\t<\/div>\n\t\t\t\t\t<\/div>\n\t\t<\/section>\n\t\t\t\t<section class=\"elementor-section elementor-top-section elementor-element elementor-element-0b26a61 elementor-section-boxed elementor-section-height-default elementor-section-height-default\" data-id=\"0b26a61\" data-element_type=\"section\">\n\t\t\t\t\t\t<div class=\"elementor-container elementor-column-gap-default\">\n\t\t\t\t\t\t\t<div class=\"elementor-row\">\n\t\t\t\t\t<div class=\"elementor-column elementor-col-50 elementor-top-column elementor-element elementor-element-a409cfe\" data-id=\"a409cfe\" data-element_type=\"column\">\n\t\t\t<div class=\"elementor-column-wrap elementor-element-populated\">\n\t\t\t\t\t\t\t<div class=\"elementor-widget-wrap\">\n\t\t\t\t\t\t<div class=\"elementor-element elementor-element-b637fcb elementor-widget elementor-widget-text-editor\" data-id=\"b637fcb\" data-element_type=\"widget\" data-widget_type=\"text-editor.default\">\n\t\t\t\t<div class=\"elementor-widget-container\">\n\t\t\t\t\t\t\t\t<div class=\"elementor-text-editor elementor-clearfix\">\n\t\t\t\t<p style=\"border: #c1c1c1 1px solid; text-align: center; font-size: 30px; margin-bottom: 2px;\">Contacts<\/p>\n<p style=\"border: #c1c1c1 1px solid; text-align: center; font-size: 16px; padding: 20px;\">Pour toute question ou prise de RDV, n\u2019h\u00e9sitez pas \u00e0 me contacter au 06.95.99.41.80<br \/><br \/>\n<a href=\"https:\/\/www.doctolib.fr\/dieteticien\/saint-die-des-vosges\/milene-vincent\" target=\"_blank\" rel=\"nofollow noopener\">\n<img src=\"https:\/\/polesantesaintdie.fr\/wp-content\/uploads\/2020\/12\/doctolib.png\" width=\"30px\" \/>\n<span style=\"font-size: 14px;\">Prendre un rendez-vous sur Doctolib<\/span><\/a><\/p>\t\t\t\t\t<\/div>\n\t\t\t\t\t\t<\/div>\n\t\t\t\t<\/div>\n\t\t\t\t\t\t<\/div>\n\t\t\t\t\t<\/div>\n\t\t<\/div>\n\t\t\t\t<div class=\"elementor-column elementor-col-50 elementor-top-column elementor-element elementor-element-7e2ae35\" data-id=\"7e2ae35\" data-element_type=\"column\">\n\t\t\t<div class=\"elementor-column-wrap elementor-element-populated\">\n\t\t\t\t\t\t\t<div class=\"elementor-widget-wrap\">\n\t\t\t\t\t\t<div class=\"elementor-element elementor-element-62ad6c1 elementor-widget elementor-widget-text-editor\" data-id=\"62ad6c1\" data-element_type=\"widget\" data-widget_type=\"text-editor.default\">\n\t\t\t\t<div class=\"elementor-widget-container\">\n\t\t\t\t\t\t\t\t<div class=\"elementor-text-editor elementor-clearfix\">\n\t\t\t\t<p style=\"border: #c1c1c1 1px solid; text-align: center; font-size: 30px; margin-bottom: 2px;\">Tarif<\/p>\n<p style=\"border: #c1c1c1 1px solid; text-align: center; font-size: 16px; padding: 20px;\">Tarif de la consultation individuelle : 55 \u20ac<br \/>\nTarif de la\u00a0consultation de couple : 100 \u20ac<br \/>\nR\u00e8glement par ch\u00e8que ou en esp\u00e8ces<br \/>\n(remboursement par de nombreuses mutuelles)<\/p>\t\t\t\t\t<\/div>\n\t\t\t\t\t\t<\/div>\n\t\t\t\t<\/div>\n\t\t\t\t\t\t<\/div>\n\t\t\t\t\t<\/div>\n\t\t<\/div>\n\t\t\t\t\t\t\t\t<\/div>\n\t\t\t\t\t<\/div>\n\t\t<\/section>\n\t\t\t\t\t\t\t\t\t<\/div>\n\t\t\t<\/div>\n\t\t\t\t\t<\/div>\n\t\t","protected":false},"excerpt":{"rendered":"<p>Dipl\u00f4m\u00e9e en 2025 apr\u00e8s une reconversion professionnelle, je me suis install\u00e9e \u00e0 Saint-Di\u00e9\u0301-des-Vosges en tant que di\u00e9t\u00e9ticienne-nutritionniste au sein du p\u00f4le Sant\u00e9 &amp; Bien-\u00catre. Je propose \u00e0 mes patients des conseils alimentaires adapt\u00e9s en fonction de leurs besoins (r\u00e9\u00e9quilibrage alimentaire, perte &amp; prise de poids, alimentation v\u00e9g\u00e9tarienne\u2026) mais \u00e9galement en fonction des pathologies (diab\u00e8te, d\u00e9nutrition, <\/p>\n<div class=\"read-more-text\"><a href=\"https:\/\/polesantesaintdie.fr\/?page_id=1715\" class=\"readmore\">read more<\/a><\/div>\n","protected":false},"author":1,"featured_media":0,"parent":0,"menu_order":0,"comment_status":"closed","ping_status":"closed","template":"","meta":[],"yoast_head":"<!-- This site is optimized with the Yoast SEO plugin v15.8 - https:\/\/yoast.com\/wordpress\/plugins\/seo\/ -->\n<title>VINCENT Mil\u00e8ne -<\/title>\n<meta name=\"robots\" content=\"index, follow, max-snippet:-1, max-image-preview:large, max-video-preview:-1\" \/>\n<link rel=\"canonical\" href=\"https:\/\/polesantesaintdie.fr\/?page_id=1715\" \/>\n<meta property=\"og:locale\" content=\"fr_FR\" \/>\n<meta property=\"og:type\" content=\"article\" \/>\n<meta property=\"og:title\" content=\"VINCENT Mil\u00e8ne -\" \/>\n<meta property=\"og:description\" content=\"Dipl\u00f4m\u00e9e en 2025 apr\u00e8s une reconversion professionnelle, je me suis install\u00e9e \u00e0 Saint-Di\u00e9\u0301-des-Vosges en tant que di\u00e9t\u00e9ticienne-nutritionniste au sein du p\u00f4le Sant\u00e9 &amp; Bien-\u00catre. Je propose \u00e0 mes patients des conseils alimentaires adapt\u00e9s en fonction de leurs besoins (r\u00e9\u00e9quilibrage alimentaire, perte &amp; prise de poids, alimentation v\u00e9g\u00e9tarienne\u2026) mais \u00e9galement en fonction des pathologies (diab\u00e8te, d\u00e9nutrition, read more\" \/>\n<meta property=\"og:url\" content=\"https:\/\/polesantesaintdie.fr\/?page_id=1715\" \/>\n<meta property=\"article:publisher\" content=\"https:\/\/www.facebook.com\/pages\/category\/Health-Beauty\/P%c3%b4le-sant%c3%a9-et-bien-%c3%aatre-Saint-Di%c3%a9-des-Vosges-101476071573629\/\" \/>\n<meta property=\"article:modified_time\" content=\"2026-04-09T19:00:46+00:00\" \/>\n<meta property=\"og:image\" content=\"https:\/\/polesantesaintdie.fr\/wp-content\/uploads\/2026\/04\/IMG_0145-225x300.jpg\" \/>\n<meta name=\"twitter:card\" content=\"summary_large_image\" \/>\n<meta name=\"twitter:label1\" content=\"Dur\u00e9e de lecture est.\">\n\t<meta name=\"twitter:data1\" content=\"2 minutes\">\n<script type=\"application\/ld+json\" class=\"yoast-schema-graph\">{\"@context\":\"https:\/\/schema.org\",\"@graph\":[{\"@type\":\"Organization\",\"@id\":\"https:\/\/polesantesaintdie.fr\/#organization\",\"name\":\"Le p\\u00f4le Sant\\u00e9 & Bien-\\u00eatre de Saint-Di\\u00e9\",\"url\":\"https:\/\/polesantesaintdie.fr\/\",\"sameAs\":[\"https:\/\/www.facebook.com\/pages\/category\/Health-Beauty\/P\\u00f4le-sant\\u00e9-et-bien-\\u00eatre-Saint-Di\\u00e9-des-Vosges-101476071573629\/\"],\"logo\":{\"@type\":\"ImageObject\",\"@id\":\"https:\/\/polesantesaintdie.fr\/#logo\",\"inLanguage\":\"fr-FR\",\"url\":\"https:\/\/polesantesaintdie.fr\/wp-content\/uploads\/2020\/11\/logo-1.png\",\"width\":329,\"height\":218,\"caption\":\"Le p\\u00f4le Sant\\u00e9 & Bien-\\u00eatre de Saint-Di\\u00e9\"},\"image\":{\"@id\":\"https:\/\/polesantesaintdie.fr\/#logo\"}},{\"@type\":\"WebSite\",\"@id\":\"https:\/\/polesantesaintdie.fr\/#website\",\"url\":\"https:\/\/polesantesaintdie.fr\/\",\"name\":\"\",\"description\":\"Le p\\u00f4le Sant\\u00e9 &amp; Bien-\\u00eatre de Saint-Di\\u00e9\",\"publisher\":{\"@id\":\"https:\/\/polesantesaintdie.fr\/#organization\"},\"potentialAction\":[{\"@type\":\"SearchAction\",\"target\":\"https:\/\/polesantesaintdie.fr\/?s={search_term_string}\",\"query-input\":\"required name=search_term_string\"}],\"inLanguage\":\"fr-FR\"},{\"@type\":\"ImageObject\",\"@id\":\"https:\/\/polesantesaintdie.fr\/?page_id=1715#primaryimage\",\"inLanguage\":\"fr-FR\",\"url\":\"https:\/\/polesantesaintdie.fr\/wp-content\/uploads\/2026\/04\/IMG_0145-225x300.jpg\"},{\"@type\":\"WebPage\",\"@id\":\"https:\/\/polesantesaintdie.fr\/?page_id=1715#webpage\",\"url\":\"https:\/\/polesantesaintdie.fr\/?page_id=1715\",\"name\":\"VINCENT Mil\\u00e8ne -\",\"isPartOf\":{\"@id\":\"https:\/\/polesantesaintdie.fr\/#website\"},\"primaryImageOfPage\":{\"@id\":\"https:\/\/polesantesaintdie.fr\/?page_id=1715#primaryimage\"},\"datePublished\":\"2026-04-09T18:50:28+00:00\",\"dateModified\":\"2026-04-09T19:00:46+00:00\",\"breadcrumb\":{\"@id\":\"https:\/\/polesantesaintdie.fr\/?page_id=1715#breadcrumb\"},\"inLanguage\":\"fr-FR\",\"potentialAction\":[{\"@type\":\"ReadAction\",\"target\":[\"https:\/\/polesantesaintdie.fr\/?page_id=1715\"]}]},{\"@type\":\"BreadcrumbList\",\"@id\":\"https:\/\/polesantesaintdie.fr\/?page_id=1715#breadcrumb\",\"itemListElement\":[{\"@type\":\"ListItem\",\"position\":1,\"item\":{\"@type\":\"WebPage\",\"@id\":\"https:\/\/polesantesaintdie.fr\/\",\"url\":\"https:\/\/polesantesaintdie.fr\/\",\"name\":\"Accueil\"}},{\"@type\":\"ListItem\",\"position\":2,\"item\":{\"@type\":\"WebPage\",\"@id\":\"https:\/\/polesantesaintdie.fr\/?page_id=1715\",\"url\":\"https:\/\/polesantesaintdie.fr\/?page_id=1715\",\"name\":\"VINCENT Mil\\u00e8ne\"}}]}]}<\/script>\n<!-- \/ Yoast SEO plugin. -->","_links":{"self":[{"href":"https:\/\/polesantesaintdie.fr\/index.php?rest_route=\/wp\/v2\/pages\/1715"}],"collection":[{"href":"https:\/\/polesantesaintdie.fr\/index.php?rest_route=\/wp\/v2\/pages"}],"about":[{"href":"https:\/\/polesantesaintdie.fr\/index.php?rest_route=\/wp\/v2\/types\/page"}],"author":[{"embeddable":true,"href":"https:\/\/polesantesaintdie.fr\/index.php?rest_route=\/wp\/v2\/users\/1"}],"replies":[{"embeddable":true,"href":"https:\/\/polesantesaintdie.fr\/index.php?rest_route=%2Fwp%2Fv2%2Fcomments&post=1715"}],"version-history":[{"count":16,"href":"https:\/\/polesantesaintdie.fr\/index.php?rest_route=\/wp\/v2\/pages\/1715\/revisions"}],"predecessor-version":[{"id":1734,"href":"https:\/\/polesantesaintdie.fr\/index.php?rest_route=\/wp\/v2\/pages\/1715\/revisions\/1734"}],"wp:attachment":[{"href":"https:\/\/polesantesaintdie.fr\/index.php?rest_route=%2Fwp%2Fv2%2Fmedia&parent=1715"}],"curies":[{"name":"wp","href":"https:\/\/api.w.org\/{rel}","templated":true}]}}