{"id":1689,"date":"2025-03-22T09:09:04","date_gmt":"2025-03-22T08:09:04","guid":{"rendered":"https:\/\/polesantesaintdie.fr\/?page_id=1689"},"modified":"2025-03-22T09:10:12","modified_gmt":"2025-03-22T08:10:12","slug":"chaupitre-camille-2","status":"publish","type":"page","link":"https:\/\/polesantesaintdie.fr\/?page_id=1689","title":{"rendered":"CHAUPITRE Camille"},"content":{"rendered":"\t\t<div data-elementor-type=\"wp-page\" data-elementor-id=\"1689\" class=\"elementor elementor-1689\">\n\t\t\t\t\t\t<div class=\"elementor-inner\">\n\t\t\t\t<div class=\"elementor-section-wrap\">\n\t\t\t\t\t\t\t\t\t<section class=\"elementor-section elementor-top-section elementor-element elementor-element-d0356c6 elementor-section-boxed elementor-section-height-default elementor-section-height-default\" data-id=\"d0356c6\" data-element_type=\"section\">\n\t\t\t\t\t\t<div class=\"elementor-container elementor-column-gap-default\">\n\t\t\t\t\t\t\t<div class=\"elementor-row\">\n\t\t\t\t\t<div class=\"elementor-column elementor-col-100 elementor-top-column elementor-element elementor-element-5f08988\" data-id=\"5f08988\" data-element_type=\"column\">\n\t\t\t<div class=\"elementor-column-wrap elementor-element-populated\">\n\t\t\t\t\t\t\t<div class=\"elementor-widget-wrap\">\n\t\t\t\t\t\t<div class=\"elementor-element elementor-element-fc34a8e elementor-widget elementor-widget-text-editor\" data-id=\"fc34a8e\" data-element_type=\"widget\" data-widget_type=\"text-editor.default\">\n\t\t\t\t<div class=\"elementor-widget-container\">\n\t\t\t\t\t\t\t\t<div class=\"elementor-text-editor elementor-clearfix\">\n\t\t\t\t<p class=\"MsoNormal\" style=\"text-align:justify\">Je m\u2019appelle Camille CHAUPITRE,\nesth\u00e9ticienne dipl\u00f4m\u00e9e depuis 2010 d\u2019un BTS esth\u00e9tique-cosm\u00e9tique et d\u2019une\nformation d\u2019animatrice de spa. J\u2019ai forg\u00e9 mes techniques et connaissances en\ntravaillant successivement en Spas h\u00f4teliers, puis dans des grands groupes tels\nqu\u2019Yves Rocher et Beauty Success o\u00f9 j\u2019ai pu \u00e9voluer vers un poste \u00e0\nresponsabilit\u00e9.<\/p><p class=\"MsoNormal\" style=\"text-align:justify\">C\u2019est en Septembre 2022, que j\u2019ai\nouvert Cl\u00e9a Natur\u2019, un espace bien-\u00eatre au Naturel situ\u00e9 \u00e0 Anould au sein de\nmon domicile. Une pi\u00e8ce enti\u00e8rement d\u00e9di\u00e9e aux soins esth\u00e9tiques et massages\nque je vous propose et pratique.<\/p><p class=\"MsoNormal\" style=\"text-align:justify\">Epilations, soins du visage et du\ncorps, massages, vernis semi-permanent et maquillages sont r\u00e9alis\u00e9s avec des\nproduits biologiques certifi\u00e9s.<\/p><p>\n\n\n\n\n\n<\/p><p class=\"MsoNormal\" style=\"text-align:justify\">Allier beaut\u00e9 et bien-\u00eatre est\npour moi important, car la beaut\u00e9 est le reflet de notre \u00e9tat \u00e9motionnel. C\u2019est\npourquoi, je vous invite \u00e0 d\u00e9couvrir la cosm\u00e9tique \u00e9motive de la marque\nAltearah r\u00e9pondant aux besoins de votre peau mais aussi de votre \u00e9tat \u00e9motionnel.<\/p>\t\t\t\t\t<\/div>\n\t\t\t\t\t\t<\/div>\n\t\t\t\t<\/div>\n\t\t\t\t\t\t<\/div>\n\t\t\t\t\t<\/div>\n\t\t<\/div>\n\t\t\t\t\t\t\t\t<\/div>\n\t\t\t\t\t<\/div>\n\t\t<\/section>\n\t\t\t\t\t\t\t\t\t<\/div>\n\t\t\t<\/div>\n\t\t\t\t\t<\/div>\n\t\t","protected":false},"excerpt":{"rendered":"<p>Je m\u2019appelle Camille CHAUPITRE, esth\u00e9ticienne dipl\u00f4m\u00e9e depuis 2010 d\u2019un BTS esth\u00e9tique-cosm\u00e9tique et d\u2019une formation d\u2019animatrice de spa. J\u2019ai forg\u00e9 mes techniques et connaissances en travaillant successivement en Spas h\u00f4teliers, puis dans des grands groupes tels qu\u2019Yves Rocher et Beauty Success o\u00f9 j\u2019ai pu \u00e9voluer vers un poste \u00e0 responsabilit\u00e9. C\u2019est en Septembre 2022, que j\u2019ai <\/p>\n<div class=\"read-more-text\"><a href=\"https:\/\/polesantesaintdie.fr\/?page_id=1689\" class=\"readmore\">read more<\/a><\/div>\n","protected":false},"author":1,"featured_media":0,"parent":0,"menu_order":0,"comment_status":"closed","ping_status":"closed","template":"","meta":[],"yoast_head":"<!-- This site is optimized with the Yoast SEO plugin v15.8 - https:\/\/yoast.com\/wordpress\/plugins\/seo\/ -->\n<title>CHAUPITRE Camille -<\/title>\n<meta name=\"robots\" content=\"index, follow, max-snippet:-1, max-image-preview:large, max-video-preview:-1\" \/>\n<link rel=\"canonical\" href=\"https:\/\/polesantesaintdie.fr\/?page_id=1689\" \/>\n<meta property=\"og:locale\" content=\"fr_FR\" \/>\n<meta property=\"og:type\" content=\"article\" \/>\n<meta property=\"og:title\" content=\"CHAUPITRE Camille -\" \/>\n<meta property=\"og:description\" content=\"Je m\u2019appelle Camille CHAUPITRE, esth\u00e9ticienne dipl\u00f4m\u00e9e depuis 2010 d\u2019un BTS esth\u00e9tique-cosm\u00e9tique et d\u2019une formation d\u2019animatrice de spa. J\u2019ai forg\u00e9 mes techniques et connaissances en travaillant successivement en Spas h\u00f4teliers, puis dans des grands groupes tels qu\u2019Yves Rocher et Beauty Success o\u00f9 j\u2019ai pu \u00e9voluer vers un poste \u00e0 responsabilit\u00e9. C\u2019est en Septembre 2022, que j\u2019ai read more\" \/>\n<meta property=\"og:url\" content=\"https:\/\/polesantesaintdie.fr\/?page_id=1689\" \/>\n<meta property=\"article:publisher\" content=\"https:\/\/www.facebook.com\/pages\/category\/Health-Beauty\/P%c3%b4le-sant%c3%a9-et-bien-%c3%aatre-Saint-Di%c3%a9-des-Vosges-101476071573629\/\" \/>\n<meta property=\"article:modified_time\" content=\"2025-03-22T08:10:12+00:00\" \/>\n<meta name=\"twitter:card\" content=\"summary_large_image\" \/>\n<meta name=\"twitter:label1\" content=\"Dur\u00e9e de lecture est.\">\n\t<meta name=\"twitter:data1\" content=\"1 minute\">\n<script type=\"application\/ld+json\" class=\"yoast-schema-graph\">{\"@context\":\"https:\/\/schema.org\",\"@graph\":[{\"@type\":\"Organization\",\"@id\":\"https:\/\/polesantesaintdie.fr\/#organization\",\"name\":\"Le p\\u00f4le Sant\\u00e9 & Bien-\\u00eatre de Saint-Di\\u00e9\",\"url\":\"https:\/\/polesantesaintdie.fr\/\",\"sameAs\":[\"https:\/\/www.facebook.com\/pages\/category\/Health-Beauty\/P\\u00f4le-sant\\u00e9-et-bien-\\u00eatre-Saint-Di\\u00e9-des-Vosges-101476071573629\/\"],\"logo\":{\"@type\":\"ImageObject\",\"@id\":\"https:\/\/polesantesaintdie.fr\/#logo\",\"inLanguage\":\"fr-FR\",\"url\":\"https:\/\/polesantesaintdie.fr\/wp-content\/uploads\/2020\/11\/logo-1.png\",\"width\":329,\"height\":218,\"caption\":\"Le p\\u00f4le Sant\\u00e9 & Bien-\\u00eatre de Saint-Di\\u00e9\"},\"image\":{\"@id\":\"https:\/\/polesantesaintdie.fr\/#logo\"}},{\"@type\":\"WebSite\",\"@id\":\"https:\/\/polesantesaintdie.fr\/#website\",\"url\":\"https:\/\/polesantesaintdie.fr\/\",\"name\":\"\",\"description\":\"Le p\\u00f4le Sant\\u00e9 &amp; Bien-\\u00eatre de Saint-Di\\u00e9\",\"publisher\":{\"@id\":\"https:\/\/polesantesaintdie.fr\/#organization\"},\"potentialAction\":[{\"@type\":\"SearchAction\",\"target\":\"https:\/\/polesantesaintdie.fr\/?s={search_term_string}\",\"query-input\":\"required name=search_term_string\"}],\"inLanguage\":\"fr-FR\"},{\"@type\":\"WebPage\",\"@id\":\"https:\/\/polesantesaintdie.fr\/?page_id=1689#webpage\",\"url\":\"https:\/\/polesantesaintdie.fr\/?page_id=1689\",\"name\":\"CHAUPITRE Camille -\",\"isPartOf\":{\"@id\":\"https:\/\/polesantesaintdie.fr\/#website\"},\"datePublished\":\"2025-03-22T08:09:04+00:00\",\"dateModified\":\"2025-03-22T08:10:12+00:00\",\"breadcrumb\":{\"@id\":\"https:\/\/polesantesaintdie.fr\/?page_id=1689#breadcrumb\"},\"inLanguage\":\"fr-FR\",\"potentialAction\":[{\"@type\":\"ReadAction\",\"target\":[\"https:\/\/polesantesaintdie.fr\/?page_id=1689\"]}]},{\"@type\":\"BreadcrumbList\",\"@id\":\"https:\/\/polesantesaintdie.fr\/?page_id=1689#breadcrumb\",\"itemListElement\":[{\"@type\":\"ListItem\",\"position\":1,\"item\":{\"@type\":\"WebPage\",\"@id\":\"https:\/\/polesantesaintdie.fr\/\",\"url\":\"https:\/\/polesantesaintdie.fr\/\",\"name\":\"Accueil\"}},{\"@type\":\"ListItem\",\"position\":2,\"item\":{\"@type\":\"WebPage\",\"@id\":\"https:\/\/polesantesaintdie.fr\/?page_id=1689\",\"url\":\"https:\/\/polesantesaintdie.fr\/?page_id=1689\",\"name\":\"CHAUPITRE Camille\"}}]}]}<\/script>\n<!-- \/ Yoast SEO plugin. -->","_links":{"self":[{"href":"https:\/\/polesantesaintdie.fr\/index.php?rest_route=\/wp\/v2\/pages\/1689"}],"collection":[{"href":"https:\/\/polesantesaintdie.fr\/index.php?rest_route=\/wp\/v2\/pages"}],"about":[{"href":"https:\/\/polesantesaintdie.fr\/index.php?rest_route=\/wp\/v2\/types\/page"}],"author":[{"embeddable":true,"href":"https:\/\/polesantesaintdie.fr\/index.php?rest_route=\/wp\/v2\/users\/1"}],"replies":[{"embeddable":true,"href":"https:\/\/polesantesaintdie.fr\/index.php?rest_route=%2Fwp%2Fv2%2Fcomments&post=1689"}],"version-history":[{"count":4,"href":"https:\/\/polesantesaintdie.fr\/index.php?rest_route=\/wp\/v2\/pages\/1689\/revisions"}],"predecessor-version":[{"id":1693,"href":"https:\/\/polesantesaintdie.fr\/index.php?rest_route=\/wp\/v2\/pages\/1689\/revisions\/1693"}],"wp:attachment":[{"href":"https:\/\/polesantesaintdie.fr\/index.php?rest_route=%2Fwp%2Fv2%2Fmedia&parent=1689"}],"curies":[{"name":"wp","href":"https:\/\/api.w.org\/{rel}","templated":true}]}}