{"id":1600,"date":"2024-11-23T09:08:38","date_gmt":"2024-11-23T08:08:38","guid":{"rendered":"https:\/\/polesantesaintdie.fr\/?page_id=1600"},"modified":"2024-11-23T09:43:13","modified_gmt":"2024-11-23T08:43:13","slug":"piatkowski-christophe","status":"publish","type":"page","link":"https:\/\/polesantesaintdie.fr\/?page_id=1600","title":{"rendered":"PIATKOWSKI Christophe"},"content":{"rendered":"\t\t<div data-elementor-type=\"wp-page\" data-elementor-id=\"1600\" class=\"elementor elementor-1600\">\n\t\t\t\t\t\t<div class=\"elementor-inner\">\n\t\t\t\t<div class=\"elementor-section-wrap\">\n\t\t\t\t\t\t\t\t\t<section class=\"elementor-section elementor-top-section elementor-element elementor-element-557d2b8 elementor-section-boxed elementor-section-height-default elementor-section-height-default\" data-id=\"557d2b8\" data-element_type=\"section\">\n\t\t\t\t\t\t<div class=\"elementor-container elementor-column-gap-default\">\n\t\t\t\t\t\t\t<div class=\"elementor-row\">\n\t\t\t\t\t<div class=\"elementor-column elementor-col-100 elementor-top-column elementor-element elementor-element-8684c12\" data-id=\"8684c12\" data-element_type=\"column\">\n\t\t\t<div class=\"elementor-column-wrap elementor-element-populated\">\n\t\t\t\t\t\t\t<div class=\"elementor-widget-wrap\">\n\t\t\t\t\t\t<section class=\"elementor-section elementor-inner-section elementor-element elementor-element-ccd4969 elementor-section-boxed elementor-section-height-default elementor-section-height-default\" data-id=\"ccd4969\" data-element_type=\"section\">\n\t\t\t\t\t\t<div class=\"elementor-container elementor-column-gap-default\">\n\t\t\t\t\t\t\t<div class=\"elementor-row\">\n\t\t\t\t\t<div class=\"elementor-column elementor-col-50 elementor-inner-column elementor-element elementor-element-79551e3\" data-id=\"79551e3\" data-element_type=\"column\">\n\t\t\t<div class=\"elementor-column-wrap elementor-element-populated\">\n\t\t\t\t\t\t\t<div class=\"elementor-widget-wrap\">\n\t\t\t\t\t\t<div class=\"elementor-element elementor-element-96f6ea9 elementor-widget elementor-widget-image\" data-id=\"96f6ea9\" data-element_type=\"widget\" data-widget_type=\"image.default\">\n\t\t\t\t<div class=\"elementor-widget-container\">\n\t\t\t\t\t\t\t\t<div class=\"elementor-image\">\n\t\t\t\t\t\t\t\t\t\t\t\t<img width=\"300\" height=\"300\" src=\"https:\/\/polesantesaintdie.fr\/wp-content\/uploads\/2024\/11\/Christophe_PIATKOWSKI.jpg\" class=\"attachment-medium size-medium wp-image-1613\" alt=\"Christophe_PIATKOWSKI\" loading=\"lazy\" srcset=\"https:\/\/polesantesaintdie.fr\/wp-content\/uploads\/2024\/11\/Christophe_PIATKOWSKI.jpg 300w, https:\/\/polesantesaintdie.fr\/wp-content\/uploads\/2024\/11\/Christophe_PIATKOWSKI-150x150.jpg 150w\" sizes=\"(max-width: 300px) 100vw, 300px\" \/>\t\t\t\t\t\t\t\t\t\t\t\t\t\t<\/div>\n\t\t\t\t\t\t<\/div>\n\t\t\t\t<\/div>\n\t\t\t\t\t\t<\/div>\n\t\t\t\t\t<\/div>\n\t\t<\/div>\n\t\t\t\t<div class=\"elementor-column elementor-col-50 elementor-inner-column elementor-element elementor-element-a795080\" data-id=\"a795080\" data-element_type=\"column\">\n\t\t\t<div class=\"elementor-column-wrap elementor-element-populated\">\n\t\t\t\t\t\t\t<div class=\"elementor-widget-wrap\">\n\t\t\t\t\t\t<div class=\"elementor-element elementor-element-cf76e2d elementor-widget elementor-widget-text-editor\" data-id=\"cf76e2d\" data-element_type=\"widget\" data-widget_type=\"text-editor.default\">\n\t\t\t\t<div class=\"elementor-widget-container\">\n\t\t\t\t\t\t\t\t<div class=\"elementor-text-editor elementor-clearfix\">\n\t\t\t\t<p>Je m\u2019appelle Christophe. Je suis sophrologue, musicien et papa d\u2019un petit gar\u00e7on.\u00a0<\/p><p>Mon parcours dans le domaine du bien-\u00eatre et de l&rsquo;accompagnement est profond\u00e9ment ancr\u00e9 dans mes exp\u00e9riences personnelles et professionnelles, notamment dans ma pr\u00e9c\u00e9dente\u00a0<span style=\"color: var( --e-global-color-text ); font-family: var( --e-global-typography-text-font-family ), Sans-serif; font-weight: var( --e-global-typography-text-font-weight );\">activit\u00e9 d\u2019aide m\u00e9dico psychologique aupr\u00e8s de personnes en situation de handicap.\u00a0<\/span><\/p><p><span style=\"color: var( --e-global-color-text ); font-family: var( --e-global-typography-text-font-family ), Sans-serif; font-weight: var( --e-global-typography-text-font-weight );\">Cette partie de ma vie m&rsquo;a appris l&rsquo;importance de l&#8217;empathie, de la patience, et de la compr\u00e9hension des besoins profonds de l&rsquo;autre.<\/span><\/p><p>\u00a0<\/p>\t\t\t\t\t<\/div>\n\t\t\t\t\t\t<\/div>\n\t\t\t\t<\/div>\n\t\t\t\t\t\t<\/div>\n\t\t\t\t\t<\/div>\n\t\t<\/div>\n\t\t\t\t\t\t\t\t<\/div>\n\t\t\t\t\t<\/div>\n\t\t<\/section>\n\t\t\t\t<div class=\"elementor-element elementor-element-cf849c0 elementor-widget elementor-widget-text-editor\" data-id=\"cf849c0\" data-element_type=\"widget\" data-widget_type=\"text-editor.default\">\n\t\t\t\t<div class=\"elementor-widget-container\">\n\t\t\t\t\t\t\t\t<div class=\"elementor-text-editor elementor-clearfix\">\n\t\t\t\t<br>\nMa rencontre avec la sophrologie a \u00e9t\u00e9 un tournant d\u00e9cisif. En octobre 2021, j&rsquo;ai commenc\u00e9 une formation \u00e0 l\u2019\u00e9cole AD Formation, qui m&rsquo;a men\u00e9 \u00e0 obtenir ma certification de sophrologue en mai 2023. Cette certification, reconnue par l&rsquo;\u00c9tat, est le fruit d&rsquo;un engagement intense et d&rsquo;un d\u00e9sir sinc\u00e8re d&rsquo;accompagner les autres vers un mieux-\u00eatre.\n<br><br>\nLa sophrologie est d\u00e9sormais une composante essentielle de mon quotidien, m&rsquo;offrant des outils pour mieux appr\u00e9hender les \u00e9v\u00e9nements de la vie. Avant de me lancer dans cette formation, j&rsquo;avais d\u00e9j\u00e0 un int\u00e9r\u00eat marqu\u00e9 pour la m\u00e9ditation et la relaxation. La pratique r\u00e9guli\u00e8re de ces m\u00e9thodes m&rsquo;a r\u00e9v\u00e9l\u00e9 leurs bienfaits majeurs.\n<br><br>\nJe suis sp\u00e9cialis\u00e9 dans l&rsquo;accompagnement au deuil, avec une attention particuli\u00e8re pour les mamans endeuill\u00e9es. Cette sp\u00e9cialisation est le reflet de mon engagement \u00e0 offrir un soutien sp\u00e9cifique et empathique \u00e0 ceux qui traversent des moments particuli\u00e8rement difficiles.\n<br><br>\nMon int\u00e9r\u00eat pour le deuil n&rsquo;est pas nouveau ; il s\u2019agit d\u2019un cheminement o\u00f9 j\u2019aide les personnes \u00e0 red\u00e9finir un sens \u00e0 leur vie en pr\u00e9sence de l&rsquo;absence.\n<br><br>\nJ\u2019a cr\u00e9e un groupe Facebook (la voix des mamans endeuill\u00e9es )pour ces mamans afin de leur donner des ressources et un espace de partage.\n<br><br>\nJe ne cesse d\u2019apprendre \u00e0 m\u2019adapter aux besoins de mes clients. De ce fait, j\u2019utilise des outils compl\u00e9mentaires comme le tarot psychologique et la composition musicale lors de mes accompagnements.\t\t\t\t\t<\/div>\n\t\t\t\t\t\t<\/div>\n\t\t\t\t<\/div>\n\t\t\t\t\t\t<\/div>\n\t\t\t\t\t<\/div>\n\t\t<\/div>\n\t\t\t\t\t\t\t\t<\/div>\n\t\t\t\t\t<\/div>\n\t\t<\/section>\n\t\t\t\t<section class=\"elementor-section elementor-top-section elementor-element elementor-element-facab57 elementor-section-boxed elementor-section-height-default elementor-section-height-default\" data-id=\"facab57\" data-element_type=\"section\">\n\t\t\t\t\t\t<div class=\"elementor-container elementor-column-gap-default\">\n\t\t\t\t\t\t\t<div class=\"elementor-row\">\n\t\t\t\t\t<div class=\"elementor-column elementor-col-50 elementor-top-column elementor-element elementor-element-69c9c50\" data-id=\"69c9c50\" data-element_type=\"column\">\n\t\t\t<div class=\"elementor-column-wrap elementor-element-populated\">\n\t\t\t\t\t\t\t<div class=\"elementor-widget-wrap\">\n\t\t\t\t\t\t<div class=\"elementor-element elementor-element-f7cfbf3 elementor-widget elementor-widget-text-editor\" data-id=\"f7cfbf3\" data-element_type=\"widget\" data-widget_type=\"text-editor.default\">\n\t\t\t\t<div class=\"elementor-widget-container\">\n\t\t\t\t\t\t\t\t<div class=\"elementor-text-editor elementor-clearfix\">\n\t\t\t\t<p style=\"border: #c1c1c1 1px solid; text-align: center; font-size: 30px; margin-bottom: 2px;\">Contact<\/p>\n<p style=\"border: #c1c1c1 1px solid; text-align: center; font-size: 16px; padding: 20px;\">Pour toute question ou prise de rdv, vous pouvez me contacter au 06.64.03.38.71<br><br>\n<a style=\"font-weight: var( --e-global-typography-text-font-weight ); background-color: #ffffff; font-family: 'Roboto Condensed', sans-serif; font-size: 33px; text-align: center;\" href=\"https:\/\/www.facebook.com\/profile.php?id=100091980304662\" target=\"_blank\" rel=\"nofollow noopener\"><img src=\"https:\/\/polesantesaintdie.fr\/wp-content\/uploads\/2020\/12\/facebook.png\" width=\"30px\" \/>\u00a0\n<span style=\"font-size: 14px;\">PIATKOWSKI Christophe (Facebook)<\/span><\/a>\n<\/p>\t\t\t\t\t<\/div>\n\t\t\t\t\t\t<\/div>\n\t\t\t\t<\/div>\n\t\t\t\t\t\t<\/div>\n\t\t\t\t\t<\/div>\n\t\t<\/div>\n\t\t\t\t<div class=\"elementor-column elementor-col-50 elementor-top-column elementor-element elementor-element-357c3c8\" data-id=\"357c3c8\" data-element_type=\"column\">\n\t\t\t<div class=\"elementor-column-wrap elementor-element-populated\">\n\t\t\t\t\t\t\t<div class=\"elementor-widget-wrap\">\n\t\t\t\t\t\t<div class=\"elementor-element elementor-element-ed0fe54 elementor-widget elementor-widget-text-editor\" data-id=\"ed0fe54\" data-element_type=\"widget\" data-widget_type=\"text-editor.default\">\n\t\t\t\t<div class=\"elementor-widget-container\">\n\t\t\t\t\t\t\t\t<div class=\"elementor-text-editor elementor-clearfix\">\n\t\t\t\t<p style=\"border: 1px solid #c1c1c1; text-align: center;font-size: 30px; margin-bottom: 2px;\">S\u00e9ance individuelle<\/p>\n<p style=\"border: #c1c1c1 1px solid; text-align: center; font-size: 16px; padding: 20px;\">1 heure adulte au p\u00f4le sant\u00e9 bien-\u00eatre : <b>50 \u20ac<\/b><br>\nN\u2019h\u00e9sitez pas \u00e0 prendre contact avec votre mutuelle, sachez que plusieurs mutuelles acceptent de rembourser les s\u00e9ances de sophrologie.<br><br>\n\nEntreprise : <b>Sur devis<\/b>.<br>\nJ\u2019interviens dans les structures m\u00e9dico-sociales ainsi que dans les entreprises en proposant des s\u00e9ances de groupe aux salari\u00e9s.\n<\/p>\t\t\t\t\t<\/div>\n\t\t\t\t\t\t<\/div>\n\t\t\t\t<\/div>\n\t\t\t\t\t\t<\/div>\n\t\t\t\t\t<\/div>\n\t\t<\/div>\n\t\t\t\t\t\t\t\t<\/div>\n\t\t\t\t\t<\/div>\n\t\t<\/section>\n\t\t\t\t<section class=\"elementor-section elementor-top-section elementor-element elementor-element-b2d48d5 elementor-section-boxed elementor-section-height-default elementor-section-height-default\" data-id=\"b2d48d5\" data-element_type=\"section\">\n\t\t\t\t\t\t<div class=\"elementor-container elementor-column-gap-default\">\n\t\t\t\t\t\t\t<div class=\"elementor-row\">\n\t\t\t\t\t<div class=\"elementor-column elementor-col-100 elementor-top-column elementor-element elementor-element-41bc683\" data-id=\"41bc683\" data-element_type=\"column\">\n\t\t\t<div class=\"elementor-column-wrap elementor-element-populated\">\n\t\t\t\t\t\t\t<div class=\"elementor-widget-wrap\">\n\t\t\t\t\t\t<div class=\"elementor-element elementor-element-2f9a695 elementor-widget elementor-widget-text-editor\" data-id=\"2f9a695\" data-element_type=\"widget\" data-widget_type=\"text-editor.default\">\n\t\t\t\t<div class=\"elementor-widget-container\">\n\t\t\t\t\t\t\t\t<div class=\"elementor-text-editor elementor-clearfix\">\n\t\t\t\t<p><span style=\"font-weight: bolder;\">La sophrologie :<\/span><\/p>\n<p class=\"has-medium-font-size\"><span style=\"font-size: 16px;\">La sophrologie est une pratique qui nous enseigne comment harmoniser notre corps et notre esprit pour atteindre un \u00e9tat de bien-\u00eatre durable. Elle repose sur des techniques verbales, sans aucun contact physique, guidant l&rsquo;individu \u00e0 travers des exercices sp\u00e9cifiques. Ces exercices, centr\u00e9s sur la respiration, la relaxation musculaire et la visualisation, nous aident \u00e0 plonger dans un voyage int\u00e9rieur enrichissant.<\/span><\/p><p class=\"has-medium-font-size\"><span style=\"font-size: 16px;\">Cette m\u00e9thode est un v\u00e9ritable outil de connaissance de soi, permettant de faire face avec plus de s\u00e9r\u00e9nit\u00e9 aux diverses situations du quotidien. Elle est particuli\u00e8rement efficace pour r\u00e9duire le stress, am\u00e9liorer la qualit\u00e9 du sommeil, et se pr\u00e9parer mentalement \u00e0 des \u00e9v\u00e9nements significatifs de la vie, tels que les examens, les comp\u00e9titions sportives, ou encore les accouchements.<\/span><\/p><p class=\"has-medium-font-size\"><span style=\"font-size: 16px;\">En outre, la sophrologie se r\u00e9v\u00e8le \u00eatre un soutien inestimable dans le processus de deuil, offrant des cl\u00e9s pour mieux g\u00e9rer ses \u00e9motions et avancer sur le chemin de la r\u00e9silience . Elle aide \u00e0 construire une relation apais\u00e9e avec les \u00e9v\u00e9nements de vie difficiles, permettant \u00e0 chacun de trouver en lui les ressources n\u00e9cessaires pour faire face.<\/span><\/p><p class=\"has-medium-font-size\"><span style=\"font-size: 16px;\">En somme, la sophrologie est une invitation \u00e0 se reconnecter avec soi-m\u00eame, \u00e0 r\u00e9veiller son potentiel et \u00e0 vivre chaque moment avec plus de pr\u00e9sence et de paix int\u00e9rieure.<\/span><\/p>\t\t\t\t\t<\/div>\n\t\t\t\t\t\t<\/div>\n\t\t\t\t<\/div>\n\t\t\t\t\t\t<\/div>\n\t\t\t\t\t<\/div>\n\t\t<\/div>\n\t\t\t\t\t\t\t\t<\/div>\n\t\t\t\t\t<\/div>\n\t\t<\/section>\n\t\t\t\t\t\t\t\t\t<\/div>\n\t\t\t<\/div>\n\t\t\t\t\t<\/div>\n\t\t","protected":false},"excerpt":{"rendered":"<p>Je m\u2019appelle Christophe. Je suis sophrologue, musicien et papa d\u2019un petit gar\u00e7on.\u00a0 Mon parcours dans le domaine du bien-\u00eatre et de l&rsquo;accompagnement est profond\u00e9ment ancr\u00e9 dans mes exp\u00e9riences personnelles et professionnelles, notamment dans ma pr\u00e9c\u00e9dente\u00a0activit\u00e9 d\u2019aide m\u00e9dico psychologique aupr\u00e8s de personnes en situation de handicap.\u00a0 Cette partie de ma vie m&rsquo;a appris l&rsquo;importance de l&#8217;empathie, <\/p>\n<div class=\"read-more-text\"><a href=\"https:\/\/polesantesaintdie.fr\/?page_id=1600\" class=\"readmore\">read more<\/a><\/div>\n","protected":false},"author":1,"featured_media":0,"parent":0,"menu_order":0,"comment_status":"closed","ping_status":"closed","template":"","meta":[],"yoast_head":"<!-- This site is optimized with the Yoast SEO plugin v15.8 - https:\/\/yoast.com\/wordpress\/plugins\/seo\/ -->\n<title>PIATKOWSKI Christophe -<\/title>\n<meta name=\"robots\" content=\"index, follow, max-snippet:-1, max-image-preview:large, max-video-preview:-1\" \/>\n<link rel=\"canonical\" href=\"https:\/\/polesantesaintdie.fr\/?page_id=1600\" \/>\n<meta property=\"og:locale\" content=\"fr_FR\" \/>\n<meta property=\"og:type\" content=\"article\" \/>\n<meta property=\"og:title\" content=\"PIATKOWSKI Christophe -\" \/>\n<meta property=\"og:description\" content=\"Je m\u2019appelle Christophe. Je suis sophrologue, musicien et papa d\u2019un petit gar\u00e7on.\u00a0 Mon parcours dans le domaine du bien-\u00eatre et de l&rsquo;accompagnement est profond\u00e9ment ancr\u00e9 dans mes exp\u00e9riences personnelles et professionnelles, notamment dans ma pr\u00e9c\u00e9dente\u00a0activit\u00e9 d\u2019aide m\u00e9dico psychologique aupr\u00e8s de personnes en situation de handicap.\u00a0 Cette partie de ma vie m&rsquo;a appris l&rsquo;importance de l&#8217;empathie, read more\" \/>\n<meta property=\"og:url\" content=\"https:\/\/polesantesaintdie.fr\/?page_id=1600\" \/>\n<meta property=\"article:publisher\" content=\"https:\/\/www.facebook.com\/pages\/category\/Health-Beauty\/P%c3%b4le-sant%c3%a9-et-bien-%c3%aatre-Saint-Di%c3%a9-des-Vosges-101476071573629\/\" \/>\n<meta property=\"article:modified_time\" content=\"2024-11-23T08:43:13+00:00\" \/>\n<meta property=\"og:image\" content=\"https:\/\/polesantesaintdie.fr\/wp-content\/uploads\/2024\/11\/Christophe_PIATKOWSKI.jpg\" \/>\n<meta name=\"twitter:card\" content=\"summary_large_image\" \/>\n<meta name=\"twitter:label1\" content=\"Dur\u00e9e de lecture est.\">\n\t<meta name=\"twitter:data1\" content=\"3 minutes\">\n<script type=\"application\/ld+json\" class=\"yoast-schema-graph\">{\"@context\":\"https:\/\/schema.org\",\"@graph\":[{\"@type\":\"Organization\",\"@id\":\"https:\/\/polesantesaintdie.fr\/#organization\",\"name\":\"Le p\\u00f4le Sant\\u00e9 & Bien-\\u00eatre de Saint-Di\\u00e9\",\"url\":\"https:\/\/polesantesaintdie.fr\/\",\"sameAs\":[\"https:\/\/www.facebook.com\/pages\/category\/Health-Beauty\/P\\u00f4le-sant\\u00e9-et-bien-\\u00eatre-Saint-Di\\u00e9-des-Vosges-101476071573629\/\"],\"logo\":{\"@type\":\"ImageObject\",\"@id\":\"https:\/\/polesantesaintdie.fr\/#logo\",\"inLanguage\":\"fr-FR\",\"url\":\"https:\/\/polesantesaintdie.fr\/wp-content\/uploads\/2020\/11\/logo-1.png\",\"width\":329,\"height\":218,\"caption\":\"Le p\\u00f4le Sant\\u00e9 & Bien-\\u00eatre de Saint-Di\\u00e9\"},\"image\":{\"@id\":\"https:\/\/polesantesaintdie.fr\/#logo\"}},{\"@type\":\"WebSite\",\"@id\":\"https:\/\/polesantesaintdie.fr\/#website\",\"url\":\"https:\/\/polesantesaintdie.fr\/\",\"name\":\"\",\"description\":\"Le p\\u00f4le Sant\\u00e9 &amp; Bien-\\u00eatre de Saint-Di\\u00e9\",\"publisher\":{\"@id\":\"https:\/\/polesantesaintdie.fr\/#organization\"},\"potentialAction\":[{\"@type\":\"SearchAction\",\"target\":\"https:\/\/polesantesaintdie.fr\/?s={search_term_string}\",\"query-input\":\"required name=search_term_string\"}],\"inLanguage\":\"fr-FR\"},{\"@type\":\"ImageObject\",\"@id\":\"https:\/\/polesantesaintdie.fr\/?page_id=1600#primaryimage\",\"inLanguage\":\"fr-FR\",\"url\":\"https:\/\/polesantesaintdie.fr\/wp-content\/uploads\/2024\/11\/Christophe_PIATKOWSKI.jpg\",\"width\":300,\"height\":300,\"caption\":\"Christophe_PIATKOWSKI\"},{\"@type\":\"WebPage\",\"@id\":\"https:\/\/polesantesaintdie.fr\/?page_id=1600#webpage\",\"url\":\"https:\/\/polesantesaintdie.fr\/?page_id=1600\",\"name\":\"PIATKOWSKI Christophe -\",\"isPartOf\":{\"@id\":\"https:\/\/polesantesaintdie.fr\/#website\"},\"primaryImageOfPage\":{\"@id\":\"https:\/\/polesantesaintdie.fr\/?page_id=1600#primaryimage\"},\"datePublished\":\"2024-11-23T08:08:38+00:00\",\"dateModified\":\"2024-11-23T08:43:13+00:00\",\"breadcrumb\":{\"@id\":\"https:\/\/polesantesaintdie.fr\/?page_id=1600#breadcrumb\"},\"inLanguage\":\"fr-FR\",\"potentialAction\":[{\"@type\":\"ReadAction\",\"target\":[\"https:\/\/polesantesaintdie.fr\/?page_id=1600\"]}]},{\"@type\":\"BreadcrumbList\",\"@id\":\"https:\/\/polesantesaintdie.fr\/?page_id=1600#breadcrumb\",\"itemListElement\":[{\"@type\":\"ListItem\",\"position\":1,\"item\":{\"@type\":\"WebPage\",\"@id\":\"https:\/\/polesantesaintdie.fr\/\",\"url\":\"https:\/\/polesantesaintdie.fr\/\",\"name\":\"Accueil\"}},{\"@type\":\"ListItem\",\"position\":2,\"item\":{\"@type\":\"WebPage\",\"@id\":\"https:\/\/polesantesaintdie.fr\/?page_id=1600\",\"url\":\"https:\/\/polesantesaintdie.fr\/?page_id=1600\",\"name\":\"PIATKOWSKI Christophe\"}}]}]}<\/script>\n<!-- \/ Yoast SEO plugin. -->","_links":{"self":[{"href":"https:\/\/polesantesaintdie.fr\/index.php?rest_route=\/wp\/v2\/pages\/1600"}],"collection":[{"href":"https:\/\/polesantesaintdie.fr\/index.php?rest_route=\/wp\/v2\/pages"}],"about":[{"href":"https:\/\/polesantesaintdie.fr\/index.php?rest_route=\/wp\/v2\/types\/page"}],"author":[{"embeddable":true,"href":"https:\/\/polesantesaintdie.fr\/index.php?rest_route=\/wp\/v2\/users\/1"}],"replies":[{"embeddable":true,"href":"https:\/\/polesantesaintdie.fr\/index.php?rest_route=%2Fwp%2Fv2%2Fcomments&post=1600"}],"version-history":[{"count":43,"href":"https:\/\/polesantesaintdie.fr\/index.php?rest_route=\/wp\/v2\/pages\/1600\/revisions"}],"predecessor-version":[{"id":1648,"href":"https:\/\/polesantesaintdie.fr\/index.php?rest_route=\/wp\/v2\/pages\/1600\/revisions\/1648"}],"wp:attachment":[{"href":"https:\/\/polesantesaintdie.fr\/index.php?rest_route=%2Fwp%2Fv2%2Fmedia&parent=1600"}],"curies":[{"name":"wp","href":"https:\/\/api.w.org\/{rel}","templated":true}]}}