{"id":1587,"date":"2024-11-17T22:09:04","date_gmt":"2024-11-17T21:09:04","guid":{"rendered":"https:\/\/polesantesaintdie.fr\/?page_id=1587"},"modified":"2024-11-17T22:11:49","modified_gmt":"2024-11-17T21:11:49","slug":"impedancemetrie","status":"publish","type":"page","link":"https:\/\/polesantesaintdie.fr\/?page_id=1587","title":{"rendered":"Imp\u00e9dancem\u00e9trie"},"content":{"rendered":"\t\t<div data-elementor-type=\"wp-page\" data-elementor-id=\"1587\" class=\"elementor elementor-1587\">\n\t\t\t\t\t\t<div class=\"elementor-inner\">\n\t\t\t\t<div class=\"elementor-section-wrap\">\n\t\t\t\t\t\t\t\t\t<section class=\"elementor-section elementor-top-section elementor-element elementor-element-1da66f6 elementor-section-boxed elementor-section-height-default elementor-section-height-default\" data-id=\"1da66f6\" data-element_type=\"section\">\n\t\t\t\t\t\t<div class=\"elementor-container elementor-column-gap-default\">\n\t\t\t\t\t\t\t<div class=\"elementor-row\">\n\t\t\t\t\t<div class=\"elementor-column elementor-col-50 elementor-top-column elementor-element elementor-element-4c774f6\" data-id=\"4c774f6\" data-element_type=\"column\">\n\t\t\t<div class=\"elementor-column-wrap elementor-element-populated\">\n\t\t\t\t\t\t\t<div class=\"elementor-widget-wrap\">\n\t\t\t\t\t\t<div class=\"elementor-element elementor-element-5b5b03c elementor-widget elementor-widget-image\" data-id=\"5b5b03c\" data-element_type=\"widget\" data-widget_type=\"image.default\">\n\t\t\t\t<div class=\"elementor-widget-container\">\n\t\t\t\t\t\t\t\t<div class=\"elementor-image\">\n\t\t\t\t\t\t\t\t\t\t\t\t<img width=\"300\" height=\"300\" src=\"https:\/\/polesantesaintdie.fr\/wp-content\/uploads\/2024\/11\/z-metrix-2-300x300.jpg\" class=\"attachment-medium size-medium wp-image-1590\" alt=\"\" loading=\"lazy\" srcset=\"https:\/\/polesantesaintdie.fr\/wp-content\/uploads\/2024\/11\/z-metrix-2-300x300.jpg 300w, https:\/\/polesantesaintdie.fr\/wp-content\/uploads\/2024\/11\/z-metrix-2-150x150.jpg 150w, https:\/\/polesantesaintdie.fr\/wp-content\/uploads\/2024\/11\/z-metrix-2.jpg 600w\" sizes=\"(max-width: 300px) 100vw, 300px\" \/>\t\t\t\t\t\t\t\t\t\t\t\t\t\t<\/div>\n\t\t\t\t\t\t<\/div>\n\t\t\t\t<\/div>\n\t\t\t\t\t\t<\/div>\n\t\t\t\t\t<\/div>\n\t\t<\/div>\n\t\t\t\t<div class=\"elementor-column elementor-col-50 elementor-top-column elementor-element elementor-element-ac902aa\" data-id=\"ac902aa\" data-element_type=\"column\">\n\t\t\t<div class=\"elementor-column-wrap elementor-element-populated\">\n\t\t\t\t\t\t\t<div class=\"elementor-widget-wrap\">\n\t\t\t\t\t\t<div class=\"elementor-element elementor-element-bb782c0 elementor-widget elementor-widget-text-editor\" data-id=\"bb782c0\" data-element_type=\"widget\" data-widget_type=\"text-editor.default\">\n\t\t\t\t<div class=\"elementor-widget-container\">\n\t\t\t\t\t\t\t\t<div class=\"elementor-text-editor elementor-clearfix\">\n\t\t\t\tZ-M\u00e9trix<br \/>\nCet appareil d\u2019imp\u00e9dancem\u00e9trie de marque fran\u00e7aise fabriqu\u00e9 par Biopharhom est le seul reconnu par l\u2019ARS.<br \/>\nIl permet de mesurer objectivement plusieurs donn\u00e9es\u00a0:<br \/><br \/>\n&#8211; Masse grasse<br \/>\n&#8211; Masse musculaire<br \/>\n&#8211; Taux d\u2019hydratation<br \/>\n&#8211; Contenu prot\u00e9ique<br \/>\n&#8211; Contenu min\u00e9ral osseux<br \/><br \/>\nIl d\u00e9termine l\u2019indice m\u00e9tabolique ainsi que la masse cellulaire active (r\u00e9sistance et r\u00e9activit\u00e9)<br \/>\n<br \/>\nAnalyse rapide et sans douleur<br \/>\t\t\t\t\t<\/div>\n\t\t\t\t\t\t<\/div>\n\t\t\t\t<\/div>\n\t\t\t\t\t\t<\/div>\n\t\t\t\t\t<\/div>\n\t\t<\/div>\n\t\t\t\t\t\t\t\t<\/div>\n\t\t\t\t\t<\/div>\n\t\t<\/section>\n\t\t\t\t\t\t\t\t\t<\/div>\n\t\t\t<\/div>\n\t\t\t\t\t<\/div>\n\t\t","protected":false},"excerpt":{"rendered":"<p>Z-M\u00e9trix Cet appareil d\u2019imp\u00e9dancem\u00e9trie de marque fran\u00e7aise fabriqu\u00e9 par Biopharhom est le seul reconnu par l\u2019ARS. Il permet de mesurer objectivement plusieurs donn\u00e9es\u00a0: &#8211; Masse grasse &#8211; Masse musculaire &#8211; Taux d\u2019hydratation &#8211; Contenu prot\u00e9ique &#8211; Contenu min\u00e9ral osseux Il d\u00e9termine l\u2019indice m\u00e9tabolique ainsi que la masse cellulaire active (r\u00e9sistance et r\u00e9activit\u00e9) Analyse rapide et <\/p>\n<div class=\"read-more-text\"><a href=\"https:\/\/polesantesaintdie.fr\/?page_id=1587\" class=\"readmore\">read more<\/a><\/div>\n","protected":false},"author":1,"featured_media":0,"parent":0,"menu_order":0,"comment_status":"closed","ping_status":"closed","template":"","meta":[],"yoast_head":"<!-- This site is optimized with the Yoast SEO plugin v15.8 - https:\/\/yoast.com\/wordpress\/plugins\/seo\/ -->\n<title>Imp\u00e9dancem\u00e9trie -<\/title>\n<meta name=\"robots\" content=\"index, follow, max-snippet:-1, max-image-preview:large, max-video-preview:-1\" \/>\n<link rel=\"canonical\" href=\"https:\/\/polesantesaintdie.fr\/?page_id=1587\" \/>\n<meta property=\"og:locale\" content=\"fr_FR\" \/>\n<meta property=\"og:type\" content=\"article\" \/>\n<meta property=\"og:title\" content=\"Imp\u00e9dancem\u00e9trie -\" \/>\n<meta property=\"og:description\" content=\"Z-M\u00e9trix Cet appareil d\u2019imp\u00e9dancem\u00e9trie de marque fran\u00e7aise fabriqu\u00e9 par Biopharhom est le seul reconnu par l\u2019ARS. Il permet de mesurer objectivement plusieurs donn\u00e9es\u00a0: &#8211; Masse grasse &#8211; Masse musculaire &#8211; Taux d\u2019hydratation &#8211; Contenu prot\u00e9ique &#8211; Contenu min\u00e9ral osseux Il d\u00e9termine l\u2019indice m\u00e9tabolique ainsi que la masse cellulaire active (r\u00e9sistance et r\u00e9activit\u00e9) Analyse rapide et read more\" \/>\n<meta property=\"og:url\" content=\"https:\/\/polesantesaintdie.fr\/?page_id=1587\" \/>\n<meta property=\"article:publisher\" content=\"https:\/\/www.facebook.com\/pages\/category\/Health-Beauty\/P%c3%b4le-sant%c3%a9-et-bien-%c3%aatre-Saint-Di%c3%a9-des-Vosges-101476071573629\/\" \/>\n<meta property=\"article:modified_time\" content=\"2024-11-17T21:11:49+00:00\" \/>\n<meta property=\"og:image\" content=\"https:\/\/polesantesaintdie.fr\/wp-content\/uploads\/2024\/11\/z-metrix-2-300x300.jpg\" \/>\n<meta name=\"twitter:card\" content=\"summary_large_image\" \/>\n<meta name=\"twitter:label1\" content=\"Dur\u00e9e de lecture est.\">\n\t<meta name=\"twitter:data1\" content=\"1 minute\">\n<script type=\"application\/ld+json\" class=\"yoast-schema-graph\">{\"@context\":\"https:\/\/schema.org\",\"@graph\":[{\"@type\":\"Organization\",\"@id\":\"https:\/\/polesantesaintdie.fr\/#organization\",\"name\":\"Le p\\u00f4le Sant\\u00e9 & Bien-\\u00eatre de Saint-Di\\u00e9\",\"url\":\"https:\/\/polesantesaintdie.fr\/\",\"sameAs\":[\"https:\/\/www.facebook.com\/pages\/category\/Health-Beauty\/P\\u00f4le-sant\\u00e9-et-bien-\\u00eatre-Saint-Di\\u00e9-des-Vosges-101476071573629\/\"],\"logo\":{\"@type\":\"ImageObject\",\"@id\":\"https:\/\/polesantesaintdie.fr\/#logo\",\"inLanguage\":\"fr-FR\",\"url\":\"https:\/\/polesantesaintdie.fr\/wp-content\/uploads\/2020\/11\/logo-1.png\",\"width\":329,\"height\":218,\"caption\":\"Le p\\u00f4le Sant\\u00e9 & Bien-\\u00eatre de Saint-Di\\u00e9\"},\"image\":{\"@id\":\"https:\/\/polesantesaintdie.fr\/#logo\"}},{\"@type\":\"WebSite\",\"@id\":\"https:\/\/polesantesaintdie.fr\/#website\",\"url\":\"https:\/\/polesantesaintdie.fr\/\",\"name\":\"\",\"description\":\"Le p\\u00f4le Sant\\u00e9 &amp; Bien-\\u00eatre de Saint-Di\\u00e9\",\"publisher\":{\"@id\":\"https:\/\/polesantesaintdie.fr\/#organization\"},\"potentialAction\":[{\"@type\":\"SearchAction\",\"target\":\"https:\/\/polesantesaintdie.fr\/?s={search_term_string}\",\"query-input\":\"required name=search_term_string\"}],\"inLanguage\":\"fr-FR\"},{\"@type\":\"ImageObject\",\"@id\":\"https:\/\/polesantesaintdie.fr\/?page_id=1587#primaryimage\",\"inLanguage\":\"fr-FR\",\"url\":\"https:\/\/polesantesaintdie.fr\/wp-content\/uploads\/2024\/11\/z-metrix-2.jpg\",\"width\":600,\"height\":600},{\"@type\":\"WebPage\",\"@id\":\"https:\/\/polesantesaintdie.fr\/?page_id=1587#webpage\",\"url\":\"https:\/\/polesantesaintdie.fr\/?page_id=1587\",\"name\":\"Imp\\u00e9dancem\\u00e9trie -\",\"isPartOf\":{\"@id\":\"https:\/\/polesantesaintdie.fr\/#website\"},\"primaryImageOfPage\":{\"@id\":\"https:\/\/polesantesaintdie.fr\/?page_id=1587#primaryimage\"},\"datePublished\":\"2024-11-17T21:09:04+00:00\",\"dateModified\":\"2024-11-17T21:11:49+00:00\",\"breadcrumb\":{\"@id\":\"https:\/\/polesantesaintdie.fr\/?page_id=1587#breadcrumb\"},\"inLanguage\":\"fr-FR\",\"potentialAction\":[{\"@type\":\"ReadAction\",\"target\":[\"https:\/\/polesantesaintdie.fr\/?page_id=1587\"]}]},{\"@type\":\"BreadcrumbList\",\"@id\":\"https:\/\/polesantesaintdie.fr\/?page_id=1587#breadcrumb\",\"itemListElement\":[{\"@type\":\"ListItem\",\"position\":1,\"item\":{\"@type\":\"WebPage\",\"@id\":\"https:\/\/polesantesaintdie.fr\/\",\"url\":\"https:\/\/polesantesaintdie.fr\/\",\"name\":\"Accueil\"}},{\"@type\":\"ListItem\",\"position\":2,\"item\":{\"@type\":\"WebPage\",\"@id\":\"https:\/\/polesantesaintdie.fr\/?page_id=1587\",\"url\":\"https:\/\/polesantesaintdie.fr\/?page_id=1587\",\"name\":\"Imp\\u00e9dancem\\u00e9trie\"}}]}]}<\/script>\n<!-- \/ Yoast SEO plugin. -->","_links":{"self":[{"href":"https:\/\/polesantesaintdie.fr\/index.php?rest_route=\/wp\/v2\/pages\/1587"}],"collection":[{"href":"https:\/\/polesantesaintdie.fr\/index.php?rest_route=\/wp\/v2\/pages"}],"about":[{"href":"https:\/\/polesantesaintdie.fr\/index.php?rest_route=\/wp\/v2\/types\/page"}],"author":[{"embeddable":true,"href":"https:\/\/polesantesaintdie.fr\/index.php?rest_route=\/wp\/v2\/users\/1"}],"replies":[{"embeddable":true,"href":"https:\/\/polesantesaintdie.fr\/index.php?rest_route=%2Fwp%2Fv2%2Fcomments&post=1587"}],"version-history":[{"count":4,"href":"https:\/\/polesantesaintdie.fr\/index.php?rest_route=\/wp\/v2\/pages\/1587\/revisions"}],"predecessor-version":[{"id":1593,"href":"https:\/\/polesantesaintdie.fr\/index.php?rest_route=\/wp\/v2\/pages\/1587\/revisions\/1593"}],"wp:attachment":[{"href":"https:\/\/polesantesaintdie.fr\/index.php?rest_route=%2Fwp%2Fv2%2Fmedia&parent=1587"}],"curies":[{"name":"wp","href":"https:\/\/api.w.org\/{rel}","templated":true}]}}