{"id":1507,"date":"2023-07-11T23:32:01","date_gmt":"2023-07-11T21:32:01","guid":{"rendered":"https:\/\/polesantesaintdie.fr\/?page_id=1507"},"modified":"2023-07-11T23:33:54","modified_gmt":"2023-07-11T21:33:54","slug":"lipolaser","status":"publish","type":"page","link":"https:\/\/polesantesaintdie.fr\/?page_id=1507","title":{"rendered":"Lipolaser"},"content":{"rendered":"\t\t<div data-elementor-type=\"wp-page\" data-elementor-id=\"1507\" class=\"elementor elementor-1507\">\n\t\t\t\t\t\t<div class=\"elementor-inner\">\n\t\t\t\t<div class=\"elementor-section-wrap\">\n\t\t\t\t\t\t\t\t\t<section class=\"elementor-section elementor-top-section elementor-element elementor-element-ab8f381 elementor-section-boxed elementor-section-height-default elementor-section-height-default\" data-id=\"ab8f381\" data-element_type=\"section\">\n\t\t\t\t\t\t<div class=\"elementor-container elementor-column-gap-default\">\n\t\t\t\t\t\t\t<div class=\"elementor-row\">\n\t\t\t\t\t<div class=\"elementor-column elementor-col-100 elementor-top-column elementor-element elementor-element-d56974f\" data-id=\"d56974f\" data-element_type=\"column\">\n\t\t\t<div class=\"elementor-column-wrap elementor-element-populated\">\n\t\t\t\t\t\t\t<div class=\"elementor-widget-wrap\">\n\t\t\t\t\t\t<div class=\"elementor-element elementor-element-35aeeee elementor-widget elementor-widget-text-editor\" data-id=\"35aeeee\" data-element_type=\"widget\" data-widget_type=\"text-editor.default\">\n\t\t\t\t<div class=\"elementor-widget-container\">\n\t\t\t\t\t\t\t\t<div class=\"elementor-text-editor elementor-clearfix\">\n\t\t\t\t<div>Mincir&nbsp;sans effort!<\/div>\n<div>Gr\u00e2ce \u00e0 la double action du laser froid et de la pressoth\u00e9rapie.<\/div>\n<div>Action<br>\n en profondeur sur les cellules adipeuses gr\u00e2ce au laser froid,<br>\nindolore, sans chaleur, non invasive et sans effets secondaires.<\/div>\n<div><br><\/div>\n<div>Des r\u00e9sultats visibles :&nbsp;<\/div>\n<div>&#8211; Affine la silhouette<\/div>\n<div>&#8211; R\u00e9duction de la cellulite<\/div>\n<div>&#8211; Diminution des centim\u00e8tres<\/div>\n<div>&#8211; Diminution de la peau d&rsquo;orange&nbsp;<\/div>\n<div>&#8211; Am\u00e9lioration et drainage de la circulation sanguine et lymphatique<\/div>\n<div><br><\/div>\n<div>Tarifs :<\/div>\n<div>S\u00e9ance d\u00e9couverte : 30\u20ac<\/div>\n<div>S\u00e9ance \u00e0 l&rsquo;unit\u00e9 : 60\u20ac<\/div>\n<div><br><\/div>\n<div>Tarifs cures :&nbsp;<\/div>\n<div>Cure de 6 s\u00e9ances : 350\u20ac<\/div>\n<div>Cure de 10 s\u00e9ances : 500\u20ac<\/div>\n<div><br><\/div>\n<div>Pour toutes informations ou prise de rendez-vous, n&rsquo;h\u00e9sitez pas \u00e0 nous contacter au : 07.49.06.87.17<\/div>\t\t\t\t\t<\/div>\n\t\t\t\t\t\t<\/div>\n\t\t\t\t<\/div>\n\t\t\t\t\t\t<\/div>\n\t\t\t\t\t<\/div>\n\t\t<\/div>\n\t\t\t\t\t\t\t\t<\/div>\n\t\t\t\t\t<\/div>\n\t\t<\/section>\n\t\t\t\t\t\t\t\t\t<\/div>\n\t\t\t<\/div>\n\t\t\t\t\t<\/div>\n\t\t","protected":false},"excerpt":{"rendered":"<p>Mincir&nbsp;sans effort! Gr\u00e2ce \u00e0 la double action du laser froid et de la pressoth\u00e9rapie. Action en profondeur sur les cellules adipeuses gr\u00e2ce au laser froid, indolore, sans chaleur, non invasive et sans effets secondaires. Des r\u00e9sultats visibles :&nbsp; &#8211; Affine la silhouette &#8211; R\u00e9duction de la cellulite &#8211; Diminution des centim\u00e8tres &#8211; Diminution de la <\/p>\n<div class=\"read-more-text\"><a href=\"https:\/\/polesantesaintdie.fr\/?page_id=1507\" class=\"readmore\">read more<\/a><\/div>\n","protected":false},"author":1,"featured_media":0,"parent":0,"menu_order":0,"comment_status":"closed","ping_status":"closed","template":"","meta":[],"yoast_head":"<!-- This site is optimized with the Yoast SEO plugin v15.8 - https:\/\/yoast.com\/wordpress\/plugins\/seo\/ -->\n<title>Lipolaser -<\/title>\n<meta name=\"robots\" content=\"index, follow, max-snippet:-1, max-image-preview:large, max-video-preview:-1\" \/>\n<link rel=\"canonical\" href=\"https:\/\/polesantesaintdie.fr\/?page_id=1507\" \/>\n<meta property=\"og:locale\" content=\"fr_FR\" \/>\n<meta property=\"og:type\" content=\"article\" \/>\n<meta property=\"og:title\" content=\"Lipolaser -\" \/>\n<meta property=\"og:description\" content=\"Mincir&nbsp;sans effort! Gr\u00e2ce \u00e0 la double action du laser froid et de la pressoth\u00e9rapie. Action en profondeur sur les cellules adipeuses gr\u00e2ce au laser froid, indolore, sans chaleur, non invasive et sans effets secondaires. Des r\u00e9sultats visibles :&nbsp; &#8211; Affine la silhouette &#8211; R\u00e9duction de la cellulite &#8211; Diminution des centim\u00e8tres &#8211; Diminution de la read more\" \/>\n<meta property=\"og:url\" content=\"https:\/\/polesantesaintdie.fr\/?page_id=1507\" \/>\n<meta property=\"article:publisher\" content=\"https:\/\/www.facebook.com\/pages\/category\/Health-Beauty\/P%c3%b4le-sant%c3%a9-et-bien-%c3%aatre-Saint-Di%c3%a9-des-Vosges-101476071573629\/\" \/>\n<meta property=\"article:modified_time\" content=\"2023-07-11T21:33:54+00:00\" \/>\n<meta name=\"twitter:card\" content=\"summary_large_image\" \/>\n<meta name=\"twitter:label1\" content=\"Dur\u00e9e de lecture est.\">\n\t<meta name=\"twitter:data1\" content=\"1 minute\">\n<script type=\"application\/ld+json\" class=\"yoast-schema-graph\">{\"@context\":\"https:\/\/schema.org\",\"@graph\":[{\"@type\":\"Organization\",\"@id\":\"https:\/\/polesantesaintdie.fr\/#organization\",\"name\":\"Le p\\u00f4le Sant\\u00e9 & Bien-\\u00eatre de Saint-Di\\u00e9\",\"url\":\"https:\/\/polesantesaintdie.fr\/\",\"sameAs\":[\"https:\/\/www.facebook.com\/pages\/category\/Health-Beauty\/P\\u00f4le-sant\\u00e9-et-bien-\\u00eatre-Saint-Di\\u00e9-des-Vosges-101476071573629\/\"],\"logo\":{\"@type\":\"ImageObject\",\"@id\":\"https:\/\/polesantesaintdie.fr\/#logo\",\"inLanguage\":\"fr-FR\",\"url\":\"https:\/\/polesantesaintdie.fr\/wp-content\/uploads\/2020\/11\/logo-1.png\",\"width\":329,\"height\":218,\"caption\":\"Le p\\u00f4le Sant\\u00e9 & Bien-\\u00eatre de Saint-Di\\u00e9\"},\"image\":{\"@id\":\"https:\/\/polesantesaintdie.fr\/#logo\"}},{\"@type\":\"WebSite\",\"@id\":\"https:\/\/polesantesaintdie.fr\/#website\",\"url\":\"https:\/\/polesantesaintdie.fr\/\",\"name\":\"\",\"description\":\"Le p\\u00f4le Sant\\u00e9 &amp; Bien-\\u00eatre de Saint-Di\\u00e9\",\"publisher\":{\"@id\":\"https:\/\/polesantesaintdie.fr\/#organization\"},\"potentialAction\":[{\"@type\":\"SearchAction\",\"target\":\"https:\/\/polesantesaintdie.fr\/?s={search_term_string}\",\"query-input\":\"required name=search_term_string\"}],\"inLanguage\":\"fr-FR\"},{\"@type\":\"WebPage\",\"@id\":\"https:\/\/polesantesaintdie.fr\/?page_id=1507#webpage\",\"url\":\"https:\/\/polesantesaintdie.fr\/?page_id=1507\",\"name\":\"Lipolaser -\",\"isPartOf\":{\"@id\":\"https:\/\/polesantesaintdie.fr\/#website\"},\"datePublished\":\"2023-07-11T21:32:01+00:00\",\"dateModified\":\"2023-07-11T21:33:54+00:00\",\"breadcrumb\":{\"@id\":\"https:\/\/polesantesaintdie.fr\/?page_id=1507#breadcrumb\"},\"inLanguage\":\"fr-FR\",\"potentialAction\":[{\"@type\":\"ReadAction\",\"target\":[\"https:\/\/polesantesaintdie.fr\/?page_id=1507\"]}]},{\"@type\":\"BreadcrumbList\",\"@id\":\"https:\/\/polesantesaintdie.fr\/?page_id=1507#breadcrumb\",\"itemListElement\":[{\"@type\":\"ListItem\",\"position\":1,\"item\":{\"@type\":\"WebPage\",\"@id\":\"https:\/\/polesantesaintdie.fr\/\",\"url\":\"https:\/\/polesantesaintdie.fr\/\",\"name\":\"Accueil\"}},{\"@type\":\"ListItem\",\"position\":2,\"item\":{\"@type\":\"WebPage\",\"@id\":\"https:\/\/polesantesaintdie.fr\/?page_id=1507\",\"url\":\"https:\/\/polesantesaintdie.fr\/?page_id=1507\",\"name\":\"Lipolaser\"}}]}]}<\/script>\n<!-- \/ Yoast SEO plugin. -->","_links":{"self":[{"href":"https:\/\/polesantesaintdie.fr\/index.php?rest_route=\/wp\/v2\/pages\/1507"}],"collection":[{"href":"https:\/\/polesantesaintdie.fr\/index.php?rest_route=\/wp\/v2\/pages"}],"about":[{"href":"https:\/\/polesantesaintdie.fr\/index.php?rest_route=\/wp\/v2\/types\/page"}],"author":[{"embeddable":true,"href":"https:\/\/polesantesaintdie.fr\/index.php?rest_route=\/wp\/v2\/users\/1"}],"replies":[{"embeddable":true,"href":"https:\/\/polesantesaintdie.fr\/index.php?rest_route=%2Fwp%2Fv2%2Fcomments&post=1507"}],"version-history":[{"count":8,"href":"https:\/\/polesantesaintdie.fr\/index.php?rest_route=\/wp\/v2\/pages\/1507\/revisions"}],"predecessor-version":[{"id":1516,"href":"https:\/\/polesantesaintdie.fr\/index.php?rest_route=\/wp\/v2\/pages\/1507\/revisions\/1516"}],"wp:attachment":[{"href":"https:\/\/polesantesaintdie.fr\/index.php?rest_route=%2Fwp%2Fv2%2Fmedia&parent=1507"}],"curies":[{"name":"wp","href":"https:\/\/api.w.org\/{rel}","templated":true}]}}