{"id":1370,"date":"2022-08-01T11:58:33","date_gmt":"2022-08-01T09:58:33","guid":{"rendered":"https:\/\/polesantesaintdie.fr\/?page_id=1370"},"modified":"2026-04-09T21:26:32","modified_gmt":"2026-04-09T19:26:32","slug":"muller-marielle","status":"publish","type":"page","link":"https:\/\/polesantesaintdie.fr\/?page_id=1370","title":{"rendered":"MULLER Marielle"},"content":{"rendered":"\t\t<div data-elementor-type=\"wp-page\" data-elementor-id=\"1370\" class=\"elementor elementor-1370\">\n\t\t\t\t\t\t<div class=\"elementor-inner\">\n\t\t\t\t<div class=\"elementor-section-wrap\">\n\t\t\t\t\t\t\t\t\t<section class=\"elementor-section elementor-top-section elementor-element elementor-element-ae5d60b elementor-section-boxed elementor-section-height-default elementor-section-height-default\" data-id=\"ae5d60b\" data-element_type=\"section\">\n\t\t\t\t\t\t<div class=\"elementor-container elementor-column-gap-default\">\n\t\t\t\t\t\t\t<div class=\"elementor-row\">\n\t\t\t\t\t<div class=\"elementor-column elementor-col-100 elementor-top-column elementor-element elementor-element-c772016\" data-id=\"c772016\" data-element_type=\"column\">\n\t\t\t<div class=\"elementor-column-wrap elementor-element-populated\">\n\t\t\t\t\t\t\t<div class=\"elementor-widget-wrap\">\n\t\t\t\t\t\t<section class=\"elementor-section elementor-inner-section elementor-element elementor-element-7b71f42 elementor-section-boxed elementor-section-height-default elementor-section-height-default\" data-id=\"7b71f42\" data-element_type=\"section\">\n\t\t\t\t\t\t<div class=\"elementor-container elementor-column-gap-default\">\n\t\t\t\t\t\t\t<div class=\"elementor-row\">\n\t\t\t\t\t<div class=\"elementor-column elementor-col-50 elementor-inner-column elementor-element elementor-element-11cc815\" data-id=\"11cc815\" data-element_type=\"column\">\n\t\t\t<div class=\"elementor-column-wrap elementor-element-populated\">\n\t\t\t\t\t\t\t<div class=\"elementor-widget-wrap\">\n\t\t\t\t\t\t<div class=\"elementor-element elementor-element-f660513 elementor-widget elementor-widget-image\" data-id=\"f660513\" data-element_type=\"widget\" data-widget_type=\"image.default\">\n\t\t\t\t<div class=\"elementor-widget-container\">\n\t\t\t\t\t\t\t\t<div class=\"elementor-image\">\n\t\t\t\t\t\t\t\t\t\t\t\t<img width=\"300\" height=\"300\" src=\"https:\/\/polesantesaintdie.fr\/wp-content\/uploads\/2022\/08\/marielle.jpg\" class=\"attachment-large size-large wp-image-1383\" alt=\"MULLER Marielle\" loading=\"lazy\" srcset=\"https:\/\/polesantesaintdie.fr\/wp-content\/uploads\/2022\/08\/marielle.jpg 300w, https:\/\/polesantesaintdie.fr\/wp-content\/uploads\/2022\/08\/marielle-150x150.jpg 150w\" sizes=\"(max-width: 300px) 100vw, 300px\" \/>\t\t\t\t\t\t\t\t\t\t\t\t\t\t<\/div>\n\t\t\t\t\t\t<\/div>\n\t\t\t\t<\/div>\n\t\t\t\t\t\t<\/div>\n\t\t\t\t\t<\/div>\n\t\t<\/div>\n\t\t\t\t<div class=\"elementor-column elementor-col-50 elementor-inner-column elementor-element elementor-element-7aabd22\" data-id=\"7aabd22\" data-element_type=\"column\">\n\t\t\t<div class=\"elementor-column-wrap elementor-element-populated\">\n\t\t\t\t\t\t\t<div class=\"elementor-widget-wrap\">\n\t\t\t\t\t\t<div class=\"elementor-element elementor-element-81c4fa1 elementor-widget elementor-widget-text-editor\" data-id=\"81c4fa1\" data-element_type=\"widget\" data-widget_type=\"text-editor.default\">\n\t\t\t\t<div class=\"elementor-widget-container\">\n\t\t\t\t\t\t\t\t<div class=\"elementor-text-editor elementor-clearfix\">\n\t\t\t\t<p><span style=\"font-size: 12.0pt; line-height: 107%; font-family: 'Times New Roman',serif; mso-fareast-font-family: 'Times New Roman'; mso-ansi-language: FR; mso-fareast-language: FR; mso-bidi-language: AR-SA;\">Ost\u00e9opathe D.O., dipl\u00f4m\u00e9e du Coll\u00e8ge Ost\u00e9opathique Strasbourg Europe, formation en 5 ans.\u00a0<\/span><\/p><p><span style=\"font-size: 12.0pt; line-height: 107%; font-family: 'Times New Roman',serif; mso-fareast-font-family: 'Times New Roman'; mso-ansi-language: FR; mso-fareast-language: FR; mso-bidi-language: AR-SA;\">Je suis passionn\u00e9e depuis de nombreuses ann\u00e9es par le sport en g\u00e9n\u00e9ral, qu&rsquo;il soit collectif ou individuel.\u00a0<\/span><\/p><p><span style=\"font-size: 12.0pt; line-height: 107%; font-family: 'Times New Roman',serif; mso-fareast-font-family: 'Times New Roman'; mso-ansi-language: FR; mso-fareast-language: FR; mso-bidi-language: AR-SA;\">Ma pratique se base essentiellement sur des techniques douces. Mais celle-ci reste tout de m\u00eame diversifi\u00e9e.\u00a0<\/span><\/p><p><span style=\"font-size: 12.0pt; line-height: 107%; font-family: 'Times New Roman',serif; mso-fareast-font-family: 'Times New Roman'; mso-ansi-language: FR; mso-fareast-language: FR; mso-bidi-language: AR-SA;\">Ma prise en charge est globale, elle s&rsquo;adresse \u00e0 tout type de patients (nourrissons, sportifs, femmes enceintes, personnes \u00e2g\u00e9es, etc).<\/span><\/p>\t\t\t\t\t<\/div>\n\t\t\t\t\t\t<\/div>\n\t\t\t\t<\/div>\n\t\t\t\t\t\t<\/div>\n\t\t\t\t\t<\/div>\n\t\t<\/div>\n\t\t\t\t\t\t\t\t<\/div>\n\t\t\t\t\t<\/div>\n\t\t<\/section>\n\t\t\t\t\t\t<\/div>\n\t\t\t\t\t<\/div>\n\t\t<\/div>\n\t\t\t\t\t\t\t\t<\/div>\n\t\t\t\t\t<\/div>\n\t\t<\/section>\n\t\t\t\t<section class=\"elementor-section elementor-top-section elementor-element elementor-element-bf91c1c elementor-section-boxed elementor-section-height-default elementor-section-height-default\" data-id=\"bf91c1c\" data-element_type=\"section\">\n\t\t\t\t\t\t<div class=\"elementor-container elementor-column-gap-default\">\n\t\t\t\t\t\t\t<div class=\"elementor-row\">\n\t\t\t\t\t<div class=\"elementor-column elementor-col-100 elementor-top-column elementor-element elementor-element-edba97c\" data-id=\"edba97c\" data-element_type=\"column\">\n\t\t\t<div class=\"elementor-column-wrap elementor-element-populated\">\n\t\t\t\t\t\t\t<div class=\"elementor-widget-wrap\">\n\t\t\t\t\t\t<div class=\"elementor-element elementor-element-ad73a5f elementor-widget elementor-widget-text-editor\" data-id=\"ad73a5f\" data-element_type=\"widget\" data-widget_type=\"text-editor.default\">\n\t\t\t\t<div class=\"elementor-widget-container\">\n\t\t\t\t\t\t\t\t<div class=\"elementor-text-editor elementor-clearfix\">\n\t\t\t\t<p style=\"border: #c1c1c1 1px solid; text-align: center; font-size: 30px; margin-bottom: 2px;\">Contact<\/p>\n<p style=\"border: #c1c1c1 1px solid; text-align: center; font-size: 16px; padding: 20px;\">Pour toute question ou prise de rdv n\u2019h\u00e9sitez pas \u00e0 me contacter au\n06.58.35.97.14<br \/><br \/>\n<a href=\"https:\/\/www.doctolib.fr\/osteopathe\/saint-die-des-vosges\/marielle-muller\" target=\"_blank\" rel=\"nofollow noopener\">\n<img src=\"https:\/\/polesantesaintdie.fr\/wp-content\/uploads\/2020\/12\/doctolib.png\" width=\"30px\" \/>\n<span style=\"font-size: 14px;\">Prendre un rendez-vous sur Doctolib<\/span><\/p>\n<\/a>\t\t\t\t\t<\/div>\n\t\t\t\t\t\t<\/div>\n\t\t\t\t<\/div>\n\t\t\t\t\t\t<\/div>\n\t\t\t\t\t<\/div>\n\t\t<\/div>\n\t\t\t\t\t\t\t\t<\/div>\n\t\t\t\t\t<\/div>\n\t\t<\/section>\n\t\t\t\t\t\t\t\t\t<\/div>\n\t\t\t<\/div>\n\t\t\t\t\t<\/div>\n\t\t","protected":false},"excerpt":{"rendered":"<p>Ost\u00e9opathe D.O., dipl\u00f4m\u00e9e du Coll\u00e8ge Ost\u00e9opathique Strasbourg Europe, formation en 5 ans.\u00a0 Je suis passionn\u00e9e depuis de nombreuses ann\u00e9es par le sport en g\u00e9n\u00e9ral, qu&rsquo;il soit collectif ou individuel.\u00a0 Ma pratique se base essentiellement sur des techniques douces. Mais celle-ci reste tout de m\u00eame diversifi\u00e9e.\u00a0 Ma prise en charge est globale, elle s&rsquo;adresse \u00e0 tout <\/p>\n<div class=\"read-more-text\"><a href=\"https:\/\/polesantesaintdie.fr\/?page_id=1370\" class=\"readmore\">read more<\/a><\/div>\n","protected":false},"author":1,"featured_media":0,"parent":0,"menu_order":0,"comment_status":"closed","ping_status":"closed","template":"","meta":[],"yoast_head":"<!-- This site is optimized with the Yoast SEO plugin v15.8 - https:\/\/yoast.com\/wordpress\/plugins\/seo\/ -->\n<title>MULLER Marielle -<\/title>\n<meta name=\"robots\" content=\"index, follow, max-snippet:-1, max-image-preview:large, max-video-preview:-1\" \/>\n<link rel=\"canonical\" href=\"https:\/\/polesantesaintdie.fr\/?page_id=1370\" \/>\n<meta property=\"og:locale\" content=\"fr_FR\" \/>\n<meta property=\"og:type\" content=\"article\" \/>\n<meta property=\"og:title\" content=\"MULLER Marielle -\" \/>\n<meta property=\"og:description\" content=\"Ost\u00e9opathe D.O., dipl\u00f4m\u00e9e du Coll\u00e8ge Ost\u00e9opathique Strasbourg Europe, formation en 5 ans.\u00a0 Je suis passionn\u00e9e depuis de nombreuses ann\u00e9es par le sport en g\u00e9n\u00e9ral, qu&rsquo;il soit collectif ou individuel.\u00a0 Ma pratique se base essentiellement sur des techniques douces. Mais celle-ci reste tout de m\u00eame diversifi\u00e9e.\u00a0 Ma prise en charge est globale, elle s&rsquo;adresse \u00e0 tout read more\" \/>\n<meta property=\"og:url\" content=\"https:\/\/polesantesaintdie.fr\/?page_id=1370\" \/>\n<meta property=\"article:publisher\" content=\"https:\/\/www.facebook.com\/pages\/category\/Health-Beauty\/P%c3%b4le-sant%c3%a9-et-bien-%c3%aatre-Saint-Di%c3%a9-des-Vosges-101476071573629\/\" \/>\n<meta property=\"article:modified_time\" content=\"2026-04-09T19:26:32+00:00\" \/>\n<meta property=\"og:image\" content=\"https:\/\/polesantesaintdie.fr\/wp-content\/uploads\/2022\/08\/marielle.jpg\" \/>\n<meta name=\"twitter:card\" content=\"summary_large_image\" \/>\n<meta name=\"twitter:label1\" content=\"Dur\u00e9e de lecture est.\">\n\t<meta name=\"twitter:data1\" content=\"1 minute\">\n<script type=\"application\/ld+json\" class=\"yoast-schema-graph\">{\"@context\":\"https:\/\/schema.org\",\"@graph\":[{\"@type\":\"Organization\",\"@id\":\"https:\/\/polesantesaintdie.fr\/#organization\",\"name\":\"Le p\\u00f4le Sant\\u00e9 & Bien-\\u00eatre de Saint-Di\\u00e9\",\"url\":\"https:\/\/polesantesaintdie.fr\/\",\"sameAs\":[\"https:\/\/www.facebook.com\/pages\/category\/Health-Beauty\/P\\u00f4le-sant\\u00e9-et-bien-\\u00eatre-Saint-Di\\u00e9-des-Vosges-101476071573629\/\"],\"logo\":{\"@type\":\"ImageObject\",\"@id\":\"https:\/\/polesantesaintdie.fr\/#logo\",\"inLanguage\":\"fr-FR\",\"url\":\"https:\/\/polesantesaintdie.fr\/wp-content\/uploads\/2020\/11\/logo-1.png\",\"width\":329,\"height\":218,\"caption\":\"Le p\\u00f4le Sant\\u00e9 & Bien-\\u00eatre de Saint-Di\\u00e9\"},\"image\":{\"@id\":\"https:\/\/polesantesaintdie.fr\/#logo\"}},{\"@type\":\"WebSite\",\"@id\":\"https:\/\/polesantesaintdie.fr\/#website\",\"url\":\"https:\/\/polesantesaintdie.fr\/\",\"name\":\"\",\"description\":\"Le p\\u00f4le Sant\\u00e9 &amp; Bien-\\u00eatre de Saint-Di\\u00e9\",\"publisher\":{\"@id\":\"https:\/\/polesantesaintdie.fr\/#organization\"},\"potentialAction\":[{\"@type\":\"SearchAction\",\"target\":\"https:\/\/polesantesaintdie.fr\/?s={search_term_string}\",\"query-input\":\"required name=search_term_string\"}],\"inLanguage\":\"fr-FR\"},{\"@type\":\"ImageObject\",\"@id\":\"https:\/\/polesantesaintdie.fr\/?page_id=1370#primaryimage\",\"inLanguage\":\"fr-FR\",\"url\":\"https:\/\/polesantesaintdie.fr\/wp-content\/uploads\/2022\/08\/marielle.jpg\",\"width\":300,\"height\":300,\"caption\":\"MULLER Marielle\"},{\"@type\":\"WebPage\",\"@id\":\"https:\/\/polesantesaintdie.fr\/?page_id=1370#webpage\",\"url\":\"https:\/\/polesantesaintdie.fr\/?page_id=1370\",\"name\":\"MULLER Marielle -\",\"isPartOf\":{\"@id\":\"https:\/\/polesantesaintdie.fr\/#website\"},\"primaryImageOfPage\":{\"@id\":\"https:\/\/polesantesaintdie.fr\/?page_id=1370#primaryimage\"},\"datePublished\":\"2022-08-01T09:58:33+00:00\",\"dateModified\":\"2026-04-09T19:26:32+00:00\",\"breadcrumb\":{\"@id\":\"https:\/\/polesantesaintdie.fr\/?page_id=1370#breadcrumb\"},\"inLanguage\":\"fr-FR\",\"potentialAction\":[{\"@type\":\"ReadAction\",\"target\":[\"https:\/\/polesantesaintdie.fr\/?page_id=1370\"]}]},{\"@type\":\"BreadcrumbList\",\"@id\":\"https:\/\/polesantesaintdie.fr\/?page_id=1370#breadcrumb\",\"itemListElement\":[{\"@type\":\"ListItem\",\"position\":1,\"item\":{\"@type\":\"WebPage\",\"@id\":\"https:\/\/polesantesaintdie.fr\/\",\"url\":\"https:\/\/polesantesaintdie.fr\/\",\"name\":\"Accueil\"}},{\"@type\":\"ListItem\",\"position\":2,\"item\":{\"@type\":\"WebPage\",\"@id\":\"https:\/\/polesantesaintdie.fr\/?page_id=1370\",\"url\":\"https:\/\/polesantesaintdie.fr\/?page_id=1370\",\"name\":\"MULLER Marielle\"}}]}]}<\/script>\n<!-- \/ Yoast SEO plugin. -->","_links":{"self":[{"href":"https:\/\/polesantesaintdie.fr\/index.php?rest_route=\/wp\/v2\/pages\/1370"}],"collection":[{"href":"https:\/\/polesantesaintdie.fr\/index.php?rest_route=\/wp\/v2\/pages"}],"about":[{"href":"https:\/\/polesantesaintdie.fr\/index.php?rest_route=\/wp\/v2\/types\/page"}],"author":[{"embeddable":true,"href":"https:\/\/polesantesaintdie.fr\/index.php?rest_route=\/wp\/v2\/users\/1"}],"replies":[{"embeddable":true,"href":"https:\/\/polesantesaintdie.fr\/index.php?rest_route=%2Fwp%2Fv2%2Fcomments&post=1370"}],"version-history":[{"count":12,"href":"https:\/\/polesantesaintdie.fr\/index.php?rest_route=\/wp\/v2\/pages\/1370\/revisions"}],"predecessor-version":[{"id":1746,"href":"https:\/\/polesantesaintdie.fr\/index.php?rest_route=\/wp\/v2\/pages\/1370\/revisions\/1746"}],"wp:attachment":[{"href":"https:\/\/polesantesaintdie.fr\/index.php?rest_route=%2Fwp%2Fv2%2Fmedia&parent=1370"}],"curies":[{"name":"wp","href":"https:\/\/api.w.org\/{rel}","templated":true}]}}