{"id":113,"date":"2020-11-02T21:12:05","date_gmt":"2020-11-02T20:12:05","guid":{"rendered":"https:\/\/polesantesaintdie.fr\/?page_id=113"},"modified":"2024-11-17T21:47:53","modified_gmt":"2024-11-17T20:47:53","slug":"dieteticienne-nutritionniste-boyer-specty","status":"publish","type":"page","link":"https:\/\/polesantesaintdie.fr\/?page_id=113","title":{"rendered":"BOYER-SPECTY St\u00e9phanie"},"content":{"rendered":"\t\t<div data-elementor-type=\"wp-page\" data-elementor-id=\"113\" class=\"elementor elementor-113\">\n\t\t\t\t\t\t<div class=\"elementor-inner\">\n\t\t\t\t<div class=\"elementor-section-wrap\">\n\t\t\t\t\t\t\t\t\t<section class=\"elementor-section elementor-top-section elementor-element elementor-element-49f1e52e elementor-section-boxed elementor-section-height-default elementor-section-height-default\" data-id=\"49f1e52e\" data-element_type=\"section\">\n\t\t\t\t\t\t<div class=\"elementor-container elementor-column-gap-default\">\n\t\t\t\t\t\t\t<div class=\"elementor-row\">\n\t\t\t\t\t<div class=\"elementor-column elementor-col-100 elementor-top-column elementor-element elementor-element-43a14b69\" data-id=\"43a14b69\" data-element_type=\"column\">\n\t\t\t<div class=\"elementor-column-wrap elementor-element-populated\">\n\t\t\t\t\t\t\t<div class=\"elementor-widget-wrap\">\n\t\t\t\t\t\t<section class=\"elementor-section elementor-inner-section elementor-element elementor-element-ffa8413 elementor-section-boxed elementor-section-height-default elementor-section-height-default\" data-id=\"ffa8413\" data-element_type=\"section\">\n\t\t\t\t\t\t<div class=\"elementor-container elementor-column-gap-default\">\n\t\t\t\t\t\t\t<div class=\"elementor-row\">\n\t\t\t\t\t<div class=\"elementor-column elementor-col-50 elementor-inner-column elementor-element elementor-element-a3e3cff\" data-id=\"a3e3cff\" data-element_type=\"column\">\n\t\t\t<div class=\"elementor-column-wrap elementor-element-populated\">\n\t\t\t\t\t\t\t<div class=\"elementor-widget-wrap\">\n\t\t\t\t\t\t<div class=\"elementor-element elementor-element-08839f7 elementor-widget elementor-widget-image\" data-id=\"08839f7\" data-element_type=\"widget\" data-widget_type=\"image.default\">\n\t\t\t\t<div class=\"elementor-widget-container\">\n\t\t\t\t\t\t\t\t<div class=\"elementor-image\">\n\t\t\t\t\t\t\t\t\t\t\t\t<img width=\"300\" height=\"300\" src=\"https:\/\/polesantesaintdie.fr\/wp-content\/uploads\/2024\/11\/stephanie3-1.jpg\" class=\"attachment-medium size-medium wp-image-1565\" alt=\"\" loading=\"lazy\" srcset=\"https:\/\/polesantesaintdie.fr\/wp-content\/uploads\/2024\/11\/stephanie3-1.jpg 300w, https:\/\/polesantesaintdie.fr\/wp-content\/uploads\/2024\/11\/stephanie3-1-150x150.jpg 150w\" sizes=\"(max-width: 300px) 100vw, 300px\" \/>\t\t\t\t\t\t\t\t\t\t\t\t\t\t<\/div>\n\t\t\t\t\t\t<\/div>\n\t\t\t\t<\/div>\n\t\t\t\t\t\t<\/div>\n\t\t\t\t\t<\/div>\n\t\t<\/div>\n\t\t\t\t<div class=\"elementor-column elementor-col-50 elementor-inner-column elementor-element elementor-element-47daffe\" data-id=\"47daffe\" data-element_type=\"column\">\n\t\t\t<div class=\"elementor-column-wrap elementor-element-populated\">\n\t\t\t\t\t\t\t<div class=\"elementor-widget-wrap\">\n\t\t\t\t\t\t<div class=\"elementor-element elementor-element-57b1b91 elementor-widget elementor-widget-text-editor\" data-id=\"57b1b91\" data-element_type=\"widget\" data-widget_type=\"text-editor.default\">\n\t\t\t\t<div class=\"elementor-widget-container\">\n\t\t\t\t\t\t\t\t<div class=\"elementor-text-editor elementor-clearfix\">\n\t\t\t\t<p class=\"Standard\">Dipl\u00f4m\u00e9e en 2019 apr\u00e8s une reconversion professionnelle, je me suis install\u00e9e \u00e0 Saint-Di\u00e9\u0301-des-Vosges en tant que di\u00e9t\u00e9ticienne-nutritionniste au sein du p\u00f4le Sant\u00e9 &amp; Bien-\u00catre.<\/p><p class=\"Standard\">Je propose \u00e0 mes patients des conseils alimentaires adapt\u00e9s en fonction de leurs besoins (r\u00e9\u00e9quilibrage alimentaire, perte &amp; prise de poids, alimentation v\u00e9g\u00e9tarienne\u2026) mais \u00e9galement en fonction des pathologies (diab\u00e8te, d\u00e9nutrition, cholest\u00e9rol\u2026) et pour tout public : enfant, adolescent, adulte, femme enceinte, sportif, personne \u00e2g\u00e9e. Pas de privation mais une alimentation alliant plaisir et \u00e9quilibre\u00a0!<\/p><p class=\"Standard\">\u00a0<\/p><p class=\"Standard\">Sur demande, je peux \u00e9galement intervenir en entreprise, aupr\u00e8s de clubs sportifs, d\u2019associations, de mairies\u2026<\/p>\t\t\t\t\t<\/div>\n\t\t\t\t\t\t<\/div>\n\t\t\t\t<\/div>\n\t\t\t\t\t\t<\/div>\n\t\t\t\t\t<\/div>\n\t\t<\/div>\n\t\t\t\t\t\t\t\t<\/div>\n\t\t\t\t\t<\/div>\n\t\t<\/section>\n\t\t\t\t<div class=\"elementor-element elementor-element-399c52c2 elementor-widget elementor-widget-text-editor\" data-id=\"399c52c2\" data-element_type=\"widget\" data-widget_type=\"text-editor.default\">\n\t\t\t\t<div class=\"elementor-widget-container\">\n\t\t\t\t\t\t\t\t<div class=\"elementor-text-editor elementor-clearfix\">\n\t\t\t\t\t\t\t\t\t<\/div>\n\t\t\t\t\t\t<\/div>\n\t\t\t\t<\/div>\n\t\t\t\t<div class=\"elementor-element elementor-element-3748da6 elementor-widget elementor-widget-text-editor\" data-id=\"3748da6\" data-element_type=\"widget\" data-widget_type=\"text-editor.default\">\n\t\t\t\t<div class=\"elementor-widget-container\">\n\t\t\t\t\t\t\t\t<div class=\"elementor-text-editor elementor-clearfix\">\n\t\t\t\t<p class=\"Standard\">J\u2019enrichis r\u00e9guli\u00e8rement ma pratique en me formant sur des th\u00e8mes vari\u00e9s. J\u2019ai ainsi obtenu un DU Psychologie et P\u00e9dagogie du Comportement Alimentaire en 2022 et un DU Sant\u00e9 et Physionutrition en 2024.<\/p><p class=\"Standard\">Des ateliers cuisine en lien avec la di\u00e9t\u00e9tique sont \u00e9galement propos\u00e9s ponctuellement : go\u00fbter des enfants, repas \u00e0 petits prix, ap\u00e9ros sains et gourmands, cuisine v\u00e9g\u00e9tarienne\u2026.<\/p><p>\u00a0<\/p><p class=\"Standard\">N\u2019h\u00e9sitez pas \u00e0 suivre ma page Facebook pour \u00eatre inform\u00e9s\u2026<\/p>\t\t\t\t\t<\/div>\n\t\t\t\t\t\t<\/div>\n\t\t\t\t<\/div>\n\t\t\t\t\t\t<\/div>\n\t\t\t\t\t<\/div>\n\t\t<\/div>\n\t\t\t\t\t\t\t\t<\/div>\n\t\t\t\t\t<\/div>\n\t\t<\/section>\n\t\t\t\t<section class=\"elementor-section elementor-top-section elementor-element elementor-element-2fdbf6b elementor-section-boxed elementor-section-height-default elementor-section-height-default\" data-id=\"2fdbf6b\" data-element_type=\"section\">\n\t\t\t\t\t\t<div class=\"elementor-container elementor-column-gap-default\">\n\t\t\t\t\t\t\t<div class=\"elementor-row\">\n\t\t\t\t\t<div class=\"elementor-column elementor-col-100 elementor-top-column elementor-element elementor-element-afc93af\" data-id=\"afc93af\" data-element_type=\"column\">\n\t\t\t<div class=\"elementor-column-wrap elementor-element-populated\">\n\t\t\t\t\t\t\t<div class=\"elementor-widget-wrap\">\n\t\t\t\t\t\t<div class=\"elementor-element elementor-element-c0a6aa8 elementor-widget elementor-widget-image\" data-id=\"c0a6aa8\" data-element_type=\"widget\" data-widget_type=\"image.default\">\n\t\t\t\t<div class=\"elementor-widget-container\">\n\t\t\t\t\t\t\t\t<div class=\"elementor-image\">\n\t\t\t\t\t\t\t\t\t\t\t\t<img width=\"640\" height=\"438\" src=\"https:\/\/polesantesaintdie.fr\/wp-content\/uploads\/2020\/11\/retouche-51-e1605823830353-768x526.jpg\" class=\"attachment-medium_large size-medium_large wp-image-67\" alt=\"\" loading=\"lazy\" srcset=\"https:\/\/polesantesaintdie.fr\/wp-content\/uploads\/2020\/11\/retouche-51-e1605823830353-768x526.jpg 768w, https:\/\/polesantesaintdie.fr\/wp-content\/uploads\/2020\/11\/retouche-51-e1605823830353-300x205.jpg 300w, https:\/\/polesantesaintdie.fr\/wp-content\/uploads\/2020\/11\/retouche-51-e1605823830353.jpg 961w\" sizes=\"(max-width: 640px) 100vw, 640px\" \/>\t\t\t\t\t\t\t\t\t\t\t\t\t\t<\/div>\n\t\t\t\t\t\t<\/div>\n\t\t\t\t<\/div>\n\t\t\t\t\t\t<\/div>\n\t\t\t\t\t<\/div>\n\t\t<\/div>\n\t\t\t\t\t\t\t\t<\/div>\n\t\t\t\t\t<\/div>\n\t\t<\/section>\n\t\t\t\t<section class=\"elementor-section elementor-top-section elementor-element elementor-element-86068a1 elementor-section-boxed elementor-section-height-default elementor-section-height-default\" data-id=\"86068a1\" data-element_type=\"section\">\n\t\t\t\t\t\t<div class=\"elementor-container elementor-column-gap-default\">\n\t\t\t\t\t\t\t<div class=\"elementor-row\">\n\t\t\t\t\t<div class=\"elementor-column elementor-col-100 elementor-top-column elementor-element elementor-element-3e513da\" data-id=\"3e513da\" data-element_type=\"column\">\n\t\t\t<div class=\"elementor-column-wrap elementor-element-populated\">\n\t\t\t\t\t\t\t<div class=\"elementor-widget-wrap\">\n\t\t\t\t\t\t<section class=\"elementor-section elementor-inner-section elementor-element elementor-element-01232f7 elementor-section-boxed elementor-section-height-default elementor-section-height-default\" data-id=\"01232f7\" data-element_type=\"section\">\n\t\t\t\t\t\t<div class=\"elementor-container elementor-column-gap-default\">\n\t\t\t\t\t\t\t<div class=\"elementor-row\">\n\t\t\t\t\t<div class=\"elementor-column elementor-col-50 elementor-inner-column elementor-element elementor-element-0c4d0e6\" data-id=\"0c4d0e6\" data-element_type=\"column\">\n\t\t\t<div class=\"elementor-column-wrap elementor-element-populated\">\n\t\t\t\t\t\t\t<div class=\"elementor-widget-wrap\">\n\t\t\t\t\t\t<div class=\"elementor-element elementor-element-4ffdeb3 elementor-widget elementor-widget-text-editor\" data-id=\"4ffdeb3\" data-element_type=\"widget\" data-widget_type=\"text-editor.default\">\n\t\t\t\t<div class=\"elementor-widget-container\">\n\t\t\t\t\t\t\t\t<div class=\"elementor-text-editor elementor-clearfix\">\n\t\t\t\t<p style=\"border: #c1c1c1 1px solid; text-align: center; font-size: 30px; margin-bottom: 2px;\">Contacts<\/p>\n<p style=\"border: #c1c1c1 1px solid; text-align: center; font-size: 16px; padding: 20px;\">Pour toute question ou prise de RDV, n\u2019h\u00e9sitez pas \u00e0 me contacter au 07.66.77.01.76<\/p>\n<a href=\"https:\/\/www.doctolib.fr\/dieteticien\/saint-die-des-vosges\/stephanie-boyer-specty\" target=\"_blank\" rel=\"nofollow noopener\">\n<img src=\"https:\/\/polesantesaintdie.fr\/wp-content\/uploads\/2020\/12\/doctolib.png\" width=\"30px\" \/>\n<span style=\"font-size: 14px;\">Prendre un rendez-vous sur Doctolib<\/span>\n<\/a>\n\n<a href=\"https:\/\/www.facebook.com\/Stephanie.BOYER.SPECTY\/\" target=\"_blank\" rel=\"nofollow noopener\">\n<img src=\"https:\/\/polesantesaintdie.fr\/wp-content\/uploads\/2020\/12\/facebook.png\" width=\"30px\" \/>\n<span style=\"font-size: 14px;\">St\u00e9phanie Boyer-Specty Di\u00e9t\u00e9ticienne Nutritionniste (Facebook)<\/span>\n<\/a>\t\t\t\t\t<\/div>\n\t\t\t\t\t\t<\/div>\n\t\t\t\t<\/div>\n\t\t\t\t\t\t<\/div>\n\t\t\t\t\t<\/div>\n\t\t<\/div>\n\t\t\t\t<div class=\"elementor-column elementor-col-50 elementor-inner-column elementor-element elementor-element-d80ee9a\" data-id=\"d80ee9a\" data-element_type=\"column\">\n\t\t\t<div class=\"elementor-column-wrap elementor-element-populated\">\n\t\t\t\t\t\t\t<div class=\"elementor-widget-wrap\">\n\t\t\t\t\t\t<div class=\"elementor-element elementor-element-94cbe7c elementor-widget elementor-widget-text-editor\" data-id=\"94cbe7c\" data-element_type=\"widget\" data-widget_type=\"text-editor.default\">\n\t\t\t\t<div class=\"elementor-widget-container\">\n\t\t\t\t\t\t\t\t<div class=\"elementor-text-editor elementor-clearfix\">\n\t\t\t\t<p style=\"border: #c1c1c1 1px solid; text-align: center; font-size: 30px; margin-bottom: 2px;\">Tarif<\/p>\n<p style=\"border: #c1c1c1 1px solid; text-align: center; font-size: 16px; padding: 20px;\">Tarif de la consultation individuelle : 55 \u20ac<br>Tarif de la&nbsp;consultation de couple : 100 \u20ac<br>R\u00e8glement par ch\u00e8que ou en esp\u00e8res<br>\n(remboursement par de nombreuses mutuelles)<\/p>\t\t\t\t\t<\/div>\n\t\t\t\t\t\t<\/div>\n\t\t\t\t<\/div>\n\t\t\t\t\t\t<\/div>\n\t\t\t\t\t<\/div>\n\t\t<\/div>\n\t\t\t\t\t\t\t\t<\/div>\n\t\t\t\t\t<\/div>\n\t\t<\/section>\n\t\t\t\t\t\t<\/div>\n\t\t\t\t\t<\/div>\n\t\t<\/div>\n\t\t\t\t\t\t\t\t<\/div>\n\t\t\t\t\t<\/div>\n\t\t<\/section>\n\t\t\t\t\t\t\t\t\t<\/div>\n\t\t\t<\/div>\n\t\t\t\t\t<\/div>\n\t\t","protected":false},"excerpt":{"rendered":"<p>Dipl\u00f4m\u00e9e en 2019 apr\u00e8s une reconversion professionnelle, je me suis install\u00e9e \u00e0 Saint-Di\u00e9\u0301-des-Vosges en tant que di\u00e9t\u00e9ticienne-nutritionniste au sein du p\u00f4le Sant\u00e9 &amp; Bien-\u00catre. Je propose \u00e0 mes patients des conseils alimentaires adapt\u00e9s en fonction de leurs besoins (r\u00e9\u00e9quilibrage alimentaire, perte &amp; prise de poids, alimentation v\u00e9g\u00e9tarienne\u2026) mais \u00e9galement en fonction des pathologies (diab\u00e8te, d\u00e9nutrition, <\/p>\n<div class=\"read-more-text\"><a href=\"https:\/\/polesantesaintdie.fr\/?page_id=113\" class=\"readmore\">read more<\/a><\/div>\n","protected":false},"author":1,"featured_media":0,"parent":0,"menu_order":0,"comment_status":"closed","ping_status":"closed","template":"","meta":[],"yoast_head":"<!-- This site is optimized with the Yoast SEO plugin v15.8 - https:\/\/yoast.com\/wordpress\/plugins\/seo\/ -->\n<title>Di\u00e9t\u00e9ticienne-Nutritionniste, BOYER-SPECTY ST\u00c9PHANIE<\/title>\n<meta name=\"description\" content=\"Je propose \u00e0 mes patients des conseils alimentaires adapt\u00e9s en fonction de leurs besoins (perte de poids, r\u00e9\u00e9quilibrage alimentaire, prise de poids\u2026)\" \/>\n<meta name=\"robots\" content=\"index, follow, max-snippet:-1, max-image-preview:large, max-video-preview:-1\" \/>\n<link rel=\"canonical\" href=\"https:\/\/polesantesaintdie.fr\/?page_id=113\" \/>\n<meta property=\"og:locale\" content=\"fr_FR\" \/>\n<meta property=\"og:type\" content=\"article\" \/>\n<meta property=\"og:title\" content=\"Di\u00e9t\u00e9ticienne-Nutritionniste, BOYER-SPECTY ST\u00c9PHANIE\" \/>\n<meta property=\"og:description\" content=\"Je propose \u00e0 mes patients des conseils alimentaires adapt\u00e9s en fonction de leurs besoins (perte de poids, r\u00e9\u00e9quilibrage alimentaire, prise de poids\u2026)\" \/>\n<meta property=\"og:url\" content=\"https:\/\/polesantesaintdie.fr\/?page_id=113\" \/>\n<meta property=\"article:publisher\" content=\"https:\/\/www.facebook.com\/pages\/category\/Health-Beauty\/P%c3%b4le-sant%c3%a9-et-bien-%c3%aatre-Saint-Di%c3%a9-des-Vosges-101476071573629\/\" \/>\n<meta property=\"article:modified_time\" content=\"2024-11-17T20:47:53+00:00\" \/>\n<meta property=\"og:image\" content=\"https:\/\/polesantesaintdie.fr\/wp-content\/uploads\/2024\/11\/stephanie3-1.jpg\" \/>\n<meta name=\"twitter:card\" content=\"summary_large_image\" \/>\n<meta name=\"twitter:label1\" content=\"Dur\u00e9e de lecture est.\">\n\t<meta name=\"twitter:data1\" content=\"2 minutes\">\n<script type=\"application\/ld+json\" class=\"yoast-schema-graph\">{\"@context\":\"https:\/\/schema.org\",\"@graph\":[{\"@type\":\"Organization\",\"@id\":\"https:\/\/polesantesaintdie.fr\/#organization\",\"name\":\"Le p\\u00f4le Sant\\u00e9 & Bien-\\u00eatre de Saint-Di\\u00e9\",\"url\":\"https:\/\/polesantesaintdie.fr\/\",\"sameAs\":[\"https:\/\/www.facebook.com\/pages\/category\/Health-Beauty\/P\\u00f4le-sant\\u00e9-et-bien-\\u00eatre-Saint-Di\\u00e9-des-Vosges-101476071573629\/\"],\"logo\":{\"@type\":\"ImageObject\",\"@id\":\"https:\/\/polesantesaintdie.fr\/#logo\",\"inLanguage\":\"fr-FR\",\"url\":\"https:\/\/polesantesaintdie.fr\/wp-content\/uploads\/2020\/11\/logo-1.png\",\"width\":329,\"height\":218,\"caption\":\"Le p\\u00f4le Sant\\u00e9 & Bien-\\u00eatre de Saint-Di\\u00e9\"},\"image\":{\"@id\":\"https:\/\/polesantesaintdie.fr\/#logo\"}},{\"@type\":\"WebSite\",\"@id\":\"https:\/\/polesantesaintdie.fr\/#website\",\"url\":\"https:\/\/polesantesaintdie.fr\/\",\"name\":\"\",\"description\":\"Le p\\u00f4le Sant\\u00e9 &amp; Bien-\\u00eatre de Saint-Di\\u00e9\",\"publisher\":{\"@id\":\"https:\/\/polesantesaintdie.fr\/#organization\"},\"potentialAction\":[{\"@type\":\"SearchAction\",\"target\":\"https:\/\/polesantesaintdie.fr\/?s={search_term_string}\",\"query-input\":\"required name=search_term_string\"}],\"inLanguage\":\"fr-FR\"},{\"@type\":\"ImageObject\",\"@id\":\"https:\/\/polesantesaintdie.fr\/?page_id=113#primaryimage\",\"inLanguage\":\"fr-FR\",\"url\":\"https:\/\/polesantesaintdie.fr\/wp-content\/uploads\/2024\/11\/stephanie3-1.jpg\",\"width\":300,\"height\":300},{\"@type\":\"WebPage\",\"@id\":\"https:\/\/polesantesaintdie.fr\/?page_id=113#webpage\",\"url\":\"https:\/\/polesantesaintdie.fr\/?page_id=113\",\"name\":\"Di\\u00e9t\\u00e9ticienne-Nutritionniste, BOYER-SPECTY ST\\u00c9PHANIE\",\"isPartOf\":{\"@id\":\"https:\/\/polesantesaintdie.fr\/#website\"},\"primaryImageOfPage\":{\"@id\":\"https:\/\/polesantesaintdie.fr\/?page_id=113#primaryimage\"},\"datePublished\":\"2020-11-02T20:12:05+00:00\",\"dateModified\":\"2024-11-17T20:47:53+00:00\",\"description\":\"Je propose \\u00e0 mes patients des conseils alimentaires adapt\\u00e9s en fonction de leurs besoins (perte de poids, r\\u00e9\\u00e9quilibrage alimentaire, prise de poids\\u2026)\",\"breadcrumb\":{\"@id\":\"https:\/\/polesantesaintdie.fr\/?page_id=113#breadcrumb\"},\"inLanguage\":\"fr-FR\",\"potentialAction\":[{\"@type\":\"ReadAction\",\"target\":[\"https:\/\/polesantesaintdie.fr\/?page_id=113\"]}]},{\"@type\":\"BreadcrumbList\",\"@id\":\"https:\/\/polesantesaintdie.fr\/?page_id=113#breadcrumb\",\"itemListElement\":[{\"@type\":\"ListItem\",\"position\":1,\"item\":{\"@type\":\"WebPage\",\"@id\":\"https:\/\/polesantesaintdie.fr\/\",\"url\":\"https:\/\/polesantesaintdie.fr\/\",\"name\":\"Accueil\"}},{\"@type\":\"ListItem\",\"position\":2,\"item\":{\"@type\":\"WebPage\",\"@id\":\"https:\/\/polesantesaintdie.fr\/?page_id=113\",\"url\":\"https:\/\/polesantesaintdie.fr\/?page_id=113\",\"name\":\"BOYER-SPECTY St\\u00e9phanie\"}}]}]}<\/script>\n<!-- \/ Yoast SEO plugin. -->","_links":{"self":[{"href":"https:\/\/polesantesaintdie.fr\/index.php?rest_route=\/wp\/v2\/pages\/113"}],"collection":[{"href":"https:\/\/polesantesaintdie.fr\/index.php?rest_route=\/wp\/v2\/pages"}],"about":[{"href":"https:\/\/polesantesaintdie.fr\/index.php?rest_route=\/wp\/v2\/types\/page"}],"author":[{"embeddable":true,"href":"https:\/\/polesantesaintdie.fr\/index.php?rest_route=\/wp\/v2\/users\/1"}],"replies":[{"embeddable":true,"href":"https:\/\/polesantesaintdie.fr\/index.php?rest_route=%2Fwp%2Fv2%2Fcomments&post=113"}],"version-history":[{"count":172,"href":"https:\/\/polesantesaintdie.fr\/index.php?rest_route=\/wp\/v2\/pages\/113\/revisions"}],"predecessor-version":[{"id":1633,"href":"https:\/\/polesantesaintdie.fr\/index.php?rest_route=\/wp\/v2\/pages\/113\/revisions\/1633"}],"wp:attachment":[{"href":"https:\/\/polesantesaintdie.fr\/index.php?rest_route=%2Fwp%2Fv2%2Fmedia&parent=113"}],"curies":[{"name":"wp","href":"https:\/\/api.w.org\/{rel}","templated":true}]}}