{"id":111,"date":"2020-11-02T21:11:44","date_gmt":"2020-11-02T20:11:44","guid":{"rendered":"https:\/\/polesantesaintdie.fr\/?page_id=111"},"modified":"2021-01-07T22:15:18","modified_gmt":"2021-01-07T21:15:18","slug":"praticienne-bien-etre","status":"publish","type":"page","link":"https:\/\/polesantesaintdie.fr\/?page_id=111","title":{"rendered":"COLIN S\u00e9verine"},"content":{"rendered":"\t\t<div data-elementor-type=\"wp-page\" data-elementor-id=\"111\" class=\"elementor elementor-111\">\n\t\t\t\t\t\t<div class=\"elementor-inner\">\n\t\t\t\t<div class=\"elementor-section-wrap\">\n\t\t\t\t\t\t\t\t\t<section class=\"elementor-section elementor-top-section elementor-element elementor-element-759b9f50 elementor-section-boxed elementor-section-height-default elementor-section-height-default\" data-id=\"759b9f50\" data-element_type=\"section\">\n\t\t\t\t\t\t<div class=\"elementor-container elementor-column-gap-default\">\n\t\t\t\t\t\t\t<div class=\"elementor-row\">\n\t\t\t\t\t<div class=\"elementor-column elementor-col-100 elementor-top-column elementor-element elementor-element-6a88d590\" data-id=\"6a88d590\" data-element_type=\"column\">\n\t\t\t<div class=\"elementor-column-wrap elementor-element-populated\">\n\t\t\t\t\t\t\t<div class=\"elementor-widget-wrap\">\n\t\t\t\t\t\t<section class=\"elementor-section elementor-inner-section elementor-element elementor-element-8302d47 elementor-section-boxed elementor-section-height-default elementor-section-height-default\" data-id=\"8302d47\" data-element_type=\"section\">\n\t\t\t\t\t\t<div class=\"elementor-container elementor-column-gap-default\">\n\t\t\t\t\t\t\t<div class=\"elementor-row\">\n\t\t\t\t\t<div class=\"elementor-column elementor-col-50 elementor-inner-column elementor-element elementor-element-b486a93\" data-id=\"b486a93\" data-element_type=\"column\">\n\t\t\t<div class=\"elementor-column-wrap elementor-element-populated\">\n\t\t\t\t\t\t\t<div class=\"elementor-widget-wrap\">\n\t\t\t\t\t\t<div class=\"elementor-element elementor-element-81d1ef3 elementor-widget elementor-widget-image\" data-id=\"81d1ef3\" data-element_type=\"widget\" data-widget_type=\"image.default\">\n\t\t\t\t<div class=\"elementor-widget-container\">\n\t\t\t\t\t\t\t\t<div class=\"elementor-image\">\n\t\t\t\t\t\t\t\t\t\t\t\t<img width=\"300\" height=\"300\" src=\"https:\/\/polesantesaintdie.fr\/wp-content\/uploads\/2020\/11\/severine.jpg\" class=\"attachment-medium size-medium wp-image-398\" alt=\"\" loading=\"lazy\" srcset=\"https:\/\/polesantesaintdie.fr\/wp-content\/uploads\/2020\/11\/severine.jpg 300w, https:\/\/polesantesaintdie.fr\/wp-content\/uploads\/2020\/11\/severine-150x150.jpg 150w\" sizes=\"(max-width: 300px) 100vw, 300px\" \/>\t\t\t\t\t\t\t\t\t\t\t\t\t\t<\/div>\n\t\t\t\t\t\t<\/div>\n\t\t\t\t<\/div>\n\t\t\t\t\t\t<\/div>\n\t\t\t\t\t<\/div>\n\t\t<\/div>\n\t\t\t\t<div class=\"elementor-column elementor-col-50 elementor-inner-column elementor-element elementor-element-aac4357\" data-id=\"aac4357\" data-element_type=\"column\">\n\t\t\t<div class=\"elementor-column-wrap elementor-element-populated\">\n\t\t\t\t\t\t\t<div class=\"elementor-widget-wrap\">\n\t\t\t\t\t\t<div class=\"elementor-element elementor-element-3be8a5d elementor-widget elementor-widget-text-editor\" data-id=\"3be8a5d\" data-element_type=\"widget\" data-widget_type=\"text-editor.default\">\n\t\t\t\t<div class=\"elementor-widget-container\">\n\t\t\t\t\t\t\t\t<div class=\"elementor-text-editor elementor-clearfix\">\n\t\t\t\t<p>Pr\u00e9sentation de notre praticienne bien-\u00eatre : S\u00e9verine COLIN<\/p>\n<p>Je m\u2019appelle S\u00e9verine COLIN, j\u2019interviens en tant que praticienne bien-\u00eatre au sein du p\u00f4le.<\/p>\n<p>J\u2019ai suivi un cursus de formation \u00e0 l\u2019\u00e9cole de plein-\u00eatre La Ziegelau sur des techniques de relaxation par le toucher et la d\u00e9tente musculaire, suite \u00e0 cela j\u2019ai obtenu ma certification en 2019.<\/p>\n<p>Je vous propose des massages \u00e0 but non th\u00e9rapeutique, ils vous aideront \u00e0 soulager vos tensions et vous permettront de retrouver bien-\u00eatre et s\u00e9r\u00e9nit\u00e9\u0301.<\/p>\t\t\t\t\t<\/div>\n\t\t\t\t\t\t<\/div>\n\t\t\t\t<\/div>\n\t\t\t\t\t\t<\/div>\n\t\t\t\t\t<\/div>\n\t\t<\/div>\n\t\t\t\t\t\t\t\t<\/div>\n\t\t\t\t\t<\/div>\n\t\t<\/section>\n\t\t\t\t<div class=\"elementor-element elementor-element-4d4dec09 elementor-widget elementor-widget-text-editor\" data-id=\"4d4dec09\" data-element_type=\"widget\" data-widget_type=\"text-editor.default\">\n\t\t\t\t<div class=\"elementor-widget-container\">\n\t\t\t\t\t\t\t\t<div class=\"elementor-text-editor elementor-clearfix\">\n\t\t\t\t<p>Je propose \u00e9galement un massage assis sur chaise ergonomique ainsi que d\u2019autres massages plus sp\u00e9cifiques comme : future maman, sportif, personne en surpoids&#8230;<\/p>\t\t\t\t\t<\/div>\n\t\t\t\t\t\t<\/div>\n\t\t\t\t<\/div>\n\t\t\t\t\t\t<\/div>\n\t\t\t\t\t<\/div>\n\t\t<\/div>\n\t\t\t\t\t\t\t\t<\/div>\n\t\t\t\t\t<\/div>\n\t\t<\/section>\n\t\t\t\t<section class=\"elementor-section elementor-top-section elementor-element elementor-element-5c30933 elementor-section-boxed elementor-section-height-default elementor-section-height-default\" data-id=\"5c30933\" data-element_type=\"section\">\n\t\t\t\t\t\t<div class=\"elementor-container elementor-column-gap-default\">\n\t\t\t\t\t\t\t<div class=\"elementor-row\">\n\t\t\t\t\t<div class=\"elementor-column elementor-col-100 elementor-top-column elementor-element elementor-element-9a91bb4\" data-id=\"9a91bb4\" data-element_type=\"column\">\n\t\t\t<div class=\"elementor-column-wrap elementor-element-populated\">\n\t\t\t\t\t\t\t<div class=\"elementor-widget-wrap\">\n\t\t\t\t\t\t<div class=\"elementor-element elementor-element-ff022d0 elementor-widget elementor-widget-image\" data-id=\"ff022d0\" data-element_type=\"widget\" data-widget_type=\"image.default\">\n\t\t\t\t<div class=\"elementor-widget-container\">\n\t\t\t\t\t\t\t\t<div class=\"elementor-image\">\n\t\t\t\t\t\t\t\t\t\t\t\t<img width=\"640\" height=\"416\" src=\"https:\/\/polesantesaintdie.fr\/wp-content\/uploads\/2020\/11\/retouche-54-e1605820110621-768x499.jpg\" class=\"attachment-medium_large size-medium_large wp-image-70\" alt=\"\" loading=\"lazy\" srcset=\"https:\/\/polesantesaintdie.fr\/wp-content\/uploads\/2020\/11\/retouche-54-e1605820110621-768x499.jpg 768w, https:\/\/polesantesaintdie.fr\/wp-content\/uploads\/2020\/11\/retouche-54-e1605820110621-300x195.jpg 300w, https:\/\/polesantesaintdie.fr\/wp-content\/uploads\/2020\/11\/retouche-54-e1605820110621.jpg 953w\" sizes=\"(max-width: 640px) 100vw, 640px\" \/>\t\t\t\t\t\t\t\t\t\t\t\t\t\t<\/div>\n\t\t\t\t\t\t<\/div>\n\t\t\t\t<\/div>\n\t\t\t\t\t\t<\/div>\n\t\t\t\t\t<\/div>\n\t\t<\/div>\n\t\t\t\t\t\t\t\t<\/div>\n\t\t\t\t\t<\/div>\n\t\t<\/section>\n\t\t\t\t<section class=\"elementor-section elementor-top-section elementor-element elementor-element-c51d1bf elementor-section-boxed elementor-section-height-default elementor-section-height-default\" data-id=\"c51d1bf\" data-element_type=\"section\">\n\t\t\t\t\t\t<div class=\"elementor-container elementor-column-gap-default\">\n\t\t\t\t\t\t\t<div class=\"elementor-row\">\n\t\t\t\t\t<div class=\"elementor-column elementor-col-100 elementor-top-column elementor-element elementor-element-eb8e0ad\" data-id=\"eb8e0ad\" data-element_type=\"column\">\n\t\t\t<div class=\"elementor-column-wrap elementor-element-populated\">\n\t\t\t\t\t\t\t<div class=\"elementor-widget-wrap\">\n\t\t\t\t\t\t<div class=\"elementor-element elementor-element-a778509 elementor-widget elementor-widget-text-editor\" data-id=\"a778509\" data-element_type=\"widget\" data-widget_type=\"text-editor.default\">\n\t\t\t\t<div class=\"elementor-widget-container\">\n\t\t\t\t\t\t\t\t<div class=\"elementor-text-editor elementor-clearfix\">\n\t\t\t\t<p style=\"border: #c1c1c1 1px solid; text-align: center; font-size: 30px; margin-bottom: 2px;\">Contacts<\/p>\n<p style=\"border: #c1c1c1 1px solid; text-align: center; font-size: 16px; padding: 20px;\">T\u00e9l 07.49.22.98.78 \/ Email : bienetre.sc@gmail.com<br><br>\nPrestation uniquement sur rdv, les samedis<br><br>\n<a target=\"_blank\" rel=\"nofollow noopener\" href=\"https:\/\/www.facebook.com\/S%C3%A9verine-praticienne-bien-%C3%AAtre-132559688263257\">\n\t\t<img src=\"https:\/\/polesantesaintdie.fr\/wp-content\/uploads\/2020\/12\/facebook.png\" width=\"30px\" \/>\n\t\t&nbsp;&nbsp;&nbsp;<span style=\"font-size:14px\">Retrouvez moi sur Facebook<\/span>\n\t<\/a>\n<\/p>\t\t\t\t\t<\/div>\n\t\t\t\t\t\t<\/div>\n\t\t\t\t<\/div>\n\t\t\t\t\t\t<\/div>\n\t\t\t\t\t<\/div>\n\t\t<\/div>\n\t\t\t\t\t\t\t\t<\/div>\n\t\t\t\t\t<\/div>\n\t\t<\/section>\n\t\t\t\t\t\t\t\t\t<\/div>\n\t\t\t<\/div>\n\t\t\t\t\t<\/div>\n\t\t","protected":false},"excerpt":{"rendered":"<p>Pr\u00e9sentation de notre praticienne bien-\u00eatre : S\u00e9verine COLIN Je m\u2019appelle S\u00e9verine COLIN, j\u2019interviens en tant que praticienne bien-\u00eatre au sein du p\u00f4le. J\u2019ai suivi un cursus de formation \u00e0 l\u2019\u00e9cole de plein-\u00eatre La Ziegelau sur des techniques de relaxation par le toucher et la d\u00e9tente musculaire, suite \u00e0 cela j\u2019ai obtenu ma certification en 2019. <\/p>\n<div class=\"read-more-text\"><a href=\"https:\/\/polesantesaintdie.fr\/?page_id=111\" class=\"readmore\">read more<\/a><\/div>\n","protected":false},"author":1,"featured_media":0,"parent":0,"menu_order":0,"comment_status":"closed","ping_status":"closed","template":"","meta":[],"yoast_head":"<!-- This site is optimized with the Yoast SEO plugin v15.8 - https:\/\/yoast.com\/wordpress\/plugins\/seo\/ -->\n<title>Praticienne bien-\u00eatre de Saint-Di\u00e9, COLIN S\u00c9VERINE<\/title>\n<meta name=\"description\" content=\"Je vous propose des massages \u00e0 but non th\u00e9rapeutique, ils vous aideront \u00e0 soulager vos tensions et vous permettront de retrouver bien-\u00eatre et s\u00e9r\u00e9nit\u00e9\u0301.\" \/>\n<meta name=\"robots\" content=\"index, follow, max-snippet:-1, max-image-preview:large, max-video-preview:-1\" \/>\n<link rel=\"canonical\" href=\"https:\/\/polesantesaintdie.fr\/?page_id=111\" \/>\n<meta property=\"og:locale\" content=\"fr_FR\" \/>\n<meta property=\"og:type\" content=\"article\" \/>\n<meta property=\"og:title\" content=\"Praticienne bien-\u00eatre de Saint-Di\u00e9, COLIN S\u00c9VERINE\" \/>\n<meta property=\"og:description\" content=\"Je vous propose des massages \u00e0 but non th\u00e9rapeutique, ils vous aideront \u00e0 soulager vos tensions et vous permettront de retrouver bien-\u00eatre et s\u00e9r\u00e9nit\u00e9\u0301.\" \/>\n<meta property=\"og:url\" content=\"https:\/\/polesantesaintdie.fr\/?page_id=111\" \/>\n<meta property=\"article:publisher\" content=\"https:\/\/www.facebook.com\/pages\/category\/Health-Beauty\/P%c3%b4le-sant%c3%a9-et-bien-%c3%aatre-Saint-Di%c3%a9-des-Vosges-101476071573629\/\" \/>\n<meta property=\"article:modified_time\" content=\"2021-01-07T21:15:18+00:00\" \/>\n<meta property=\"og:image\" content=\"https:\/\/polesantesaintdie.fr\/wp-content\/uploads\/2020\/11\/severine.jpg\" \/>\n<meta name=\"twitter:card\" content=\"summary_large_image\" \/>\n<meta name=\"twitter:label1\" content=\"Dur\u00e9e de lecture est.\">\n\t<meta name=\"twitter:data1\" content=\"1 minute\">\n<script type=\"application\/ld+json\" class=\"yoast-schema-graph\">{\"@context\":\"https:\/\/schema.org\",\"@graph\":[{\"@type\":\"Organization\",\"@id\":\"https:\/\/polesantesaintdie.fr\/#organization\",\"name\":\"Le p\\u00f4le Sant\\u00e9 & Bien-\\u00eatre de Saint-Di\\u00e9\",\"url\":\"https:\/\/polesantesaintdie.fr\/\",\"sameAs\":[\"https:\/\/www.facebook.com\/pages\/category\/Health-Beauty\/P\\u00f4le-sant\\u00e9-et-bien-\\u00eatre-Saint-Di\\u00e9-des-Vosges-101476071573629\/\"],\"logo\":{\"@type\":\"ImageObject\",\"@id\":\"https:\/\/polesantesaintdie.fr\/#logo\",\"inLanguage\":\"fr-FR\",\"url\":\"https:\/\/polesantesaintdie.fr\/wp-content\/uploads\/2020\/11\/logo-1.png\",\"width\":329,\"height\":218,\"caption\":\"Le p\\u00f4le Sant\\u00e9 & Bien-\\u00eatre de Saint-Di\\u00e9\"},\"image\":{\"@id\":\"https:\/\/polesantesaintdie.fr\/#logo\"}},{\"@type\":\"WebSite\",\"@id\":\"https:\/\/polesantesaintdie.fr\/#website\",\"url\":\"https:\/\/polesantesaintdie.fr\/\",\"name\":\"\",\"description\":\"Le p\\u00f4le Sant\\u00e9 &amp; Bien-\\u00eatre de Saint-Di\\u00e9\",\"publisher\":{\"@id\":\"https:\/\/polesantesaintdie.fr\/#organization\"},\"potentialAction\":[{\"@type\":\"SearchAction\",\"target\":\"https:\/\/polesantesaintdie.fr\/?s={search_term_string}\",\"query-input\":\"required name=search_term_string\"}],\"inLanguage\":\"fr-FR\"},{\"@type\":\"ImageObject\",\"@id\":\"https:\/\/polesantesaintdie.fr\/?page_id=111#primaryimage\",\"inLanguage\":\"fr-FR\",\"url\":\"https:\/\/polesantesaintdie.fr\/wp-content\/uploads\/2020\/11\/severine.jpg\",\"width\":300,\"height\":300},{\"@type\":\"WebPage\",\"@id\":\"https:\/\/polesantesaintdie.fr\/?page_id=111#webpage\",\"url\":\"https:\/\/polesantesaintdie.fr\/?page_id=111\",\"name\":\"Praticienne bien-\\u00eatre de Saint-Di\\u00e9, COLIN S\\u00c9VERINE\",\"isPartOf\":{\"@id\":\"https:\/\/polesantesaintdie.fr\/#website\"},\"primaryImageOfPage\":{\"@id\":\"https:\/\/polesantesaintdie.fr\/?page_id=111#primaryimage\"},\"datePublished\":\"2020-11-02T20:11:44+00:00\",\"dateModified\":\"2021-01-07T21:15:18+00:00\",\"description\":\"Je vous propose des massages \\u00e0 but non th\\u00e9rapeutique, ils vous aideront \\u00e0 soulager vos tensions et vous permettront de retrouver bien-\\u00eatre et s\\u00e9r\\u00e9nit\\u00e9\\u0301.\",\"breadcrumb\":{\"@id\":\"https:\/\/polesantesaintdie.fr\/?page_id=111#breadcrumb\"},\"inLanguage\":\"fr-FR\",\"potentialAction\":[{\"@type\":\"ReadAction\",\"target\":[\"https:\/\/polesantesaintdie.fr\/?page_id=111\"]}]},{\"@type\":\"BreadcrumbList\",\"@id\":\"https:\/\/polesantesaintdie.fr\/?page_id=111#breadcrumb\",\"itemListElement\":[{\"@type\":\"ListItem\",\"position\":1,\"item\":{\"@type\":\"WebPage\",\"@id\":\"https:\/\/polesantesaintdie.fr\/\",\"url\":\"https:\/\/polesantesaintdie.fr\/\",\"name\":\"Accueil\"}},{\"@type\":\"ListItem\",\"position\":2,\"item\":{\"@type\":\"WebPage\",\"@id\":\"https:\/\/polesantesaintdie.fr\/?page_id=111\",\"url\":\"https:\/\/polesantesaintdie.fr\/?page_id=111\",\"name\":\"COLIN S\\u00e9verine\"}}]}]}<\/script>\n<!-- \/ Yoast SEO plugin. -->","_links":{"self":[{"href":"https:\/\/polesantesaintdie.fr\/index.php?rest_route=\/wp\/v2\/pages\/111"}],"collection":[{"href":"https:\/\/polesantesaintdie.fr\/index.php?rest_route=\/wp\/v2\/pages"}],"about":[{"href":"https:\/\/polesantesaintdie.fr\/index.php?rest_route=\/wp\/v2\/types\/page"}],"author":[{"embeddable":true,"href":"https:\/\/polesantesaintdie.fr\/index.php?rest_route=\/wp\/v2\/users\/1"}],"replies":[{"embeddable":true,"href":"https:\/\/polesantesaintdie.fr\/index.php?rest_route=%2Fwp%2Fv2%2Fcomments&post=111"}],"version-history":[{"count":37,"href":"https:\/\/polesantesaintdie.fr\/index.php?rest_route=\/wp\/v2\/pages\/111\/revisions"}],"predecessor-version":[{"id":924,"href":"https:\/\/polesantesaintdie.fr\/index.php?rest_route=\/wp\/v2\/pages\/111\/revisions\/924"}],"wp:attachment":[{"href":"https:\/\/polesantesaintdie.fr\/index.php?rest_route=%2Fwp%2Fv2%2Fmedia&parent=111"}],"curies":[{"name":"wp","href":"https:\/\/api.w.org\/{rel}","templated":true}]}}