{"id":107,"date":"2020-11-02T21:10:25","date_gmt":"2020-11-02T20:10:25","guid":{"rendered":"https:\/\/polesantesaintdie.fr\/?page_id=107"},"modified":"2021-05-16T20:26:31","modified_gmt":"2021-05-16T18:26:31","slug":"osteobus","status":"publish","type":"page","link":"https:\/\/polesantesaintdie.fr\/?page_id=107","title":{"rendered":"Ost\u00e9obus"},"content":{"rendered":"\t\t<div data-elementor-type=\"wp-page\" data-elementor-id=\"107\" class=\"elementor elementor-107\">\n\t\t\t\t\t\t<div class=\"elementor-inner\">\n\t\t\t\t<div class=\"elementor-section-wrap\">\n\t\t\t\t\t\t\t\t\t<section class=\"elementor-section elementor-top-section elementor-element elementor-element-76dafa90 elementor-section-boxed elementor-section-height-default elementor-section-height-default\" data-id=\"76dafa90\" data-element_type=\"section\">\n\t\t\t\t\t\t<div class=\"elementor-container elementor-column-gap-default\">\n\t\t\t\t\t\t\t<div class=\"elementor-row\">\n\t\t\t\t\t<div class=\"elementor-column elementor-col-100 elementor-top-column elementor-element elementor-element-5984dd5f\" data-id=\"5984dd5f\" data-element_type=\"column\">\n\t\t\t<div class=\"elementor-column-wrap elementor-element-populated\">\n\t\t\t\t\t\t\t<div class=\"elementor-widget-wrap\">\n\t\t\t\t\t\t<section class=\"elementor-section elementor-inner-section elementor-element elementor-element-a9aa7a0 elementor-section-boxed elementor-section-height-default elementor-section-height-default\" data-id=\"a9aa7a0\" data-element_type=\"section\">\n\t\t\t\t\t\t<div class=\"elementor-container elementor-column-gap-default\">\n\t\t\t\t\t\t\t<div class=\"elementor-row\">\n\t\t\t\t\t<div class=\"elementor-column elementor-col-50 elementor-inner-column elementor-element elementor-element-4c1af34\" data-id=\"4c1af34\" data-element_type=\"column\">\n\t\t\t<div class=\"elementor-column-wrap elementor-element-populated\">\n\t\t\t\t\t\t\t<div class=\"elementor-widget-wrap\">\n\t\t\t\t\t\t<div class=\"elementor-element elementor-element-c710ab9 elementor-widget elementor-widget-image\" data-id=\"c710ab9\" data-element_type=\"widget\" data-widget_type=\"image.default\">\n\t\t\t\t<div class=\"elementor-widget-container\">\n\t\t\t\t\t\t\t\t<div class=\"elementor-image\">\n\t\t\t\t\t\t\t\t\t\t\t\t<img width=\"350\" height=\"467\" src=\"https:\/\/polesantesaintdie.fr\/wp-content\/uploads\/2020\/11\/osteobus2.jpg\" class=\"attachment-large size-large wp-image-500\" alt=\"\" loading=\"lazy\" srcset=\"https:\/\/polesantesaintdie.fr\/wp-content\/uploads\/2020\/11\/osteobus2.jpg 350w, https:\/\/polesantesaintdie.fr\/wp-content\/uploads\/2020\/11\/osteobus2-225x300.jpg 225w\" sizes=\"(max-width: 350px) 100vw, 350px\" \/>\t\t\t\t\t\t\t\t\t\t\t\t\t\t<\/div>\n\t\t\t\t\t\t<\/div>\n\t\t\t\t<\/div>\n\t\t\t\t\t\t<\/div>\n\t\t\t\t\t<\/div>\n\t\t<\/div>\n\t\t\t\t<div class=\"elementor-column elementor-col-50 elementor-inner-column elementor-element elementor-element-41087b8\" data-id=\"41087b8\" data-element_type=\"column\">\n\t\t\t<div class=\"elementor-column-wrap elementor-element-populated\">\n\t\t\t\t\t\t\t<div class=\"elementor-widget-wrap\">\n\t\t\t\t\t\t<div class=\"elementor-element elementor-element-6dbf37b elementor-widget elementor-widget-text-editor\" data-id=\"6dbf37b\" data-element_type=\"widget\" data-widget_type=\"text-editor.default\">\n\t\t\t\t<div class=\"elementor-widget-container\">\n\t\t\t\t\t\t\t\t<div class=\"elementor-text-editor elementor-clearfix\">\n\t\t\t\t<p><span style=\"font-weight: bolder;\">OSTEOBUS<\/span>\u00a0est un service mobile de consultation d\u2019ost\u00e9opathie dans un camion am\u00e9nag\u00e9.<\/p>\n<p>Le camion est tout confort, chauff\u00e9, \u00e9quip\u00e9 d\u2019une table\u2026 comme dans un cabinet.<\/p>\n<p>La confidentialit\u00e9 est assur\u00e9e.<\/p>\n<p>Le but est d\u2019apporter une meilleure accessibilit\u00e9 aux soins.<\/p>\n<p>Le tarif de la consultation est de 60 euros, r\u00e8glement soit par ch\u00e8que ou esp\u00e8ces.<\/p>\t\t\t\t\t<\/div>\n\t\t\t\t\t\t<\/div>\n\t\t\t\t<\/div>\n\t\t\t\t\t\t<\/div>\n\t\t\t\t\t<\/div>\n\t\t<\/div>\n\t\t\t\t\t\t\t\t<\/div>\n\t\t\t\t\t<\/div>\n\t\t<\/section>\n\t\t\t\t<div class=\"elementor-element elementor-element-fea958b elementor-widget elementor-widget-text-editor\" data-id=\"fea958b\" data-element_type=\"widget\" data-widget_type=\"text-editor.default\">\n\t\t\t\t<div class=\"elementor-widget-container\">\n\t\t\t\t\t\t\t\t<div class=\"elementor-text-editor elementor-clearfix\">\n\t\t\t\t<p>\u00a0<\/p>\n<p>\u00a0<\/p>\t\t\t\t\t<\/div>\n\t\t\t\t\t\t<\/div>\n\t\t\t\t<\/div>\n\t\t\t\t<section class=\"elementor-section elementor-inner-section elementor-element elementor-element-09312f8 elementor-section-boxed elementor-section-height-default elementor-section-height-default\" data-id=\"09312f8\" data-element_type=\"section\">\n\t\t\t\t\t\t<div class=\"elementor-container elementor-column-gap-default\">\n\t\t\t\t\t\t\t<div class=\"elementor-row\">\n\t\t\t\t\t<div class=\"elementor-column elementor-col-50 elementor-inner-column elementor-element elementor-element-378c933\" data-id=\"378c933\" data-element_type=\"column\">\n\t\t\t<div class=\"elementor-column-wrap elementor-element-populated\">\n\t\t\t\t\t\t\t<div class=\"elementor-widget-wrap\">\n\t\t\t\t\t\t<div class=\"elementor-element elementor-element-76af144 elementor-widget elementor-widget-text-editor\" data-id=\"76af144\" data-element_type=\"widget\" data-widget_type=\"text-editor.default\">\n\t\t\t\t<div class=\"elementor-widget-container\">\n\t\t\t\t\t\t\t\t<div class=\"elementor-text-editor elementor-clearfix\">\n\t\t\t\t<p>Allison TARISIEN consulte sur :<br \/><br \/>\u00a0\u00a0\u00a0&#8211; Saint-Beno\u00eet la Chipotte, le lundi matin<\/p><p>\u00a0 \u00a0&#8211; Plainfaing, le 1er lundi matin du mois<\/p><p>\u00a0\u00a0\u00a0&#8211; Mortagne, le mardi matin<br \/><br \/>\u00a0\u00a0\u00a0&#8211; Gerb\u00e9pal ou Brouvellieures , le mardi apr\u00e8s-midi<br \/><br \/>\u00a0\u00a0\u00a0&#8211; Celles sur Plaine, le vendredi apr\u00e8s-midi<br \/><br \/><br \/>Adrien SPECTY consulte sur :<br \/><br \/>\u00a0\u00a0\u00a0&#8211; Sainte-Marie-aux-Mines, le mercredi matin<\/p><p>\u00a0 \u00a0&#8211; La Croix-aux-Mines, le 1er mercredi matin du mois<br \/><br \/>Pour prendre rendez-vous ou si vous d\u00e9sirez simplement un conseil ou un renseignement, vous pouvez nous contacter :<br \/><br \/><\/p><p style=\"border: #c1c1c1 1px solid; text-align: center; font-size: 30px; margin-bottom: 2px;\">Contacts<\/p><p style=\"border: #c1c1c1 1px solid; text-align: center; font-size: 16px; padding: 20px;\">10 rue Le Corbusier &#8211; 88100 Saint-Di\u00e9-des-Vosges<br \/>T\u00e9l. : <strong>07.66.02.09.66<\/strong> \/ Email : <strong>osteobus@hotmail.com <\/strong><br \/><br \/><br \/><a href=\"https:\/\/www.doctolib.fr\/cabinet-paramedical\/saint-benoit-la-chipotte\/adrien-specty-co\" target=\"_blank\" rel=\"nofollow noopener\"><br \/><img src=\"https:\/\/polesantesaintdie.fr\/wp-content\/uploads\/2020\/12\/doctolib.png\" width=\"30px\" \/><br \/>\u00a0\u00a0\u00a0<span style=\"font-size: 14px;\">Prendre un rendez-vous sur Doctolib<\/span><br \/><\/a><br \/><br \/><br \/><a href=\"https:\/\/www.facebook.com\/Ost%C3%A9obus-632400310527069\" target=\"_blank\" rel=\"nofollow noopener\"><br \/><img src=\"https:\/\/polesantesaintdie.fr\/wp-content\/uploads\/2020\/12\/facebook.png\" width=\"30px\" \/><br \/>\u00a0\u00a0\u00a0<span style=\"font-size: 14px;\">Ost\u00e9obus sur Facebook<\/span><br \/><\/a><\/p>\t\t\t\t\t<\/div>\n\t\t\t\t\t\t<\/div>\n\t\t\t\t<\/div>\n\t\t\t\t\t\t<\/div>\n\t\t\t\t\t<\/div>\n\t\t<\/div>\n\t\t\t\t<div class=\"elementor-column elementor-col-50 elementor-inner-column elementor-element elementor-element-65e85eb\" data-id=\"65e85eb\" data-element_type=\"column\">\n\t\t\t<div class=\"elementor-column-wrap elementor-element-populated\">\n\t\t\t\t\t\t\t<div class=\"elementor-widget-wrap\">\n\t\t\t\t\t\t<div class=\"elementor-element elementor-element-0b917c3 elementor-widget elementor-widget-image\" data-id=\"0b917c3\" data-element_type=\"widget\" data-widget_type=\"image.default\">\n\t\t\t\t<div class=\"elementor-widget-container\">\n\t\t\t\t\t\t\t\t<div class=\"elementor-image\">\n\t\t\t\t\t\t\t\t\t\t\t\t<img width=\"640\" height=\"853\" src=\"https:\/\/polesantesaintdie.fr\/wp-content\/uploads\/2020\/11\/osteobus3.jpg\" class=\"attachment-large size-large wp-image-501\" alt=\"\" loading=\"lazy\" srcset=\"https:\/\/polesantesaintdie.fr\/wp-content\/uploads\/2020\/11\/osteobus3.jpg 700w, https:\/\/polesantesaintdie.fr\/wp-content\/uploads\/2020\/11\/osteobus3-225x300.jpg 225w\" sizes=\"(max-width: 640px) 100vw, 640px\" \/>\t\t\t\t\t\t\t\t\t\t\t\t\t\t<\/div>\n\t\t\t\t\t\t<\/div>\n\t\t\t\t<\/div>\n\t\t\t\t\t\t<\/div>\n\t\t\t\t\t<\/div>\n\t\t<\/div>\n\t\t\t\t\t\t\t\t<\/div>\n\t\t\t\t\t<\/div>\n\t\t<\/section>\n\t\t\t\t<div class=\"elementor-element elementor-element-65da0ba7 elementor-widget elementor-widget-text-editor\" data-id=\"65da0ba7\" data-element_type=\"widget\" data-widget_type=\"text-editor.default\">\n\t\t\t\t<div class=\"elementor-widget-container\">\n\t\t\t\t\t\t\t\t<div class=\"elementor-text-editor elementor-clearfix\">\n\t\t\t\t\t\t\t\t\t<\/div>\n\t\t\t\t\t\t<\/div>\n\t\t\t\t<\/div>\n\t\t\t\t\t\t<\/div>\n\t\t\t\t\t<\/div>\n\t\t<\/div>\n\t\t\t\t\t\t\t\t<\/div>\n\t\t\t\t\t<\/div>\n\t\t<\/section>\n\t\t\t\t\t\t\t\t\t<\/div>\n\t\t\t<\/div>\n\t\t\t\t\t<\/div>\n\t\t","protected":false},"excerpt":{"rendered":"<p>OSTEOBUS\u00a0est un service mobile de consultation d\u2019ost\u00e9opathie dans un camion am\u00e9nag\u00e9. Le camion est tout confort, chauff\u00e9, \u00e9quip\u00e9 d\u2019une table\u2026 comme dans un cabinet. La confidentialit\u00e9 est assur\u00e9e. Le but est d\u2019apporter une meilleure accessibilit\u00e9 aux soins. Le tarif de la consultation est de 60 euros, r\u00e8glement soit par ch\u00e8que ou esp\u00e8ces. \u00a0 \u00a0 Allison <\/p>\n<div class=\"read-more-text\"><a href=\"https:\/\/polesantesaintdie.fr\/?page_id=107\" class=\"readmore\">read more<\/a><\/div>\n","protected":false},"author":1,"featured_media":0,"parent":0,"menu_order":0,"comment_status":"closed","ping_status":"closed","template":"","meta":[],"yoast_head":"<!-- This site is optimized with the Yoast SEO plugin v15.8 - https:\/\/yoast.com\/wordpress\/plugins\/seo\/ -->\n<title>OST\u00c9OBUS sur Saint-Di\u00e9 et ces alentours !<\/title>\n<meta name=\"description\" content=\"OSTEOBUS est un service mobile de consultation d\u2019ost\u00e9opathie dans un camion am\u00e9nag\u00e9.\" \/>\n<meta name=\"robots\" content=\"index, follow, max-snippet:-1, max-image-preview:large, max-video-preview:-1\" \/>\n<link rel=\"canonical\" href=\"https:\/\/polesantesaintdie.fr\/?page_id=107\" \/>\n<meta property=\"og:locale\" content=\"fr_FR\" \/>\n<meta property=\"og:type\" content=\"article\" \/>\n<meta property=\"og:title\" content=\"OST\u00c9OBUS sur Saint-Di\u00e9 et ces alentours !\" \/>\n<meta property=\"og:description\" content=\"OSTEOBUS est un service mobile de consultation d\u2019ost\u00e9opathie dans un camion am\u00e9nag\u00e9.\" \/>\n<meta property=\"og:url\" content=\"https:\/\/polesantesaintdie.fr\/?page_id=107\" \/>\n<meta property=\"article:publisher\" content=\"https:\/\/www.facebook.com\/pages\/category\/Health-Beauty\/P%c3%b4le-sant%c3%a9-et-bien-%c3%aatre-Saint-Di%c3%a9-des-Vosges-101476071573629\/\" \/>\n<meta property=\"article:modified_time\" content=\"2021-05-16T18:26:31+00:00\" \/>\n<meta property=\"og:image\" content=\"https:\/\/polesantesaintdie.fr\/wp-content\/uploads\/2020\/11\/osteobus2.jpg\" \/>\n<meta name=\"twitter:card\" content=\"summary_large_image\" \/>\n<meta name=\"twitter:label1\" content=\"Dur\u00e9e de lecture est.\">\n\t<meta name=\"twitter:data1\" content=\"2 minutes\">\n<script type=\"application\/ld+json\" class=\"yoast-schema-graph\">{\"@context\":\"https:\/\/schema.org\",\"@graph\":[{\"@type\":\"Organization\",\"@id\":\"https:\/\/polesantesaintdie.fr\/#organization\",\"name\":\"Le p\\u00f4le Sant\\u00e9 & Bien-\\u00eatre de Saint-Di\\u00e9\",\"url\":\"https:\/\/polesantesaintdie.fr\/\",\"sameAs\":[\"https:\/\/www.facebook.com\/pages\/category\/Health-Beauty\/P\\u00f4le-sant\\u00e9-et-bien-\\u00eatre-Saint-Di\\u00e9-des-Vosges-101476071573629\/\"],\"logo\":{\"@type\":\"ImageObject\",\"@id\":\"https:\/\/polesantesaintdie.fr\/#logo\",\"inLanguage\":\"fr-FR\",\"url\":\"https:\/\/polesantesaintdie.fr\/wp-content\/uploads\/2020\/11\/logo-1.png\",\"width\":329,\"height\":218,\"caption\":\"Le p\\u00f4le Sant\\u00e9 & Bien-\\u00eatre de Saint-Di\\u00e9\"},\"image\":{\"@id\":\"https:\/\/polesantesaintdie.fr\/#logo\"}},{\"@type\":\"WebSite\",\"@id\":\"https:\/\/polesantesaintdie.fr\/#website\",\"url\":\"https:\/\/polesantesaintdie.fr\/\",\"name\":\"\",\"description\":\"Le p\\u00f4le Sant\\u00e9 &amp; Bien-\\u00eatre de Saint-Di\\u00e9\",\"publisher\":{\"@id\":\"https:\/\/polesantesaintdie.fr\/#organization\"},\"potentialAction\":[{\"@type\":\"SearchAction\",\"target\":\"https:\/\/polesantesaintdie.fr\/?s={search_term_string}\",\"query-input\":\"required name=search_term_string\"}],\"inLanguage\":\"fr-FR\"},{\"@type\":\"ImageObject\",\"@id\":\"https:\/\/polesantesaintdie.fr\/?page_id=107#primaryimage\",\"inLanguage\":\"fr-FR\",\"url\":\"https:\/\/polesantesaintdie.fr\/wp-content\/uploads\/2020\/11\/osteobus2.jpg\",\"width\":350,\"height\":467},{\"@type\":\"WebPage\",\"@id\":\"https:\/\/polesantesaintdie.fr\/?page_id=107#webpage\",\"url\":\"https:\/\/polesantesaintdie.fr\/?page_id=107\",\"name\":\"OST\\u00c9OBUS sur Saint-Di\\u00e9 et ces alentours !\",\"isPartOf\":{\"@id\":\"https:\/\/polesantesaintdie.fr\/#website\"},\"primaryImageOfPage\":{\"@id\":\"https:\/\/polesantesaintdie.fr\/?page_id=107#primaryimage\"},\"datePublished\":\"2020-11-02T20:10:25+00:00\",\"dateModified\":\"2021-05-16T18:26:31+00:00\",\"description\":\"OSTEOBUS est un service mobile de consultation d\\u2019ost\\u00e9opathie dans un camion am\\u00e9nag\\u00e9.\",\"breadcrumb\":{\"@id\":\"https:\/\/polesantesaintdie.fr\/?page_id=107#breadcrumb\"},\"inLanguage\":\"fr-FR\",\"potentialAction\":[{\"@type\":\"ReadAction\",\"target\":[\"https:\/\/polesantesaintdie.fr\/?page_id=107\"]}]},{\"@type\":\"BreadcrumbList\",\"@id\":\"https:\/\/polesantesaintdie.fr\/?page_id=107#breadcrumb\",\"itemListElement\":[{\"@type\":\"ListItem\",\"position\":1,\"item\":{\"@type\":\"WebPage\",\"@id\":\"https:\/\/polesantesaintdie.fr\/\",\"url\":\"https:\/\/polesantesaintdie.fr\/\",\"name\":\"Accueil\"}},{\"@type\":\"ListItem\",\"position\":2,\"item\":{\"@type\":\"WebPage\",\"@id\":\"https:\/\/polesantesaintdie.fr\/?page_id=107\",\"url\":\"https:\/\/polesantesaintdie.fr\/?page_id=107\",\"name\":\"Ost\\u00e9obus\"}}]}]}<\/script>\n<!-- \/ Yoast SEO plugin. -->","_links":{"self":[{"href":"https:\/\/polesantesaintdie.fr\/index.php?rest_route=\/wp\/v2\/pages\/107"}],"collection":[{"href":"https:\/\/polesantesaintdie.fr\/index.php?rest_route=\/wp\/v2\/pages"}],"about":[{"href":"https:\/\/polesantesaintdie.fr\/index.php?rest_route=\/wp\/v2\/types\/page"}],"author":[{"embeddable":true,"href":"https:\/\/polesantesaintdie.fr\/index.php?rest_route=\/wp\/v2\/users\/1"}],"replies":[{"embeddable":true,"href":"https:\/\/polesantesaintdie.fr\/index.php?rest_route=%2Fwp%2Fv2%2Fcomments&post=107"}],"version-history":[{"count":61,"href":"https:\/\/polesantesaintdie.fr\/index.php?rest_route=\/wp\/v2\/pages\/107\/revisions"}],"predecessor-version":[{"id":1142,"href":"https:\/\/polesantesaintdie.fr\/index.php?rest_route=\/wp\/v2\/pages\/107\/revisions\/1142"}],"wp:attachment":[{"href":"https:\/\/polesantesaintdie.fr\/index.php?rest_route=%2Fwp%2Fv2%2Fmedia&parent=107"}],"curies":[{"name":"wp","href":"https:\/\/api.w.org\/{rel}","templated":true}]}}